{"id":1104,"date":"2018-05-22T12:15:27","date_gmt":"2018-05-22T12:15:27","guid":{"rendered":"http:\/\/stadtmuseum-kl.de\/?page_id=1104"},"modified":"2019-08-30T18:51:59","modified_gmt":"2019-08-30T18:51:59","slug":"datenschutz","status":"publish","type":"page","link":"https:\/\/stadtmuseum-kl.de\/?page_id=1104","title":{"rendered":"Datenschutz"},"content":{"rendered":"<p><strong>Datenschutzerkl\u00e4rung<\/strong><\/p>\n<p><strong>I. Name und Anschrift des Verantwortlichen<\/strong><br \/>\nDer Verantwortliche im Sinne der Datenschutz-Grundverordnung (EU-DSGVO) und anderer nationaler Datenschutzgesetze der Mitgliedsstaaten sowie sonstiger datenschutzrechtlicher Bestimmungen ist:<\/p>\n<p>F\u00f6rderkreis Stadtmuseum Kaiserslautern<br \/>\n1. Vorsitzender: Michael Staudt M.A. M.A.<br \/>\nW\u00f6rthstra\u00dfe 3, 67659 Kaiserslautern<br \/>\n0631\/3625810 (dienstlich), 0631\/3702773 (privat)<br \/>\nE-Mail: foerderkreis@stadtmuseum-kl.de<br \/>\nWebsite: www.stadtmuseum-kl.de<\/p>\n<p><strong>II. Allgemeines zur Datenverarbeitung<\/strong><\/p>\n<p><strong>1. Umfang der Verarbeitung personenbezogener Daten<\/strong><br \/>\nWir verarbeiten personenbezogene Daten unserer Nutzer grunds\u00e4tzlich nur, soweit dies zur Bereitstellung einer funktionsf\u00e4higen Website sowie unserer Inhalte und Leistungen erforderlich ist. Die Verarbeitung personenbezogener Daten unserer Nutzer erfolgt regelm\u00e4\u00dfig nur nach Einwilligung des Nutzers. Eine Ausnahme gilt in solchen F\u00e4llen, in denen eine vorherige Einholung einer Einwilligung aus tats\u00e4chlichen Gr\u00fcnden nicht m\u00f6glich ist und die Verarbeitung der Daten durch gesetzliche Vorschriften gestattet ist.<\/p>\n<p><strong>2. Rechtsgrundlage f\u00fcr die Verarbeitung personenbezogener Daten<\/strong><br \/>\nSoweit wir f\u00fcr Verarbeitungsvorg\u00e4nge personenbezogener Daten eine Einwilligung der betroffenen Person einholen, dient Art. 6 Abs. 1 lit. a EU-Datenschutzgrundverordnung (DSGVO) als Rechtsgrundlage. Bei der Verarbeitung von personenbezogenen Daten, die zur Erf\u00fcllung eines Vertrages, dessen Vertragspartei die betroffene Person ist, erforderlich ist, dient Art. 6 Abs. 1 lit. b DSGVO als Rechtsgrundlage. Dies gilt auch f\u00fcr Verarbeitungsvorg\u00e4nge, die zur Durchf\u00fchrung vorvertraglicher Ma\u00dfnahmen erforderlich sind.<\/p>\n<p>Soweit eine Verarbeitung personenbezogener Daten zur Erf\u00fcllung einer rechtlichen Verpflichtung erforderlich ist, der unser Verein unterliegt, dient Art. 6 Abs. 1 lit. c DSGVO als Rechtsgrundlage.<\/p>\n<p>Ist die Verarbeitung zur Wahrung eines berechtigten Interesses unseres Vereins oder eines Dritten erforderlich und \u00fcberwiegen die Interessen, Grundrechte und Grundfreiheiten des Betroffenen das erstgenannte Interesse nicht, so dient Art. 6 Abs. 1 lit. f DSGVO als Rechtsgrundlage f\u00fcr die Verarbeitung.<\/p>\n<p><strong>3. Datenl\u00f6schung und Speicherdauer<\/strong><br \/>\nDie personenbezogenen Daten der betroffenen Person werden gel\u00f6scht oder gesperrt, sobald der Zweck der Speicherung entf\u00e4llt. Eine Speicherung kann dar\u00fcber hinaus erfolgen, wenn dies durch den europ\u00e4ischen oder nationalen Gesetzgeber in unionsrechtlichen Verordnungen, Gesetzen oder sonstigen Vorschriften, denen der Verantwortliche unterliegt, vorgesehen wurde. Eine Sperrung oder L\u00f6schung der Daten erfolgt auch dann, wenn eine durch die genannten Normen vorgeschriebene Speicherfrist abl\u00e4uft, es sei denn, dass eine Erforderlichkeit zur weiteren Speicherung der Daten f\u00fcr einen Vertragsabschluss oder eine Vertragserf\u00fcllung besteht.<\/p>\n<p><strong>III. Bereitstellung der Website und Erstellung von Logfiles<\/strong><\/p>\n<p><strong>1. Beschreibung und Umfang der Datenverarbeitung<\/strong><br \/>\nBei jedem Aufruf unserer Internetseite erfasst unser System automatisiert Daten und Informationen vom Computersystem des aufrufenden Rechners. Folgende Daten werden hierbei erhoben:<\/p>\n<ol>\n<li>Informationen \u00fcber den Browsertyp und die verwendete Version und das Betriebssystem des Nutzers<\/li>\n<li>Den Internet-Service-Provider des Nutzers<\/li>\n<li>Die IP-Adresse des Nutzers<\/li>\n<li>Datum und Uhrzeit des Zugriffs<\/li>\n<li>Websites, von denen das System des Nutzers auf unsere Internetseite gelangt<\/li>\n<li>Websites, die vom System des Nutzers \u00fcber unsere Website aufgerufen werden<\/li>\n<\/ol>\n<p>Die Logfiles enthalten IP-Adressen oder sonstige Daten, die eine Zuordnung zu einem Nutzer erm\u00f6glichen. Dies k\u00f6nnte beispielsweise der Fall sein, wenn der Link zur Website, von der der Nutzer auf die Internetseite gelangt, oder der Link zur Website, zu der der Nutzer wechselt, personenbezogene Daten enth\u00e4lt. Die Daten werden ebenfalls in den Logfiles unseres Systems gespeichert. Eine Speicherung dieser Daten zusammen mit anderen personenbezogenen Daten des Nutzers findet nicht statt.<\/p>\n<p><strong>2. Rechtsgrundlage f\u00fcr die Datenverarbeitung <\/strong><br \/>\nRechtsgrundlage f\u00fcr die vor\u00fcbergehende Speicherung der Daten und der Logfiles ist Art. 6 Abs. 1 lit. f DSGVO.<\/p>\n<p><strong>3. Zweck der Datenverarbeitung<\/strong><br \/>\nDie vor\u00fcbergehende Speicherung der IP-Adresse durch das System ist notwendig, um eine Auslieferung der Website an den Rechner des Nutzers zu erm\u00f6glichen. Hierf\u00fcr muss die IP-Adresse des Nutzers f\u00fcr die Dauer der Sitzung gespeichert bleiben. Die Speicherung in Logfiles erfolgt, um die Funktionsf\u00e4higkeit der Website sicherzustellen. Zudem dienen uns die Daten zur Optimierung der Website und zur Sicherstellung der Sicherheit unserer informationstechnischen Systeme. Eine Auswertung der Daten zu Marketingzwecken findet in diesem Zusammenhang nicht statt.<\/p>\n<p>In diesen Zwecken liegt auch unser berechtigtes Interesse an der Datenverarbeitung nach Art. 6 Abs. 1 lit. f DSGVO.<\/p>\n<p><strong>4. Dauer der Speicherung<\/strong><br \/>\nDie Daten werden gel\u00f6scht, sobald sie f\u00fcr die Erreichung des Zweckes ihrer Erhebung nicht mehr erforderlich sind. Im Falle der Erfassung der Daten zur Bereitstellung der Website ist dies der Fall, wenn die jeweilige Sitzung beendet ist.<\/p>\n<p>Im Falle der Speicherung der Daten in Logfiles ist dies nach sp\u00e4testens sieben Tagen der Fall. Eine dar\u00fcberhinausgehende Speicherung ist m\u00f6glich. In diesem Fall werden die IP-Adressen der Nutzer gel\u00f6scht oder verfremdet, sodass eine Zuordnung des aufrufenden Clients nicht mehr m\u00f6glich ist.<\/p>\n<p><strong>5. Widerspruchs- und Beseitigungsm\u00f6glichkeit<\/strong><br \/>\nDie Erfassung der Daten zur Bereitstellung der Website und die Speicherung der Daten in Logfiles ist f\u00fcr den Betrieb der Internetseite zwingend erforderlich. Es besteht folglich seitens des Nutzers keine Widerspruchsm\u00f6glichkeit.<\/p>\n<p><strong>IV. E-Mail-Kontakt<\/strong><\/p>\n<p><strong>1. Beschreibung und Umfang der Datenverarbeitung<\/strong><br \/>\nEs ist mit uns eine Kontaktaufnahme \u00fcber die bereitgestellten E-Mail-Adressen:<\/p>\n<ul>\n<li>info@stadtmuseum-kl.de<\/li>\n<li>foerderkreis@stadtmuseum-kl.de<\/li>\n<li>E-Mail-Adressen der Vorstandsmitglieder des F\u00f6rdervereins<\/li>\n<\/ul>\n<p>m\u00f6glich. In diesem Fall werden die mit der E-Mail \u00fcbermittelten personenbezogenen Daten des Nutzers gespeichert. Es erfolgt in diesem Zusammenhang keine Weitergabe der Daten an Dritte. Die Daten werden ausschlie\u00dflich f\u00fcr die Verarbeitung der Konversation verwendet.<\/p>\n<p>Bei einer E-Mail Kontaktaufnahme zu Adressen der Stadtverwaltung \u201e\u2026@kaiserslautern.de\u201c gelten die Datenschutzbestimmungen der Stadt Kaiserslautern (https:\/\/www.kaiserslautern.de\/service\/datenschutzerklaerung\/index.html.de)<\/p>\n<p><strong>2. Rechtsgrundlage f\u00fcr die Datenverarbeitung <\/strong><br \/>\nRechtsgrundlage f\u00fcr die Verarbeitung der Daten, die im Zuge einer \u00dcbersendung einer E-Mail \u00fcbermittelt werden, ist Art. 6 Abs. 1 lit. f DSGVO. Zielt der E-Mail-Kontakt auf den Abschluss eines Vertrages ab, so ist zus\u00e4tzliche Rechtsgrundlage f\u00fcr die Verarbeitung Art. 6 Abs. 1 lit. b DSGVO.<\/p>\n<p><strong>3. Zweck der Datenverarbeitung<\/strong><br \/>\nIm Falle einer Kontaktaufnahme per E-Mail liegt hieran auch das erforderliche berechtigte Interesse an der Verarbeitung der Daten.<br \/>\n<strong>4. Dauer der Speicherung<\/strong><br \/>\nDie Daten werden gel\u00f6scht, sobald sie f\u00fcr die Erreichung des Zweckes ihrer Erhebung nicht mehr erforderlich sind. F\u00fcr die personenbezogenen Daten die per E-Mail \u00fcbersandt wurden, ist dies dann der Fall, wenn die jeweilige Konversation mit dem Nutzer beendet ist. Beendet ist die Konversation dann, wenn sich aus den Umst\u00e4nden entnehmen l\u00e4sst, dass der betroffene Sachverhalt abschlie\u00dfend gekl\u00e4rt ist.<\/p>\n<p><strong>5. Widerspruchs- und Beseitigungsm\u00f6glichkeit<\/strong><br \/>\nDer Nutzer hat jederzeit die M\u00f6glichkeit, seine Einwilligung zur Verarbeitung der personenbezogenen Daten zu widerrufen. Nimmt der Nutzer per E-Mail Kontakt mit uns auf, so kann er der Speicherung seiner personenbezogenen Daten jederzeit widersprechen. In einem solchen Fall kann die Konversation nicht fortgef\u00fchrt werden. Alle personenbezogenen Daten, die im Zuge der Kontaktaufnahme gespeichert wurden, werden in diesem Fall gel\u00f6scht.<\/p>\n<p><strong>V. Rechte der betroffenen Person<\/strong><br \/>\nWerden personenbezogene Daten von Ihnen verarbeitet, sind Sie Betroffener i.S.d. DSGVO und es stehen Ihnen Rechte gegen\u00fcber dem Verantwortlichen zu. Sie haben das Recht auf:<\/p>\n<ul>\n<li>Auskunft<\/li>\n<li>Berichtigung<\/li>\n<li>Sperrung<\/li>\n<li>L\u00f6schung<\/li>\n<li>Widerspruch<\/li>\n<li>Widerruf<\/li>\n<li>\u00dcbertragung<\/li>\n<li>Beschwerde<\/li>\n<\/ul>\n<p>Sie haben jederzeit das Recht, Auskunft dar\u00fcber zu erhalten, welche Daten \u00fcber Sie bei uns gespeichert sind und zu welchem Zweck die Speicherung erfolgt ist. Ferner k\u00f6nnen Sie der Datenverarbeitung widersprechen und Ihre Daten durch uns auf jemand anderen \u00fcbertragen lassen. Desweiteren sind Sie berechtigt, unrichtige Daten korrigieren und Daten sperren oder l\u00f6schen zu lassen, soweit die Speicherung unzul\u00e4ssig oder nicht mehr erforderlich ist.<br \/>\nSie haben auch das Recht, erteilte Einwilligungen mit Wirkung f\u00fcr die Zukunft zu widerrufen. Ihr jeweiliges rechtliche Anliegen k\u00f6nnen Sie an die in Ziff. 1 genannte verantwortliche Person richten.<\/p>\n<p>Sie haben au\u00dferdem grunds\u00e4tzlich das Recht, sich bei einer Datenschutzaufsichtsbeh\u00f6rde zu beschweren, wenn Sie der Ansicht sind, dass die Verarbeitung der Sie betreffenden personenbezogenen Daten gegen die DSGVO verst\u00f6\u00dft.<\/p>\n<p><strong>VI. Auftragsverarbeitung durch die Firma Strato<\/strong><br \/>\nDie Website www.stadtmuseum.de wird vom Internet-Service-Provider Strato gehostet. Mit der Firma STRATO AG, Pascalstra\u00dfe 10, 10587 Berlin wurde ein Auftragsverarbeitungsvertrag (AVV) geschlossen.<\/p>\n<ul>\n<li>Welche Daten verarbeitet STRATO, wenn jemand meine Website besucht?<\/li>\n<li>Welche T\u00dcV-Zertifizierungen hat die STRATO AG?<\/li>\n<li>Wie stellt STRATO sicher, dass von STRATO verarbeitete Daten vor unbefugtem Zugriff Dritter gesch\u00fctzt sind?<\/li>\n<li>Wie sicher sind die STRATO Rechenzentren und wo liegen die Daten?<\/li>\n<\/ul>\n<p>Diese und weitere Informationen dazu finden Sie unter <a href=\"https:\/\/www.strato.de\/faq\/article\/2763\/Fragen-zur-Auftragsverarbeitungsvertrag-AVV-und-der-neuen-EU-Datenschutzgrundverordnung-DSGVO.html\" rel=\"noopener noreferrer\" target=\"_blank\">https:\/\/www.strato.de\/faq\/article\/2763\/Fragen-zur-Auftragsverarbeitungsvertrag-AVV-und-der-neuen-EU-Datenschutzgrundverordnung-DSGVO.html<\/a><\/p>\n","protected":false},"excerpt":{"rendered":"<p>Datenschutzerkl\u00e4rung I. Name und Anschrift des Verantwortlichen Der Verantwortliche im Sinne der Datenschutz-Grundverordnung (EU-DSGVO) und anderer nationaler Datenschutzgesetze der Mitgliedsstaaten sowie sonstiger datenschutzrechtlicher Bestimmungen ist: F\u00f6rderkreis Stadtmuseum Kaiserslautern 1. Vorsitzender: Michael Staudt M.A. M.A. W\u00f6rthstra\u00dfe 3, 67659 Kaiserslautern 0631\/3625810 (dienstlich), 0631\/3702773 (privat) E-Mail: foerderkreis@stadtmuseum-kl.de Website: www.stadtmuseum-kl.de II. Allgemeines zur Datenverarbeitung\u2026<\/p>\n<p> <a class=\"continue-reading-link\" href=\"https:\/\/stadtmuseum-kl.de\/?page_id=1104\"><span>mehr &#8230;<\/span><i class=\"crycon-right-dir\"><\/i><\/a> <\/p>\n","protected":false},"author":1,"featured_media":0,"parent":0,"menu_order":8,"comment_status":"closed","ping_status":"closed","template":"","meta":[],"_links":{"self":[{"href":"https:\/\/stadtmuseum-kl.de\/index.php?rest_route=\/wp\/v2\/pages\/1104"}],"collection":[{"href":"https:\/\/stadtmuseum-kl.de\/index.php?rest_route=\/wp\/v2\/pages"}],"about":[{"href":"https:\/\/stadtmuseum-kl.de\/index.php?rest_route=\/wp\/v2\/types\/page"}],"author":[{"embeddable":true,"href":"https:\/\/stadtmuseum-kl.de\/index.php?rest_route=\/wp\/v2\/users\/1"}],"replies":[{"embeddable":true,"href":"https:\/\/stadtmuseum-kl.de\/index.php?rest_route=%2Fwp%2Fv2%2Fcomments&post=1104"}],"version-history":[{"count":6,"href":"https:\/\/stadtmuseum-kl.de\/index.php?rest_route=\/wp\/v2\/pages\/1104\/revisions"}],"predecessor-version":[{"id":1242,"href":"https:\/\/stadtmuseum-kl.de\/index.php?rest_route=\/wp\/v2\/pages\/1104\/revisions\/1242"}],"wp:attachment":[{"href":"https:\/\/stadtmuseum-kl.de\/index.php?rest_route=%2Fwp%2Fv2%2Fmedia&parent=1104"}],"curies":[{"name":"wp","href":"https:\/\/api.w.org\/{rel}","templated":true}]}}