{"id":12,"date":"2015-11-02T16:26:50","date_gmt":"2015-11-02T16:26:50","guid":{"rendered":"http:\/\/stadtmuseum-kl.de\/?page_id=12"},"modified":"2026-04-01T18:51:04","modified_gmt":"2026-04-01T18:51:04","slug":"aktuelles","status":"publish","type":"page","link":"https:\/\/stadtmuseum-kl.de\/?page_id=12","title":{"rendered":"Aktuelles"},"content":{"rendered":"\n<h3>Kaiserslautern \u2013 Gestern &amp; Heute &#8211; Mit Fototafeln Stadtgeschichte im direkten Vergleich erleben<\/h3>\n\n\n\n<figure class=\"wp-block-image size-full\"><a href=\"https:\/\/stadtmuseum-kl.de\/wp-content\/uploads\/2026\/04\/KL-gestern-und-heute.jpg\"><img decoding=\"async\" loading=\"lazy\" width=\"688\" height=\"516\" src=\"https:\/\/stadtmuseum-kl.de\/wp-content\/uploads\/2026\/04\/KL-gestern-und-heute.jpg\" alt=\"\" class=\"wp-image-2695\" srcset=\"https:\/\/stadtmuseum-kl.de\/wp-content\/uploads\/2026\/04\/KL-gestern-und-heute.jpg 688w, https:\/\/stadtmuseum-kl.de\/wp-content\/uploads\/2026\/04\/KL-gestern-und-heute-300x225.jpg 300w, https:\/\/stadtmuseum-kl.de\/wp-content\/uploads\/2026\/04\/KL-gestern-und-heute-150x113.jpg 150w\" sizes=\"(max-width: 688px) 100vw, 688px\" \/><\/a><figcaption class=\"wp-element-caption\">Fototafel am Standort Stiftsplatz: Marktszene, 1903<\/figcaption><\/figure>\n\n\n\n<p>Durch die direkte und spannende Gegen\u00fcberstellung von Stadtszenen von Gestern mit der heutigen Wirklichkeit, werden gro\u00dfe Ver\u00e4nderungen sichtbar und es entsteht ein Diskurs \u00fcber die st\u00e4dtebauliche und bauhistorische Entwicklung unserer Stadt. Der Reiz der gro\u00dfen Fototafeln besteht darin, dass die Fotow\u00e4nde aus dem Blickwinkel heraus platziert werden, aus dem sie einst aufgenommen worden sind.<\/p>\n\n\n\n<p>Wir danken herzlich der Firma G\u00f6tz Werbung f\u00fcr die engagierte Umsetzung und Unterst\u00fctzung<\/p>\n\n\n\n<p>Eine gemeinsame Aktion des F\u00f6rderkreises des Stadtmuseums e.V., des Stadtmuseums und der Volkshochschule Kaiserslautern im Rahmen der 750 Jahr Feierlichkeiten (M\u00e4rz \u2013 Oktober 2026)<\/p>\n\n\n\n<p>Der vollst\u00e4ndige Text mit ausf\u00fchrlichen Hintergrundinformationen und allen Standorten steht als PDF-Dokument zur Verf\u00fcgung.<\/p>\n\n\n\n<p><a href=\"https:\/\/stadtmuseum-kl.de\/wp-content\/uploads\/2026\/04\/Kaiserslautern_gestern_und_heute.pdf\" target=\"_blank\" rel=\"noreferrer noopener\">zu den Hintergrundinformationen<\/a><\/p>\n\n\n<div style=\"background: #ffffff; width: 99%; text-align: left; margin: 10px; height: auto;\">\n<div style=\"background: #ffffff; font-family: bookman old style; width: 48%; height: 100%; float: left;\">\n<p><img decoding=\"async\" loading=\"lazy\" src=\"https:\/\/stadtmuseum-kl.de\/wp-content\/uploads\/2015\/11\/aktuelles01.jpg\" alt=\"\" width=\"250\" height=\"120\"><\/p>\n<p><strong><a class=\"farbe\" href=\"https:\/\/stadtmuseum-kl.de\/?page_id=15\">Sonderausstellungen<\/a><br><\/strong><\/p>\n<p>Sowohl im Theodor-Zink-Museum als auch im Wadgasserhof finden regelm\u00e4\u00dfig Sonderausstellungen statt. Wechselnde Ausstellungen zur Kunst- und Kulturgeschichte greifen aktuelle Themen auf und pr\u00e4sentieren die Sammlungsbest\u00e4nde immer wieder in neuem Licht.<br><a class=\"farbe\" href=\"https:\/\/stadtmuseum-kl.de\/?page_id=15\">zu den aktuellen Sonderausstellungen<\/a><\/p>\n<\/div>\n<div style=\"background: #ffffff; font-family: bookman old style; width: 48%; height: 100%; float: right;\">\n<p><img decoding=\"async\" loading=\"lazy\" src=\"https:\/\/stadtmuseum-kl.de\/wp-content\/uploads\/2015\/11\/veranstaltung1.jpg\" alt=\"\" width=\"250\" height=\"113\"><br><span class=\"klein\">Bildnachweis: \u00a9 Thomas Brenner<\/span><br><strong><a class=\"farbe\" href=\"https:\/\/stadtmuseum-kl.de\/?page_id=17\">Veranstaltungen<\/a><br><\/strong><\/p>\n<p>Das Museum bietet seinen Besuchern ein umfangreiches Veranstaltungsprogramm f\u00fcr alle Altersgruppen und bietet F\u00fchrungen zu Themen der Stadtgeschichte, der Kulturgeschichte und der angewandten Kunst an.<\/p>\n<p><a class=\"farbe\" href=\"https:\/\/stadtmuseum-kl.de\/?page_id=17\">zur Veranstaltungs\u00fcbersicht<\/a><\/p>\n<\/div>\n<\/div>\n<div style=\"background: #ffffff; font-family: bookman old style; width: 48%; height: 100%; float: left;\">&nbsp;<\/div>\n<div style=\"background: #ffffff; width: 99%; text-align: left; margin: 10px; height: auto;\">\n<div style=\"background: #ffffff; font-family: bookman old style; width: 48%; height: 100%; float: right;\">&nbsp;<\/div>\n<\/div>","protected":false},"excerpt":{"rendered":"<p>Kaiserslautern \u2013 Gestern &amp; Heute &#8211; Mit Fototafeln Stadtgeschichte im direkten Vergleich erleben Durch die direkte und spannende Gegen\u00fcberstellung von Stadtszenen von Gestern mit der heutigen Wirklichkeit, werden gro\u00dfe Ver\u00e4nderungen sichtbar und es entsteht ein Diskurs \u00fcber die st\u00e4dtebauliche und bauhistorische Entwicklung unserer Stadt. Der Reiz der gro\u00dfen Fototafeln besteht\u2026<\/p>\n<p> <a class=\"continue-reading-link\" href=\"https:\/\/stadtmuseum-kl.de\/?page_id=12\"><span>mehr &#8230;<\/span><i class=\"crycon-right-dir\"><\/i><\/a> <\/p>\n","protected":false},"author":1,"featured_media":0,"parent":0,"menu_order":0,"comment_status":"closed","ping_status":"closed","template":"","meta":[],"_links":{"self":[{"href":"https:\/\/stadtmuseum-kl.de\/index.php?rest_route=\/wp\/v2\/pages\/12"}],"collection":[{"href":"https:\/\/stadtmuseum-kl.de\/index.php?rest_route=\/wp\/v2\/pages"}],"about":[{"href":"https:\/\/stadtmuseum-kl.de\/index.php?rest_route=\/wp\/v2\/types\/page"}],"author":[{"embeddable":true,"href":"https:\/\/stadtmuseum-kl.de\/index.php?rest_route=\/wp\/v2\/users\/1"}],"replies":[{"embeddable":true,"href":"https:\/\/stadtmuseum-kl.de\/index.php?rest_route=%2Fwp%2Fv2%2Fcomments&post=12"}],"version-history":[{"count":239,"href":"https:\/\/stadtmuseum-kl.de\/index.php?rest_route=\/wp\/v2\/pages\/12\/revisions"}],"predecessor-version":[{"id":2699,"href":"https:\/\/stadtmuseum-kl.de\/index.php?rest_route=\/wp\/v2\/pages\/12\/revisions\/2699"}],"wp:attachment":[{"href":"https:\/\/stadtmuseum-kl.de\/index.php?rest_route=%2Fwp%2Fv2%2Fmedia&parent=12"}],"curies":[{"name":"wp","href":"https:\/\/api.w.org\/{rel}","templated":true}]}}