{"id":1379,"date":"2020-04-15T01:00:48","date_gmt":"2020-04-15T01:00:48","guid":{"rendered":"http:\/\/stadtmuseum-kl.de\/?page_id=1379"},"modified":"2020-05-22T16:05:25","modified_gmt":"2020-05-22T16:05:25","slug":"kulturgeschichte-digital-frei-haus","status":"publish","type":"page","link":"https:\/\/stadtmuseum-kl.de\/?page_id=1379","title":{"rendered":"Kulturgeschichte digital frei Haus"},"content":{"rendered":"\n<p> Das Stadtmuseum Kaiserslautern pr\u00e4sentiert seine \u201eSch\u00e4tze\u201c verst\u00e4rkt auf der eigenen Homepage und Social Media-Kan\u00e4len. Sowohl informative Texte, als auch kurze Video- und Audio-Beitr\u00e4ge erm\u00f6glichen ein (neues) Kennenlernen der Dauerausstellung bzw. einzelner Objekte auf andere Art. Daneben bieten R\u00e4tsel, DIY-Tipps und Challenges gerade Kindern und Jugendlichen die Gelegenheit, selbst aktiv zu werden.   <\/p>\n\n\n\n<p> Am <strong>Mitmach-Mittwoch<\/strong> steht ein ausgew\u00e4hltes Objekt aus der Sammlung des Stadtmuseums im Mittelpunkt. Was macht dieses St\u00fcck so besonders? Woher stammt es? Und welche Geschichte steckt dahinter? \u2013 Diesen und weiteren interessanten Fragen ist das Museumsteam auf der Spur und stellt Fakten und Hintergr\u00fcnde anschaulich dar. Dazu passende Quiz-Aufgaben, Spiele oder Basteleien regen zus\u00e4tzlich die Kopf- und Handarbeit von Gro\u00df und Klein an.  <\/p>\n\n\n\n<p><strong><a href=\"https:\/\/stadtmuseum-kl.de\/?page_id=1382\">z<\/a><a href=\"https:\/\/stadtmuseum-kl.de\/?page_id=1552\">um Mittmach-Mittwoch<\/a><\/strong><\/p>\n\n\n\n<p><\/p>\n\n\n\n<p>Die <strong>Freie Wahl am Freitag<\/strong> l\u00e4dt alle ein, den Online-Auftritt ihres Stadtmuseums mitzugestalten. Mit unterschiedlichen Challenges rufen wir unsere Besucherinnen und Besucher dazu auf, Teil unseres Online-Auftritts zu werden \u2013 nat\u00fcrlich nur, wenn die Besitzer mit einer Ver\u00f6ffentlichung der eingereichten Materialien \u2013 auf Wunsch auch anonym \u2013 einverstanden sind.<\/p>\n\n\n\n<p><strong><a href=\"https:\/\/stadtmuseum-kl.de\/?page_id=1403\">zu Freie Wahl am Freitag<\/a><\/strong><br><br> Zum Wochenabschluss gibt es das <strong>Museums-Wort zum Sonntag<\/strong>. Hier geht das Stadtmuseum Kaiserslautern Woche f\u00fcr Woche das Alphabet durch und erl\u00e4utert pro Buchstabe einen Begriff zur Museumsarbeit, zu wissenschaftlichen Methoden und aktuellen Diskussionen. Diese Kategorie erlaubt dem Publikum am Bildschirm, einen Blick hinter die Kulissen zu werfen.   <\/p>\n\n\n\n<p><strong><a href=\"https:\/\/stadtmuseum-kl.de\/?page_id=1415\">zu<\/a><a href=\"https:\/\/stadtmuseum-kl.de\/?page_id=1567\">m \u201eMuseums-Wort zum Sonntag\u201c<\/a><\/strong><\/p>\n\n\n\n<p><\/p>\n\n\n\n<p><\/p>\n\n\n\n<figure class=\"wp-block-image\"><img alt=\"\"\/><\/figure>\n","protected":false},"excerpt":{"rendered":"<p>Das Stadtmuseum Kaiserslautern pr\u00e4sentiert seine \u201eSch\u00e4tze\u201c verst\u00e4rkt auf der eigenen Homepage und Social Media-Kan\u00e4len. Sowohl informative Texte, als auch kurze Video- und Audio-Beitr\u00e4ge erm\u00f6glichen ein (neues) Kennenlernen der Dauerausstellung bzw. einzelner Objekte auf andere Art. Daneben bieten R\u00e4tsel, DIY-Tipps und Challenges gerade Kindern und Jugendlichen die Gelegenheit, selbst aktiv zu\u2026<\/p>\n<p> <a class=\"continue-reading-link\" href=\"https:\/\/stadtmuseum-kl.de\/?page_id=1379\"><span>mehr &#8230;<\/span><i class=\"crycon-right-dir\"><\/i><\/a> <\/p>\n","protected":false},"author":1,"featured_media":0,"parent":12,"menu_order":0,"comment_status":"closed","ping_status":"closed","template":"templates\/template-onecolumn.php","meta":[],"_links":{"self":[{"href":"https:\/\/stadtmuseum-kl.de\/index.php?rest_route=\/wp\/v2\/pages\/1379"}],"collection":[{"href":"https:\/\/stadtmuseum-kl.de\/index.php?rest_route=\/wp\/v2\/pages"}],"about":[{"href":"https:\/\/stadtmuseum-kl.de\/index.php?rest_route=\/wp\/v2\/types\/page"}],"author":[{"embeddable":true,"href":"https:\/\/stadtmuseum-kl.de\/index.php?rest_route=\/wp\/v2\/users\/1"}],"replies":[{"embeddable":true,"href":"https:\/\/stadtmuseum-kl.de\/index.php?rest_route=%2Fwp%2Fv2%2Fcomments&post=1379"}],"version-history":[{"count":8,"href":"https:\/\/stadtmuseum-kl.de\/index.php?rest_route=\/wp\/v2\/pages\/1379\/revisions"}],"predecessor-version":[{"id":1624,"href":"https:\/\/stadtmuseum-kl.de\/index.php?rest_route=\/wp\/v2\/pages\/1379\/revisions\/1624"}],"up":[{"embeddable":true,"href":"https:\/\/stadtmuseum-kl.de\/index.php?rest_route=\/wp\/v2\/pages\/12"}],"wp:attachment":[{"href":"https:\/\/stadtmuseum-kl.de\/index.php?rest_route=%2Fwp%2Fv2%2Fmedia&parent=1379"}],"curies":[{"name":"wp","href":"https:\/\/api.w.org\/{rel}","templated":true}]}}