{"id":1403,"date":"2020-04-15T01:00:41","date_gmt":"2020-04-15T01:00:41","guid":{"rendered":"http:\/\/stadtmuseum-kl.de\/?page_id=1403"},"modified":"2020-05-22T06:28:42","modified_gmt":"2020-05-22T06:28:42","slug":"open-call-die-stadtmuseums-challenge","status":"publish","type":"page","link":"https:\/\/stadtmuseum-kl.de\/?page_id=1403","title":{"rendered":"OPEN CALL &#8211; Die Stadtmuseums-Challenge"},"content":{"rendered":"\n<p> Die Freie Wahl am Freitag l\u00e4dt alle ein, den Online-Auftritt ihres Stadtmuseums mitzugestalten. Mit unterschiedlichen Challenges rufen wir unsere Besucherinnen und Besucher dazu auf, Teil unseres Online-Auftritts zu werden \u2013 nat\u00fcrlich nur, wenn die Besitzer mit einer Ver\u00f6ffentlichung der eingereichten Materialien \u2013 auf Wunsch auch anonym \u2013 einverstanden sind. <\/p>\n\n\n\n<h3><strong>OPEN CALL &#8211; Die Stadtmuseums-Challenge: Und was sammelst du so?<\/strong><\/h3>\n\n\n\n<h4> Freie Wahl am Freitag: 22.05.2020<\/h4>\n\n\n\n<h4><strong> <\/strong> <\/h4>\n\n\n\n<h4> Judith Boy  &#8211; private Sammlungen<\/h4>\n\n\n\n<p>Judith Boy ist K\u00fcnstlerin. Sie stammt aus Kusel, lebt jedoch meist in ihrer Herzensheimat Sizilien. Judith hat uns in ihre privaten Sammlungen sp\u00e4hen lassen. Wie in ihrer Kunst spielen auch hier antike Fundst\u00fccke und vom Meer Angesp\u00fcltes eine entscheidende Rolle.<br> \u201eSammeln tue ich als ( Upcycling-)K\u00fcnstlerin schon lange\u2026 Besonders mag ich schon immer antike Kristalle. Hier ein paar tolle\u2026 Au\u00dferdem nat\u00fcrlich alles was Netze betrifft\u2026. Daraus entsteht, was ich bei Euch im Stadtmuseum ausstellen durfte\u2026 Kopfschmuck, Halsschmuck, aber auch Objekte. Sogar verarbeitet in Wandbeh\u00e4nge\u2026 Ich schicke Euch allen liebste Gr\u00fc\u00dfe und hoffentlich bis bald wieder. Von Judith aus den sizilianischen Bergen.\u201c<\/p>\n\n\n\n<ul class=\"is-layout-flex wp-block-gallery-1 wp-block-gallery columns-2 is-cropped\"><li class=\"blocks-gallery-item\"><figure><img decoding=\"async\" loading=\"lazy\" width=\"300\" height=\"225\" src=\"https:\/\/stadtmuseum-kl.de\/wp-content\/uploads\/2020\/05\/22_05_2020_BILD1_Sammlung_JudithBoy-kl.jpg\" alt=\"\" data-id=\"1611\" data-link=\"https:\/\/stadtmuseum-kl.de\/?attachment_id=1611\" class=\"wp-image-1611\" srcset=\"https:\/\/stadtmuseum-kl.de\/wp-content\/uploads\/2020\/05\/22_05_2020_BILD1_Sammlung_JudithBoy-kl.jpg 300w, https:\/\/stadtmuseum-kl.de\/wp-content\/uploads\/2020\/05\/22_05_2020_BILD1_Sammlung_JudithBoy-kl-150x113.jpg 150w\" sizes=\"(max-width: 300px) 100vw, 300px\" \/><figcaption>Abb. 1<\/figcaption><\/figure><\/li><li class=\"blocks-gallery-item\"><figure><img decoding=\"async\" loading=\"lazy\" width=\"300\" height=\"225\" src=\"https:\/\/stadtmuseum-kl.de\/wp-content\/uploads\/2020\/05\/22_05_2020_BILD3_Sammlung_JudithBoy-kl.jpg\" alt=\"\" data-id=\"1615\" data-link=\"https:\/\/stadtmuseum-kl.de\/?attachment_id=1615\" class=\"wp-image-1615\" srcset=\"https:\/\/stadtmuseum-kl.de\/wp-content\/uploads\/2020\/05\/22_05_2020_BILD3_Sammlung_JudithBoy-kl.jpg 300w, https:\/\/stadtmuseum-kl.de\/wp-content\/uploads\/2020\/05\/22_05_2020_BILD3_Sammlung_JudithBoy-kl-150x113.jpg 150w\" sizes=\"(max-width: 300px) 100vw, 300px\" \/><figcaption>Abb. 3<\/figcaption><\/figure><\/li><\/ul>\n\n\n\n<ul class=\"is-layout-flex wp-block-gallery-3 wp-block-gallery columns-2 is-cropped\"><li class=\"blocks-gallery-item\"><figure><img decoding=\"async\" loading=\"lazy\" width=\"300\" height=\"400\" src=\"https:\/\/stadtmuseum-kl.de\/wp-content\/uploads\/2020\/05\/22_05_2020_BILD2_Sammlung_JudithBoy-kl.jpg\" alt=\"\" data-id=\"1613\" data-link=\"https:\/\/stadtmuseum-kl.de\/?attachment_id=1613\" class=\"wp-image-1613\" srcset=\"https:\/\/stadtmuseum-kl.de\/wp-content\/uploads\/2020\/05\/22_05_2020_BILD2_Sammlung_JudithBoy-kl.jpg 300w, https:\/\/stadtmuseum-kl.de\/wp-content\/uploads\/2020\/05\/22_05_2020_BILD2_Sammlung_JudithBoy-kl-225x300.jpg 225w, https:\/\/stadtmuseum-kl.de\/wp-content\/uploads\/2020\/05\/22_05_2020_BILD2_Sammlung_JudithBoy-kl-113x150.jpg 113w\" sizes=\"(max-width: 300px) 100vw, 300px\" \/><figcaption>Abb. 2<\/figcaption><\/figure><\/li><li class=\"blocks-gallery-item\"><figure><img decoding=\"async\" loading=\"lazy\" width=\"300\" height=\"400\" src=\"https:\/\/stadtmuseum-kl.de\/wp-content\/uploads\/2020\/05\/22_05_2020_BILD4_Sammlung_JudithBoy-kl.jpg\" alt=\"\" data-id=\"1617\" data-link=\"https:\/\/stadtmuseum-kl.de\/?attachment_id=1617\" class=\"wp-image-1617\" srcset=\"https:\/\/stadtmuseum-kl.de\/wp-content\/uploads\/2020\/05\/22_05_2020_BILD4_Sammlung_JudithBoy-kl.jpg 300w, https:\/\/stadtmuseum-kl.de\/wp-content\/uploads\/2020\/05\/22_05_2020_BILD4_Sammlung_JudithBoy-kl-225x300.jpg 225w, https:\/\/stadtmuseum-kl.de\/wp-content\/uploads\/2020\/05\/22_05_2020_BILD4_Sammlung_JudithBoy-kl-113x150.jpg 113w\" sizes=\"(max-width: 300px) 100vw, 300px\" \/><figcaption>Abb. 4<\/figcaption><\/figure><\/li><\/ul>\n\n\n\n<p><br> (Judith Boy, K\u00fcnstlerin)<\/p>\n\n\n\n<p>Abb. 1: Antike Kristalle sind Herzst\u00fccke der Sammlung. (Fotos: J. Boy)<br>Abb. 2: Antike Kristalle\u2026 (Fotos: J. Boy)<br>Abb. 3: Die Netze der Sizilianischen Fischer sind Bestandteile vieler Werke der K\u00fcnstlerin. (Fotos: J. Boy)<br>Abb. 4: Fundst\u00fccke\u2026 (Fotos: J. Boy)<\/p>\n","protected":false},"excerpt":{"rendered":"<p>Die Freie Wahl am Freitag l\u00e4dt alle ein, den Online-Auftritt ihres Stadtmuseums mitzugestalten. Mit unterschiedlichen Challenges rufen wir unsere Besucherinnen und Besucher dazu auf, Teil unseres Online-Auftritts zu werden \u2013 nat\u00fcrlich nur, wenn die Besitzer mit einer Ver\u00f6ffentlichung der eingereichten Materialien \u2013 auf Wunsch auch anonym \u2013 einverstanden sind. OPEN\u2026<\/p>\n<p> <a class=\"continue-reading-link\" href=\"https:\/\/stadtmuseum-kl.de\/?page_id=1403\"><span>mehr &#8230;<\/span><i class=\"crycon-right-dir\"><\/i><\/a> <\/p>\n","protected":false},"author":1,"featured_media":0,"parent":1379,"menu_order":2,"comment_status":"closed","ping_status":"closed","template":"templates\/template-onecolumn.php","meta":[],"_links":{"self":[{"href":"https:\/\/stadtmuseum-kl.de\/index.php?rest_route=\/wp\/v2\/pages\/1403"}],"collection":[{"href":"https:\/\/stadtmuseum-kl.de\/index.php?rest_route=\/wp\/v2\/pages"}],"about":[{"href":"https:\/\/stadtmuseum-kl.de\/index.php?rest_route=\/wp\/v2\/types\/page"}],"author":[{"embeddable":true,"href":"https:\/\/stadtmuseum-kl.de\/index.php?rest_route=\/wp\/v2\/users\/1"}],"replies":[{"embeddable":true,"href":"https:\/\/stadtmuseum-kl.de\/index.php?rest_route=%2Fwp%2Fv2%2Fcomments&post=1403"}],"version-history":[{"count":41,"href":"https:\/\/stadtmuseum-kl.de\/index.php?rest_route=\/wp\/v2\/pages\/1403\/revisions"}],"predecessor-version":[{"id":1622,"href":"https:\/\/stadtmuseum-kl.de\/index.php?rest_route=\/wp\/v2\/pages\/1403\/revisions\/1622"}],"up":[{"embeddable":true,"href":"https:\/\/stadtmuseum-kl.de\/index.php?rest_route=\/wp\/v2\/pages\/1379"}],"wp:attachment":[{"href":"https:\/\/stadtmuseum-kl.de\/index.php?rest_route=%2Fwp%2Fv2%2Fmedia&parent=1403"}],"curies":[{"name":"wp","href":"https:\/\/api.w.org\/{rel}","templated":true}]}}