{"id":1511,"date":"2020-04-28T13:20:55","date_gmt":"2020-04-28T13:20:55","guid":{"rendered":"http:\/\/stadtmuseum-kl.de\/?page_id=1511"},"modified":"2020-05-06T10:39:56","modified_gmt":"2020-05-06T10:39:56","slug":"mitmach-mittwoch-22-04-2020","status":"publish","type":"page","link":"https:\/\/stadtmuseum-kl.de\/?page_id=1511","title":{"rendered":"Mitmach-Mittwoch: 15. und 22.04.2020"},"content":{"rendered":"\n<p>  Am Mitmach-Mittwoch steht ein ausgew\u00e4hltes Objekt aus der Sammlung des Stadtmuseums im Mittelpunkt. Was macht dieses St\u00fcck so besonders? Woher stammt es? Und welche Geschichte steckt dahinter? \u2013 Diesen und weiteren interessanten Fragen ist das Museumsteam auf der Spur und stellt Fakten und Hintergr\u00fcnde anschaulich dar. Dazu passende Quiz-Aufgaben, Spiele oder Basteleien regen zus\u00e4tzlich die Kopf- und Handarbeit von Gro\u00df und Klein an.  <\/p>\n\n\n\n<h4>Mitmach-Mittwoch 22.04.2020<\/h4>\n\n\n\n<h3><strong>Gruselige G\u00f6tzen<\/strong><\/h3>\n\n\n\n<p><img decoding=\"async\" loading=\"lazy\" width=\"640\" height=\"534\" class=\"wp-image-1486\" style=\"width: 320px;\" src=\"https:\/\/stadtmuseum-kl.de\/wp-content\/uploads\/2020\/04\/ABB_TEXT_Kleiekotzer.jpeg\" alt=\"Kleiekotzer\" align=\"right\" srcset=\"https:\/\/stadtmuseum-kl.de\/wp-content\/uploads\/2020\/04\/ABB_TEXT_Kleiekotzer.jpeg 640w, https:\/\/stadtmuseum-kl.de\/wp-content\/uploads\/2020\/04\/ABB_TEXT_Kleiekotzer-300x250.jpeg 300w, https:\/\/stadtmuseum-kl.de\/wp-content\/uploads\/2020\/04\/ABB_TEXT_Kleiekotzer-150x125.jpeg 150w\" sizes=\"(max-width: 640px) 100vw, 640px\" \/>Aufmerksame Besucher haben im Abgang zum Keller des Theoder-Zink-Museums sicher schon dieses maskenhafte Holzobjekt bemerkt. Es handelt sich dabei um einen Kleiekotzer. Das Exemplar auf dem Bild stammt aus der Pfalz und ist in der Mitte des 18. Jahrhunderts aus Eiche geschnitzt und farbig gefasst worden. Die gruseligen Gesichter mit dem bizarren Namen sind urspr\u00fcnglich in M\u00fchlen am Kleieausgang des Beutelkastens angebracht. Im Beutelkasten wird das Mahlgut getrennt: in Mehl und Kleie, die aus den zermahlenen Schalenteilen und \u00e4u\u00dferen Klebeschichten der Getreidek\u00f6rner besteht. Die Kleie wird sto\u00dfweise durch das ge\u00f6ffnete Maul des Kleiekotzers ausgeworfen, es wirkt, als w\u00fcrde die Fratze das Material ausspeien.<br> Diese M\u00fchlg\u00f6tzen sollen den Teufel und D\u00e4monen abwehren.<br> (Sara Br\u00fcck)<br><br>\nAbb.: Kleiekotzer, Eichenholz, farbig gefasst, Pfalz, M. 18. Jh., zu sehen in der Dauerausstellung des Stadtmsueums (Foto: S. Br\u00fcck)\n<br clear=\"all\"><\/p>\n\n\n\n<h4><strong>Audio &#8211; Ausschnitt<\/strong><\/h4>\n\n\n\n<p><a href=\"https:\/\/stadtmuseum-kl.de\/wp-content\/uploads\/2020\/04\/AUDIO_Ausschnitt-aus_Wilhelm-Busch-Max-Moritz_gelesen-von-Simone-Holt.mp3\">Ausschnitt aus_Wilhelm Busch &#8211; Max &amp; Moritz, gelesen von Simone Holt<br>\n<img decoding=\"async\" loading=\"lazy\" width=\"450\" height=\"280\" class=\"wp-image-1488\" style=\"width: 320px;\" src=\"https:\/\/stadtmuseum-kl.de\/wp-content\/uploads\/2020\/04\/Abb_AUDIO_Kleiekotzer.jpeg\" alt=\"\" srcset=\"https:\/\/stadtmuseum-kl.de\/wp-content\/uploads\/2020\/04\/Abb_AUDIO_Kleiekotzer.jpeg 450w, https:\/\/stadtmuseum-kl.de\/wp-content\/uploads\/2020\/04\/Abb_AUDIO_Kleiekotzer-300x187.jpeg 300w, https:\/\/stadtmuseum-kl.de\/wp-content\/uploads\/2020\/04\/Abb_AUDIO_Kleiekotzer-150x93.jpeg 150w\" sizes=\"(max-width: 450px) 100vw, 450px\" \/><\/a><\/p>\n\n\n\n<p>Wer Max und Moritz kennt, hat vielleicht den Kleiekotzer auf einem der Bilder bemerkt. <\/p>\n\n\n\n<p>Abb.: Wilhelm Busch: Max und Moritz. Eine Bubengeschichte in sieben Streichen. 53. Auflage. M\u00fcnchen 1906, S. 20.<\/p>\n\n\n\n<p><\/p>\n\n\n\n<h4> Mitmach-Mittwoch  15.04.2020<\/h4>\n\n\n\n<h3><strong>Tor, Tor, Tor, Tor! Das Spiel ist aus. Deutschland ist Weltmeister!<\/strong> <\/h3>\n\n\n\n<p><\/p>\n\n\n\n<p><\/p>\n\n\n\n<p><\/p>\n\n\n\n<p><img decoding=\"async\" loading=\"lazy\" width=\"350\" height=\"467\" align=\"right\" class=\"wp-image-1384\" style=\"width: 350px;\" src=\"https:\/\/stadtmuseum-kl.de\/wp-content\/uploads\/2020\/04\/001_BILD_Plakat-Weltmeister-1954_Bernd-Klesmann-kl.jpg\" alt=\"Weltmeister 1954\" srcset=\"https:\/\/stadtmuseum-kl.de\/wp-content\/uploads\/2020\/04\/001_BILD_Plakat-Weltmeister-1954_Bernd-Klesmann-kl.jpg 350w, https:\/\/stadtmuseum-kl.de\/wp-content\/uploads\/2020\/04\/001_BILD_Plakat-Weltmeister-1954_Bernd-Klesmann-kl-225x300.jpg 225w, https:\/\/stadtmuseum-kl.de\/wp-content\/uploads\/2020\/04\/001_BILD_Plakat-Weltmeister-1954_Bernd-Klesmann-kl-112x150.jpg 112w\" sizes=\"(max-width: 350px) 100vw, 350px\" \/> Die Fu\u00dfball-WM 1954 geh\u00f6rt bis heute zu den pr\u00e4sentesten und sch\u00f6nsten Erinnerungen an die Jahre der jungen Bundesrepublik. <\/p>\n\n\n\n<p>Der nach 0:2 R\u00fcckstand erzielte Sieg 3:2 im Finale gegen die Mannschaft aus Ungarn ist als das &#8222;Wunder von Bern&#8220; zu einer Art kollektiven Legende geworden. <\/p>\n\n\n\n<p>Grund zum Feiern gab es ganz besonders in Kaiserslautern, wo die Mannschaft des 1. FCK, bereits Deutscher Fu\u00dfballmeister der Jahre 1951 und 1953, f\u00fcnf der elf Finalteilnehmer des DFB-Teams stellte. Werner Kohlmeyer und Werner Liebrich, die Br\u00fcder Fritz und Ottmar Walter sowie der noch heute in Vogelbach (Landkreis KL) lebende Horst Eckel standen und stehen im Mittelpunkt des Jahrhunderterfolges. <\/p>\n\n\n\n<p>Unser Plakat in den Stadt- und FCK-Farben rot und wei\u00df gibt einen Eindruck vom Hochgef\u00fchl des damaligen Sommers und vom typischen Plakatdesign der 50er Jahre \u2013 vielleicht macht es auch neugierig auf einen Besuch des Weltmeisterdenkmals am Fritz-Walter-Stadion?<\/p>\n\n\n\n<p>Fritz Walter, der Kapit\u00e4n der Weltmeisterelf von 1954, w\u00fcrden in diesem Herbst seinen 100. Geburtstag feiern. Das Stadtmuseum (Theodor-Zink-Museum\/Wadgasserhof) wird \u2013 baldm\u00f6glichst! \u2013 eine Sonderausstellung unter dem Titel &#8222;Das Wunder von Lautern&#8220; zeigen. <\/p>\n\n\n\n<p>(Bernd Klesmann)<\/p>\n\n\n\n<p>\n\n\n\n\n\n\n\n\n\n\n\n\n\n\n\n\nAbb.: Plakat Weltmeister 1954, Stadtmuseum\nKaiserslautern, Dauerausstellung, 1. OG (Foto: B. Klesmann)\n\n\n\n<\/p>\n\n\n\n<h3><strong>Video<\/strong><\/h3>\n\n\n\n<p>W<strong>e<\/strong>nn der Fu\u00dfballspieler im Gras Fritz Walter w\u00e4re, mit welcher R\u00fcckennummer w\u00fcrde er spielen? (Video: S. Holt)<strong> <\/strong><\/p>\n\n\n\n<p><a target=\"_blank\" href=\"https:\/\/stadtmuseum-kl.de\/wp-content\/uploads\/2020\/04\/001_QUIZ_Video_Fu\u00dfballspieler_R\u00fcckennummer-Fritz-Walter_Simone-Holt.mp4\" rel=\"noopener noreferrer\">zum Video<\/a><\/p>\n","protected":false},"excerpt":{"rendered":"<p>Am Mitmach-Mittwoch steht ein ausgew\u00e4hltes Objekt aus der Sammlung des Stadtmuseums im Mittelpunkt. Was macht dieses St\u00fcck so besonders? Woher stammt es? Und welche Geschichte steckt dahinter? \u2013 Diesen und weiteren interessanten Fragen ist das Museumsteam auf der Spur und stellt Fakten und Hintergr\u00fcnde anschaulich dar. Dazu passende Quiz-Aufgaben, Spiele\u2026<\/p>\n<p> <a class=\"continue-reading-link\" href=\"https:\/\/stadtmuseum-kl.de\/?page_id=1511\"><span>mehr &#8230;<\/span><i class=\"crycon-right-dir\"><\/i><\/a> <\/p>\n","protected":false},"author":1,"featured_media":0,"parent":1552,"menu_order":0,"comment_status":"closed","ping_status":"closed","template":"templates\/template-onecolumn.php","meta":[],"_links":{"self":[{"href":"https:\/\/stadtmuseum-kl.de\/index.php?rest_route=\/wp\/v2\/pages\/1511"}],"collection":[{"href":"https:\/\/stadtmuseum-kl.de\/index.php?rest_route=\/wp\/v2\/pages"}],"about":[{"href":"https:\/\/stadtmuseum-kl.de\/index.php?rest_route=\/wp\/v2\/types\/page"}],"author":[{"embeddable":true,"href":"https:\/\/stadtmuseum-kl.de\/index.php?rest_route=\/wp\/v2\/users\/1"}],"replies":[{"embeddable":true,"href":"https:\/\/stadtmuseum-kl.de\/index.php?rest_route=%2Fwp%2Fv2%2Fcomments&post=1511"}],"version-history":[{"count":2,"href":"https:\/\/stadtmuseum-kl.de\/index.php?rest_route=\/wp\/v2\/pages\/1511\/revisions"}],"predecessor-version":[{"id":1513,"href":"https:\/\/stadtmuseum-kl.de\/index.php?rest_route=\/wp\/v2\/pages\/1511\/revisions\/1513"}],"up":[{"embeddable":true,"href":"https:\/\/stadtmuseum-kl.de\/index.php?rest_route=\/wp\/v2\/pages\/1552"}],"wp:attachment":[{"href":"https:\/\/stadtmuseum-kl.de\/index.php?rest_route=%2Fwp%2Fv2%2Fmedia&parent=1511"}],"curies":[{"name":"wp","href":"https:\/\/api.w.org\/{rel}","templated":true}]}}