{"id":1550,"date":"2020-05-05T14:27:43","date_gmt":"2020-05-05T14:27:43","guid":{"rendered":"http:\/\/stadtmuseum-kl.de\/?page_id=1550"},"modified":"2020-05-06T10:38:46","modified_gmt":"2020-05-06T10:38:46","slug":"mitmach-mittwoch-29-04-2020","status":"publish","type":"page","link":"https:\/\/stadtmuseum-kl.de\/?page_id=1550","title":{"rendered":"Mitmach-Mittwoch 29.04.2020"},"content":{"rendered":"\n<p>  Am Mitmach-Mittwoch steht ein ausgew\u00e4hltes Objekt aus der Sammlung des Stadtmuseums im Mittelpunkt. Was macht dieses St\u00fcck so besonders? Woher stammt es? Und welche Geschichte steckt dahinter? \u2013 Diesen und weiteren interessanten Fragen ist das Museumsteam auf der Spur und stellt Fakten und Hintergr\u00fcnde anschaulich dar. Dazu passende Quiz-Aufgaben, Spiele oder Basteleien regen zus\u00e4tzlich die Kopf- und Handarbeit von Gro\u00df und Klein an.  <\/p>\n\n\n\n<h4>Mitmach-Mittwoch 29.04.2020<\/h4>\n\n\n\n<h3> So sch\u00f6n kann Abgeschiedenheit sein!<\/h3>\n\n\n\n<p><img decoding=\"async\" loading=\"lazy\" width=\"750\" height=\"1000\" class=\"wp-image-1516\" align=\"right\" style=\"width: 250px;\" src=\"https:\/\/stadtmuseum-kl.de\/wp-content\/uploads\/2020\/04\/Porzellan-Liebespaar-ganz.jpg\" alt=\"\" srcset=\"https:\/\/stadtmuseum-kl.de\/wp-content\/uploads\/2020\/04\/Porzellan-Liebespaar-ganz.jpg 750w, https:\/\/stadtmuseum-kl.de\/wp-content\/uploads\/2020\/04\/Porzellan-Liebespaar-ganz-225x300.jpg 225w, https:\/\/stadtmuseum-kl.de\/wp-content\/uploads\/2020\/04\/Porzellan-Liebespaar-ganz-113x150.jpg 113w\" sizes=\"(max-width: 750px) 100vw, 750px\" \/>Dieses Liebespaar hat sich mit einem guten Tropfen in eine Gitterlaube zur\u00fcckgezogen. Beide halten einander an der linken Hand, er lehnt sich zu ihr nach hinten und schaut sie an, w\u00e4hrend er ihr \u2013 ohne auch nur aus dem Augenwinkel auf die Flasche zu achten \u2013 Wein eingie\u00dft. Das Porzellanobjekt tr\u00e4gt auch den Namen \u201eHerbst\u201c, die Trauben an der Laube und in dem K\u00f6rbchen vor dem Paar verweisen auf diese Jahreszeit. Rokoko-Elemente wie etwa die asymmetrischen, purpur- und goldfarbenen Rocaillen aber auch das Thema vom verborgenen, intimen Stelldichein zweier Liebenden machen den Tafelschmuck zu einem typischen Kind seiner Zeit.<\/p>\n\n\n\n<p>Das Modell f\u00fcr die Figurengruppe stammt von Johann Wilhelm Lanz und ist um 1755\/58 in der Manufaktur Frankenthal entstanden. Die Porzellanmanufaktur Frankenthal hat nur von 1755 bis 1799 produziert. In dieser kurzen Zeit werden viele hochwertige Arbeiten angefertigt, die noch heute unter Sammlern als begehrte Rarit\u00e4ten gelten. \n<br><br>\n(Sara Br\u00fcck)\n<br><br>\nAbb.: Tafelschmuck \u201eHerbst\u201c, Manufaktur Frankenthal, Entwurf von Johann Wilhelm Lanz, um 1755\/58, Dauerausstellung Stadtmuseum Kaiserslautern (Foto: S. Br\u00fcck)\n<br clear=\"all\"><\/p>\n\n\n\n<h4>Do-it-yourself (DIY) &#8211; Schon mal Porzellan gepuzzelt? <\/h4>\n\n\n\n<p><img decoding=\"async\" loading=\"lazy\" width=\"250\" height=\"354\" class=\"wp-image-1521\" style=\"width: 200px;\" src=\"https:\/\/stadtmuseum-kl.de\/wp-content\/uploads\/2020\/04\/Porzellan-Liebespaar-scherbe.jpg\" align=\"right\" alt=\"\" srcset=\"https:\/\/stadtmuseum-kl.de\/wp-content\/uploads\/2020\/04\/Porzellan-Liebespaar-scherbe.jpg 250w, https:\/\/stadtmuseum-kl.de\/wp-content\/uploads\/2020\/04\/Porzellan-Liebespaar-scherbe-212x300.jpg 212w, https:\/\/stadtmuseum-kl.de\/wp-content\/uploads\/2020\/04\/Porzellan-Liebespaar-scherbe-106x150.jpg 106w\" sizes=\"(max-width: 250px) 100vw, 250px\" \/>Oh herrjeh! Da war wohl ein Elefant im Stadtmuseum und hat das kostbare Porzellan umgesto\u00dfen! Es ist auf den Boden gefallen und in ganz viele Scherben zerbrochen. Schaffst du es, das Liebespaar wieder zusammenzubringen? Drucke die beiden Bl\u00e4tter mit den durcheinander geratenen Bruchst\u00fccken farbig aus und schneide jedes Einzelteil sorgf\u00e4ltig aus (am besten hilft dir ein Erwachsener dabei). Nun kannst du die Darstellung St\u00fcck f\u00fcr St\u00fcck vervollst\u00e4ndigen. Gar nicht so leicht, oder?<\/p>\n\n\n\n<p><a href=\"https:\/\/stadtmuseum-kl.de\/wp-content\/uploads\/2020\/04\/003_b1_DIY_PUZZLE_Porzellan_Liebespaar_SH.jpeg\">Blatt 1 mit den Scherben<\/a><\/p>\n\n\n\n<p><a href=\"https:\/\/stadtmuseum-kl.de\/wp-content\/uploads\/2020\/04\/003_b2_DIY_PUZZLE_Porzellan_Liebespaar_SH.jpeg\">Blatt 2 mit den Scherben<\/a><\/p>\n\n\n\n<p>Du m\u00f6chtest\nlieber dein eigenes Puzzle erfinden? Dann nimm ein komplettes Bild (das Foto\ndes Porzellanobjekts oder ein anderes Motiv deiner Wahl) und zerschneide es selbst\nin mehrere Teile. Wie lange brauchst du, um das Original wiederherzustellen? Wer\naus deiner Familie ist schneller?<\/p>\n\n\n\n<p>(Simone Holt)<\/p>\n\n\n\n<p><\/p>\n","protected":false},"excerpt":{"rendered":"<p>Am Mitmach-Mittwoch steht ein ausgew\u00e4hltes Objekt aus der Sammlung des Stadtmuseums im Mittelpunkt. Was macht dieses St\u00fcck so besonders? Woher stammt es? Und welche Geschichte steckt dahinter? \u2013 Diesen und weiteren interessanten Fragen ist das Museumsteam auf der Spur und stellt Fakten und Hintergr\u00fcnde anschaulich dar. Dazu passende Quiz-Aufgaben, Spiele\u2026<\/p>\n<p> <a class=\"continue-reading-link\" href=\"https:\/\/stadtmuseum-kl.de\/?page_id=1550\"><span>mehr &#8230;<\/span><i class=\"crycon-right-dir\"><\/i><\/a> <\/p>\n","protected":false},"author":1,"featured_media":0,"parent":1552,"menu_order":1,"comment_status":"closed","ping_status":"closed","template":"templates\/template-onecolumn.php","meta":[],"_links":{"self":[{"href":"https:\/\/stadtmuseum-kl.de\/index.php?rest_route=\/wp\/v2\/pages\/1550"}],"collection":[{"href":"https:\/\/stadtmuseum-kl.de\/index.php?rest_route=\/wp\/v2\/pages"}],"about":[{"href":"https:\/\/stadtmuseum-kl.de\/index.php?rest_route=\/wp\/v2\/types\/page"}],"author":[{"embeddable":true,"href":"https:\/\/stadtmuseum-kl.de\/index.php?rest_route=\/wp\/v2\/users\/1"}],"replies":[{"embeddable":true,"href":"https:\/\/stadtmuseum-kl.de\/index.php?rest_route=%2Fwp%2Fv2%2Fcomments&post=1550"}],"version-history":[{"count":1,"href":"https:\/\/stadtmuseum-kl.de\/index.php?rest_route=\/wp\/v2\/pages\/1550\/revisions"}],"predecessor-version":[{"id":1551,"href":"https:\/\/stadtmuseum-kl.de\/index.php?rest_route=\/wp\/v2\/pages\/1550\/revisions\/1551"}],"up":[{"embeddable":true,"href":"https:\/\/stadtmuseum-kl.de\/index.php?rest_route=\/wp\/v2\/pages\/1552"}],"wp:attachment":[{"href":"https:\/\/stadtmuseum-kl.de\/index.php?rest_route=%2Fwp%2Fv2%2Fmedia&parent=1550"}],"curies":[{"name":"wp","href":"https:\/\/api.w.org\/{rel}","templated":true}]}}