{"id":1552,"date":"2020-05-06T10:30:51","date_gmt":"2020-05-06T10:30:51","guid":{"rendered":"http:\/\/stadtmuseum-kl.de\/?page_id=1552"},"modified":"2020-05-27T06:32:36","modified_gmt":"2020-05-27T06:32:36","slug":"mitmach-mittwoch","status":"publish","type":"page","link":"https:\/\/stadtmuseum-kl.de\/?page_id=1552","title":{"rendered":"Mitmach-Mittwoch"},"content":{"rendered":"\n<p>Am Mitmach-Mittwoch steht ein ausgew\u00e4hltes Objekt aus der Sammlung des Stadtmuseums im Mittelpunkt. Was macht dieses St\u00fcck so besonders? Woher stammt es? Und welche Geschichte steckt dahinter? \u2013 Diesen und weiteren interessanten Fragen ist das Museumsteam auf der Spur und stellt Fakten und Hintergr\u00fcnde anschaulich dar. Dazu passende Quiz-Aufgaben, Spiele oder Basteleien regen zus\u00e4tzlich die Kopf- und Handarbeit von Gro\u00df und Klein an.  <\/p>\n\n\n\n<h4>Mitmach-Mittwoch 27.05.2020<\/h4>\n\n\n\n<h3><strong>Mundschutz vor 435 Jahren<\/strong><\/h3>\n\n\n\n<p><a href=\"https:\/\/stadtmuseum-kl.de\/wp-content\/uploads\/2020\/05\/007_BILD_Frau-mit-Mundschutz_Museum_Foto-Sara-Br\u00fcck.jpeg\"><img decoding=\"async\" loading=\"lazy\" width=\"300\" height=\"430\" align=\"right\" class=\"wp-image-1649\" style=\"width: 300px;\" src=\"https:\/\/stadtmuseum-kl.de\/wp-content\/uploads\/2020\/05\/Frau_mit_Mundschutz_Museum_Foto_Sara_Br\u00fcck.jpg\" alt=\"\" srcset=\"https:\/\/stadtmuseum-kl.de\/wp-content\/uploads\/2020\/05\/Frau_mit_Mundschutz_Museum_Foto_Sara_Br\u00fcck.jpg 300w, https:\/\/stadtmuseum-kl.de\/wp-content\/uploads\/2020\/05\/Frau_mit_Mundschutz_Museum_Foto_Sara_Br\u00fcck-209x300.jpg 209w, https:\/\/stadtmuseum-kl.de\/wp-content\/uploads\/2020\/05\/Frau_mit_Mundschutz_Museum_Foto_Sara_Br\u00fcck-105x150.jpg 105w\" sizes=\"(max-width: 300px) 100vw, 300px\" \/><\/a>Nach einigen Wochen Corona-Pause hat das Stadtmuseum Kaiserslautern wieder ge\u00f6ffnet. Und wartet gleich mit einer sensationellen Entdeckung auf! \u2013 Eine bislang eher unbeachtet gebliebene Druckgrafik in der Dauerausstellung gewinnt mit Blick auf die nun geltende Maskenpflicht an Aktualit\u00e4t. Die Rede ist von einem alten Holzschnitt von 1585\/1586, der eine Frau mit Mundschutz zeigt. Damals als Kinnbinde das Beiwerk der Tracht \u201eeins Burgers Weib zu Heidelberg\u201c, heute notwendiger Bestandteil unserer Garderobe im \u00f6ffentlichen Raum.<\/p>\n\n\n\n<p>Das Blatt entstammt eigentlich einem Buch mit dem\nwunderbaren Titel \u201eIm Frauwenzimmer. Wirt vermeldt von allerley sch\u00f6nen\nKleidungen vnnd Trachten der Weiber\u201c. Im Museum sind noch zwei weitere\nDarstellungen dieses Bandes ausgestellt \u2013 \u201eEin Pf\u00e4lzische Edelfrauw\u201c und \u201eEin\nSpeierische Frauw\u201c, die einen Vergleich regionaltypischer \u201eAufputze\u201c\nerm\u00f6glichen. Zumal der Urheber der Holzschnitte, Jost Amman (1539-1591), auf\neine naturgetreue und detaillierte Wiedergabe Wert legte. So sind die Werke des\nK\u00fcnstlers, der damit auch zahlreiche andere lexikalisch angelegte B\u00fccher \u2013 z.\nB. \u00fcber Handwerker, Kr\u00e4uter oder Wappen \u2013 best\u00fcckte, zugleich von\nkulturhistorischer Bedeutung.<\/p>\n\n\n\n<p>Zur\u00fcck zu unserer Dame mit Mundschutz, die \u201e[g]ekleidet\nist an jhrem Leib \/ Fein sauber vnnd doch erbarlich \/ Wie das in der Statt ist\nbr\u00e4uchlich\u201c. Zur standesgem\u00e4\u00dfen Kleidung geh\u00f6rt ein bodenlanges Kleid, unter\ndem sich ein Reifrock verbirgt. Dessen Glockenform steht im Kontrast zur betont\nschmalen Taille \u2013 eine Silhouette ganz nach dem Geschmack der so genannten\nSpanischen Mode. Vom dortigen Hof ausgehend, der von etwa 1550 bis 1620 gro\u00dfen\npolitisch-wirtschaftlichen Einfluss aus\u00fcbte, pr\u00e4gte dieser Stil die europ\u00e4ische\nKost\u00fcmgeschichte. Charakteristisch daf\u00fcr sind auch die Puff\u00e4rmel, die Kopfbedeckung\n\u2013 bestehend aus einer Kalotte (Unterhaube) mit Barett \u2013 sowie die an einem\nG\u00fcrtel befestigte Beuteltasche. Was sich darin wohl befindet? \u2013 Vielleicht Schmuck?\nOder ein Ersatz-Mundschutz?<\/p>\n\n\n\n<p>(Simone Holt)<\/p>\n\n\n\n<p>Autor der\nTexte im Frauen-Trachtenbuch: Thrasibulus Torrentinus (Pseudonym f\u00fcr Conrad\nLautenbach)<\/p>\n\n\n\n<p>Abb.: Eins\nBurgers Weib zu Heidelberg, in: Im Frauwenzimmer. Wirt vermeldt von allerley\nsch\u00f6nen Kleidungen vund Trachten der Weiber (= Frauen-Trachtenbuch) [\u2026], Getruckt\nzu Franckfurt am Mayn in Verlegung Sigmund Feyrabends, 1586. Dauerausstellung\ndes Stadtmuseums Kaiserslautern, Obergeschoss des Theodor-Zink-Museums. (Foto:\nS. Br\u00fcck)<\/p>\n\n\n\n<h3><strong>DIY: Rot, blau, kunterbunt?<\/strong><\/h3>\n\n\n\n<p>Du hast die freie Farbwahl: Nimm Bunt- oder\nFilzstifte und male die Kleidung inklusive Mundschutz der Frau an!<\/p>\n\n\n\n<p> <\/p>\n","protected":false},"excerpt":{"rendered":"<p>Am Mitmach-Mittwoch steht ein ausgew\u00e4hltes Objekt aus der Sammlung des Stadtmuseums im Mittelpunkt. Was macht dieses St\u00fcck so besonders? Woher stammt es? Und welche Geschichte steckt dahinter? \u2013 Diesen und weiteren interessanten Fragen ist das Museumsteam auf der Spur und stellt Fakten und Hintergr\u00fcnde anschaulich dar. Dazu passende Quiz-Aufgaben, Spiele\u2026<\/p>\n<p> <a class=\"continue-reading-link\" href=\"https:\/\/stadtmuseum-kl.de\/?page_id=1552\"><span>mehr &#8230;<\/span><i class=\"crycon-right-dir\"><\/i><\/a> <\/p>\n","protected":false},"author":1,"featured_media":0,"parent":1379,"menu_order":1,"comment_status":"closed","ping_status":"closed","template":"templates\/template-onecolumn.php","meta":[],"_links":{"self":[{"href":"https:\/\/stadtmuseum-kl.de\/index.php?rest_route=\/wp\/v2\/pages\/1552"}],"collection":[{"href":"https:\/\/stadtmuseum-kl.de\/index.php?rest_route=\/wp\/v2\/pages"}],"about":[{"href":"https:\/\/stadtmuseum-kl.de\/index.php?rest_route=\/wp\/v2\/types\/page"}],"author":[{"embeddable":true,"href":"https:\/\/stadtmuseum-kl.de\/index.php?rest_route=\/wp\/v2\/users\/1"}],"replies":[{"embeddable":true,"href":"https:\/\/stadtmuseum-kl.de\/index.php?rest_route=%2Fwp%2Fv2%2Fcomments&post=1552"}],"version-history":[{"count":17,"href":"https:\/\/stadtmuseum-kl.de\/index.php?rest_route=\/wp\/v2\/pages\/1552\/revisions"}],"predecessor-version":[{"id":1658,"href":"https:\/\/stadtmuseum-kl.de\/index.php?rest_route=\/wp\/v2\/pages\/1552\/revisions\/1658"}],"up":[{"embeddable":true,"href":"https:\/\/stadtmuseum-kl.de\/index.php?rest_route=\/wp\/v2\/pages\/1379"}],"wp:attachment":[{"href":"https:\/\/stadtmuseum-kl.de\/index.php?rest_route=%2Fwp%2Fv2%2Fmedia&parent=1552"}],"curies":[{"name":"wp","href":"https:\/\/api.w.org\/{rel}","templated":true}]}}