{"id":1567,"date":"2020-05-09T15:31:34","date_gmt":"2020-05-09T15:31:34","guid":{"rendered":"http:\/\/stadtmuseum-kl.de\/?page_id=1567"},"modified":"2020-05-30T18:44:42","modified_gmt":"2020-05-30T18:44:42","slug":"museums-wort-zum-sonntag-2","status":"publish","type":"page","link":"https:\/\/stadtmuseum-kl.de\/?page_id=1567","title":{"rendered":"Museums-Wort zum Sonntag"},"content":{"rendered":"\n<p> Zum Wochenabschluss gibt es das Museums-Wort zum Sonntag. Hier geht das Stadtmuseum Kaiserslautern Woche f\u00fcr Woche das Alphabet durch und erl\u00e4utert pro Buchstabe einen Begriff zur Museumsarbeit, zu wissenschaftlichen Methoden und aktuellen Diskussionen. Diese Kategorie erlaubt dem Publikum am Bildschirm, einen Blick hinter die Kulissen zu werfen.  <\/p>\n\n\n\n<p> (<a href=\"https:\/\/stadtmuseum-kl.de\/?page_id=1469\"><strong>Zum Museumswort vom 12.04.2020<\/strong><\/a>)<\/p>\n\n\n\n<p><a href=\"https:\/\/stadtmuseum-kl.de\/?page_id=1504\"><strong>(Zum Museumswort vom 19.04.2020)<\/strong><\/a><\/p>\n\n\n\n<p>(<a href=\"https:\/\/stadtmuseum-kl.de\/?page_id=1542\"><strong>Zum Museumswort vom 26.04.20202<\/strong><\/a>)<\/p>\n\n\n\n<p> (<a href=\"https:\/\/stadtmuseum-kl.de\/?page_id=1415(\u00f6ffnet in neuem Tab)\"><strong>Zum Museumswort vom 03.05.2020<\/strong><\/a>) <\/p>\n\n\n\n<p> (<a href=\"https:\/\/stadtmuseum-kl.de\/?page_id=1641\"><strong>zum Museumswort vom 10.05.2020<\/strong><\/a>) <\/p>\n\n\n\n<p> (<a href=\"https:\/\/stadtmuseum-kl.de\/?page_id=1662\"><strong>zum Museumswort vom 24.05.2020<\/strong><\/a>)  <\/p>\n\n\n\n<h4> Das Museumswort zum Sonntag: 31.05.2020<\/h4>\n\n\n\n<h4><strong>G wie Graphische Sammlung<\/strong><\/h4>\n\n\n\n<p>Wer schreibt, der bleibt \u2013 das gilt ganz besonders f\u00fcr die\nsogenannten Graphischen Sammlungen, die in manchen Museen auch jahrhundertealte\nObjekte umfassen. Der aus dem Griechischen abgeleitete Begriff der \u201eGraphik\u201c\nmeint dabei allerdings mehr als die Produkte des reinen \u201eSchreibens\u201c: Gezeichnetes,\nGemaltes und Gedrucktes sind ebenso Teil einer Graphischen Sammlung wie reine\nSchriftbl\u00e4tter.<\/p>\n\n\n\n<p><a target=\"_blank\" href=\"https:\/\/stadtmuseum-kl.de\/wp-content\/uploads\/2020\/05\/FOTO_Graphische_Sammlung.jpeg\" rel=\"noopener noreferrer\"><img decoding=\"async\" loading=\"lazy\" width=\"400\" height=\"243\" class=\"wp-image-1660\" style=\"width: 300px;\" src=\"https:\/\/stadtmuseum-kl.de\/wp-content\/uploads\/2020\/05\/Graphische_Sammlung-kl.jpg\" alt=\"\" align=\"right\" srcset=\"https:\/\/stadtmuseum-kl.de\/wp-content\/uploads\/2020\/05\/Graphische_Sammlung-kl.jpg 400w, https:\/\/stadtmuseum-kl.de\/wp-content\/uploads\/2020\/05\/Graphische_Sammlung-kl-300x182.jpg 300w, https:\/\/stadtmuseum-kl.de\/wp-content\/uploads\/2020\/05\/Graphische_Sammlung-kl-150x91.jpg 150w\" sizes=\"(max-width: 400px) 100vw, 400px\" \/><\/a>Unendlich zahlreich sind allein die Verfahren, die beim Bedrucken eines Blattes zum Einsatz kommen k\u00f6nnen: Beim Hochdruck werden die \u201ehohen\u201c, also die sich \u00fcber die Grundfl\u00e4che erhebenden Teile einer bearbeiteten Platte eingef\u00e4rbt und dann abgedruckt, wie es beim Holzschnitt der Fall ist. Beim Tiefdruck hingegen gelangen die Farbe oder Druckerschw\u00e4rze in die \u201etief\u201c reichenden Ritzen, Aush\u00f6hlungen, Abtragungen usw. einer Platte wie etwa beim Kupfer- oder Stahlstich. Beim Flachdruck wiederum liegen die druckenden und die nichtdruckenden Partien auf einer Ebene: Der Druckstock wird chemisch so behandelt, dass die druckenden Teile lipophil sind, also die fetthaltige Druckfarbe aufnehmen und dann das Wasser absto\u00dfen. Beispiele w\u00e4ren die Lithographie oder der Offsetdruck. Beim Durchdruck arbeitet man mit einer Schablone. Druckende Teile sind farbdurchl\u00e4ssig (z. B. ein Sieb), nichtdruckende Elemente sind farbundurchl\u00e4ssig. Ein bekanntes Beispiel f\u00fcr diese Technik ist der Siebdruck. Zeichnungen k\u00f6nnen mit Bleistift, Kreide, Tinte, Tusche usw. angefertigt sein \u2013 der Phantasie und Kreativit\u00e4t sind hier keine Grenzen gesetzt. Die Ergebnisse finden als einzelne Bl\u00e4tter h\u00e4ufig ebenso den Weg in Graphische Sammlungen wie Aquarelle, Landkarten oder technische Zeichnungen. Sofern sie nicht separat aufbewahrt werden, geh\u00f6ren auch Fotos\/Photographien zum Reichtum einer Graphischen Sammlung und bieten k\u00fcnstlerische Arbeiten, Einzel- oder Gruppenportr\u00e4ts und dokumentarische \u00dcberlieferung aus \u00fcber anderthalb Jahrhunderten.<\/p>\n\n\n\n<p>Auch das Stadtmuseum Kaiserslautern verf\u00fcgt \u00fcber eine\numfangreiche Graphische Sammlung. In manchen Teilen geht sie auf pers\u00f6nliche\nNachl\u00e4sse einzelner Sammler*innen zur\u00fcck, so z.&nbsp;B. auf die Kollektion des\naus Matzenbach am Glan stammenden Geologen und Heimatforschers August Leppla\n(1859\u20131924). Ausgesuchte Einzelst\u00fccke der Graphischen Sammlung sind in der\nkostenfrei zug\u00e4nglichen Dauerausstellung im 1. OG des Theodor-Zink-Museums zu\nbewundern \u2013 da die meist lichtempfindlichen Bl\u00e4tter in regelm\u00e4\u00dfigen Abst\u00e4nden\ngegen andere aus dem Depot ausgetauscht werden, ergeben sich hier immer wieder\nneue Entdeckungen.<\/p>\n\n\n\n<p>(Bernd Klesmann)<\/p>\n\n\n\n<p>Abb.: Plan zur Entfernung der Treppe vom Trottoir am Theater zu\nKaiserslautern. 2. H\u00e4lfte 19. Jh., Graphische Slg. Stadtmuseum KL. Obergeschoss\ndes Theodor-Zink-Museums. (Foto: S. Br\u00fcck)<\/p>\n\n\n\n<p> <\/p>\n","protected":false},"excerpt":{"rendered":"<p>Zum Wochenabschluss gibt es das Museums-Wort zum Sonntag. Hier geht das Stadtmuseum Kaiserslautern Woche f\u00fcr Woche das Alphabet durch und erl\u00e4utert pro Buchstabe einen Begriff zur Museumsarbeit, zu wissenschaftlichen Methoden und aktuellen Diskussionen. Diese Kategorie erlaubt dem Publikum am Bildschirm, einen Blick hinter die Kulissen zu werfen. (Zum Museumswort vom\u2026<\/p>\n<p> <a class=\"continue-reading-link\" href=\"https:\/\/stadtmuseum-kl.de\/?page_id=1567\"><span>mehr &#8230;<\/span><i class=\"crycon-right-dir\"><\/i><\/a> <\/p>\n","protected":false},"author":1,"featured_media":0,"parent":1379,"menu_order":3,"comment_status":"closed","ping_status":"closed","template":"templates\/template-onecolumn.php","meta":[],"_links":{"self":[{"href":"https:\/\/stadtmuseum-kl.de\/index.php?rest_route=\/wp\/v2\/pages\/1567"}],"collection":[{"href":"https:\/\/stadtmuseum-kl.de\/index.php?rest_route=\/wp\/v2\/pages"}],"about":[{"href":"https:\/\/stadtmuseum-kl.de\/index.php?rest_route=\/wp\/v2\/types\/page"}],"author":[{"embeddable":true,"href":"https:\/\/stadtmuseum-kl.de\/index.php?rest_route=\/wp\/v2\/users\/1"}],"replies":[{"embeddable":true,"href":"https:\/\/stadtmuseum-kl.de\/index.php?rest_route=%2Fwp%2Fv2%2Fcomments&post=1567"}],"version-history":[{"count":16,"href":"https:\/\/stadtmuseum-kl.de\/index.php?rest_route=\/wp\/v2\/pages\/1567\/revisions"}],"predecessor-version":[{"id":1672,"href":"https:\/\/stadtmuseum-kl.de\/index.php?rest_route=\/wp\/v2\/pages\/1567\/revisions\/1672"}],"up":[{"embeddable":true,"href":"https:\/\/stadtmuseum-kl.de\/index.php?rest_route=\/wp\/v2\/pages\/1379"}],"wp:attachment":[{"href":"https:\/\/stadtmuseum-kl.de\/index.php?rest_route=%2Fwp%2Fv2%2Fmedia&parent=1567"}],"curies":[{"name":"wp","href":"https:\/\/api.w.org\/{rel}","templated":true}]}}