{"id":1577,"date":"2020-05-12T19:41:41","date_gmt":"2020-05-12T19:41:41","guid":{"rendered":"http:\/\/stadtmuseum-kl.de\/?page_id=1577"},"modified":"2020-05-12T19:42:09","modified_gmt":"2020-05-12T19:42:09","slug":"mitmach-mittwoch-06-05-2020","status":"publish","type":"page","link":"https:\/\/stadtmuseum-kl.de\/?page_id=1577","title":{"rendered":"Mitmach-Mittwoch: 06.05.2020"},"content":{"rendered":"\n<p>Am Mitmach-Mittwoch steht ein ausgew\u00e4hltes Objekt aus der Sammlung des Stadtmuseums im Mittelpunkt. Was macht dieses St\u00fcck so besonders? Woher stammt es? Und welche Geschichte steckt dahinter? \u2013 Diesen und weiteren interessanten Fragen ist das Museumsteam auf der Spur und stellt Fakten und Hintergr\u00fcnde anschaulich dar. Dazu passende Quiz-Aufgaben, Spiele oder Basteleien regen zus\u00e4tzlich die Kopf- und Handarbeit von Gro\u00df und Klein an.  <\/p>\n\n\n\n<h4>Mitmach-Mittwoch 06.05.2020<\/h4>\n\n\n\n<h3><strong>Was kann der Sigismund daf\u00fcr, dass er so \u2013 gro\u00dfz\u00fcgig ist\u2026?<\/strong><\/h3>\n\n\n\n<p><img decoding=\"async\" loading=\"lazy\" width=\"400\" height=\"319\" align=\"right\" class=\"wp-image-1555\" style=\"width: 300px;\" src=\"https:\/\/stadtmuseum-kl.de\/wp-content\/uploads\/2020\/05\/0605Urkunde.jpg\" alt=\"\" srcset=\"https:\/\/stadtmuseum-kl.de\/wp-content\/uploads\/2020\/05\/0605Urkunde.jpg 400w, https:\/\/stadtmuseum-kl.de\/wp-content\/uploads\/2020\/05\/0605Urkunde-300x239.jpg 300w, https:\/\/stadtmuseum-kl.de\/wp-content\/uploads\/2020\/05\/0605Urkunde-150x120.jpg 150w\" sizes=\"(max-width: 400px) 100vw, 400px\" \/>B\u00fcrgermeister und Rat der Stadt \u201ekeysers lutern\u201c hatten anno 1434 jedenfalls keinen Grund zur Klage. Als ein ferner Nachfolger Barbarossas und Rudolf von Habsburgs best\u00e4tigte Kaiser Sigismund die Freiheiten der Stadt, und zwar schriftlich. Eigene Verwaltung, Justiz und Marktrecht, ohne Steuern oder Abgaben an fremde Herrscher. Soweit die amtliche Version, die allerdings auch das Wunschdenken der damaligen Stadtoberen umschreibt \u2013 in Wirklichkeit war Kaiserslautern schon seit Jahrzehnten an verschiedene F\u00fcrsten verpf\u00e4ndet und musste permanent um den Status der freien Reichsstadt ringen. <\/p>\n\n\n\n<p>Umso gr\u00f6\u00dfere Bedeutung erhielt daher der kaiserliche &#8222;Freibrief&#8220;, den sich B\u00fcrgermeister und Rat von Raugraf Otto ein Jahr sp\u00e4ter auf der Altenbaumburg beglaubigen lie\u00dfen. Die originale Urkunde, die vor einigen Jahren als private Schenkung in den Bestand des Stadtmuseums gelangte, buchstabiert in fr\u00fchneuhochdeutscher Ausf\u00fchrlichkeit ein wertvolles St\u00fcck Selbstverst\u00e4ndnis der damaligen Stadtgesellschaft aus. Die zierliche sp\u00e4tgotische Kursivschrift ist mit etwas Geduld und Fantasie noch heute zu entziffern \u2013 Versuch macht klug, in der ersten Etage unseres Stadtmuseums!<br> (Bernd Klesmann)<\/p>\n\n\n\n<p>Abb.: Urkunde, 1434\/35, Kaiserslautern, Stadtmuseum, Dauerausstellung im Obergeschoss des Theodor-Zink-Museums (Foto: B. Klesmann)<\/p>\n\n\n\n<h3> <strong>DIY: Fremde Schriften entdecken und ein Mini-Buch basteln<\/strong><\/h3>\n\n\n\n<p>Viele Fremdsprachen haben eigene Schriften, die oft ganz anders aussehen als unsere lateinischen Buchstaben. Schau dir mal das Blatt an, auf dem das Wort \u201eFrieden\u201c in 14 verschiedenen Schriften aus aller Welt steht! Die chinesischen Schriftzeichen wirken hier wie drei kleine Gebilde, zusammengesetzt aus lauter kurzen geraden, senkrechten oder diagonalen Strichen. Im Bengalischen hingegen sind alle Zeichen schwungvoll miteinander verbunden.<\/p>\n\n\n\n<p>\u00dcbrigens: In wenigen Tagen, am 16. Mai, ist der Internationale Tag des friedlichen Zusammenlebens. Und du wei\u00dft jetzt schon, wie \u201eFrieden\u201c in den unterschiedlichen L\u00e4ndern geschrieben wird.<\/p>\n\n\n\n<p>Wenn du das Mini-Buch Schriften selbst basteln m\u00f6chtest, gibt es hier die Druckvorlage und die Anleitung zum Zusammenbau mit dem Tacker. Au\u00dfer diesem Ger\u00e4t brauchst du noch eine Schere, einen scharfen Blick und etwas Fingerspitzengef\u00fchl. Bitte vor dem Ausdrucken beachten, dass die Einstellung &#8222;Seitenanpassung: keine&#8220; ausgew\u00e4hlt ist. Ob alle 14 Schriften gut erkennbar auf dem Blatt erscheinen, kannst du anhand der Druckvorschau \u00fcberpr\u00fcfen.<\/p>\n\n\n\n<p>Zum Schluss noch eine Aufgabe f\u00fcr schlaue K\u00f6pfe: Eine der Schriften ist im Mini-Buch nicht richtig wiedergegeben. Ohnehin kann man sie nicht wie die anderen Schriften &#8222;lesen&#8220;, so wie du es kennst. Wei\u00dft du welche?<\/p>\n\n\n\n<p>(Simone Holt)<\/p>\n\n\n\n<p><a href=\"https:\/\/stadtmuseum-kl.de\/wp-content\/uploads\/2020\/05\/02_aKREATIV_Basteln_Minibuch_Schriften.pdf\" target=\"_blank\" rel=\"noreferrer noopener\" aria-label=\"zum Kreativ-Basteln-Minibuch-Schriften (\u00f6ffnet in neuem Tab)\">zum Kreativ-Basteln-Minibuch-Schriften<\/a><\/p>\n\n\n\n<p>Verlag &amp; Herausgeber Druckvorlage Mini-Buch: Labb\u00e9 GmbH, Walter-Gropius-Str. 16, 50126 Bergheim. Alle Rechte an diesem PDF liegen bei der Firma Labb\u00e9. Die gewerbliche Nutzung ist ausdr\u00fccklich untersagt.<\/p>\n\n\n\n<p>Wer neugierig auf alte Schriften geworden ist, kann sich gut und kostenlos hier informieren und das \u00dcbersetzen \u00fcben:<br> <a href=\"https:\/\/www.adfontes.uzh.ch\/ad-fontes\/einleitung\" target=\"_blank\" rel=\"noreferrer noopener\" aria-label=\"https:\/\/www.adfontes.uzh.ch\/ad-fontes\/einleitung (\u00f6ffnet in neuem Tab)\">https:\/\/www.adfontes.uzh.ch\/ad-fontes\/einleitung<\/a><\/p>\n","protected":false},"excerpt":{"rendered":"<p>Am Mitmach-Mittwoch steht ein ausgew\u00e4hltes Objekt aus der Sammlung des Stadtmuseums im Mittelpunkt. Was macht dieses St\u00fcck so besonders? Woher stammt es? Und welche Geschichte steckt dahinter? \u2013 Diesen und weiteren interessanten Fragen ist das Museumsteam auf der Spur und stellt Fakten und Hintergr\u00fcnde anschaulich dar. Dazu passende Quiz-Aufgaben, Spiele\u2026<\/p>\n<p> <a class=\"continue-reading-link\" href=\"https:\/\/stadtmuseum-kl.de\/?page_id=1577\"><span>mehr &#8230;<\/span><i class=\"crycon-right-dir\"><\/i><\/a> <\/p>\n","protected":false},"author":1,"featured_media":0,"parent":1552,"menu_order":3,"comment_status":"closed","ping_status":"closed","template":"templates\/template-onecolumn.php","meta":[],"_links":{"self":[{"href":"https:\/\/stadtmuseum-kl.de\/index.php?rest_route=\/wp\/v2\/pages\/1577"}],"collection":[{"href":"https:\/\/stadtmuseum-kl.de\/index.php?rest_route=\/wp\/v2\/pages"}],"about":[{"href":"https:\/\/stadtmuseum-kl.de\/index.php?rest_route=\/wp\/v2\/types\/page"}],"author":[{"embeddable":true,"href":"https:\/\/stadtmuseum-kl.de\/index.php?rest_route=\/wp\/v2\/users\/1"}],"replies":[{"embeddable":true,"href":"https:\/\/stadtmuseum-kl.de\/index.php?rest_route=%2Fwp%2Fv2%2Fcomments&post=1577"}],"version-history":[{"count":1,"href":"https:\/\/stadtmuseum-kl.de\/index.php?rest_route=\/wp\/v2\/pages\/1577\/revisions"}],"predecessor-version":[{"id":1578,"href":"https:\/\/stadtmuseum-kl.de\/index.php?rest_route=\/wp\/v2\/pages\/1577\/revisions\/1578"}],"up":[{"embeddable":true,"href":"https:\/\/stadtmuseum-kl.de\/index.php?rest_route=\/wp\/v2\/pages\/1552"}],"wp:attachment":[{"href":"https:\/\/stadtmuseum-kl.de\/index.php?rest_route=%2Fwp%2Fv2%2Fmedia&parent=1577"}],"curies":[{"name":"wp","href":"https:\/\/api.w.org\/{rel}","templated":true}]}}