{"id":159,"date":"2015-11-03T15:30:02","date_gmt":"2015-11-03T15:30:02","guid":{"rendered":"http:\/\/stadtmuseum-kl.de\/?page_id=159"},"modified":"2015-11-22T15:58:12","modified_gmt":"2015-11-22T15:58:12","slug":"geschichte-der-stadt-kaiserslautern","status":"publish","type":"page","link":"https:\/\/stadtmuseum-kl.de\/?page_id=159","title":{"rendered":"Geschichte der Stadt Kaiserslautern"},"content":{"rendered":"<div style=\"background:#ffffff; width:99%; text-align:left; margin:10px; height:auto;\">\n<div style=\"background:#ffffff; font-family: arial;  width:67%; height:100%; float:left\">\n<p><strong>Geschichte der Stadt Kaiserslautern<\/strong><\/p>\n<p>Die Dauerausstellung ist der Geschichte der Stadt Kaiserslautern und der Region gewidmet und stellt die wichtigsten Ereignisse und Epochen von den fr\u00fchesten Siedlungsspuren bis in die Gegenwart dar.<\/p>\n<p>Die Ausstellung ist chronologisch aufgebaut und \u2013 mit einer Ausnahme \u2013 als Rundgang konzipiert.<br \/>\nDer Besucher betritt die Ausstellung am Beginn der modernen Siedlung und wendet sich zun\u00e4chst zur\u00fcck in die Vergangenheit. In der Vor- und Fr\u00fchgeschichte werden neben \u00e4lteren Funden insbesondere die Grabungsergebnisse der letzten Jahrzehnte vorgestellt, die f\u00fcr die lokale Geschichtsschreibung viele neue Erkenntnisse er\u00f6ffnet haben. So belegen bandkeramische Funde vom Rittersberg einen Siedlungsbeginn bereits f\u00fcr die Wende vom 6. zum 5. Jahrtausend v. Chr. Artefakte der Bronze- und Eisenzeit sowie der r\u00f6mischen Kaiserzeit geben Einblick in die kulturelle Entwicklung unseres Siedlungsraumes.<\/p>\n<p>Zur\u00fcckgekehrt zum Eingangsraum f\u00fchrt der Weg durch wichtige Stationen der mittelalterlichen Stadtgeschichte und der fr\u00fchen Neuzeit: die karolingischen Wirtschaftsh\u00f6fe der Villa Lutra, die Errichtung der staufischen Kaiserpfalz durch Friedrich I. Barbaorssa, die Stadtrechtsverleihung durch Rudolf von Habsburg, der Bau der Stadtmauer, der Burgen um und der Kirchen in Kaiserslautern bis hin zu den Umw\u00e4lzungen durch Reformation und Bauernkrieg.<\/p>\n<p>Der n\u00e4chste Ausstellungsraum umspannt den Zeitraum von der Mitte des 16. bis zum Ende des 19. Jahrhunderts und zeigt die Entwicklung von der Residenz des Pfalzgrafen Johann Casimir bis zur Industriestadt. Thematische Stationen sind der Drei\u00dfigj\u00e4hrige Krieg, das Stadtbild zur Merianzeit, der Pf\u00e4lzische Erbfolgekrieg, soziale und wirtschaftliche Entwicklung unter Kurf\u00fcrst Carl Theodor, die Gr\u00fcndung einer kameralwissenschaftlichen Hochschule in Kaiserslautern, die Organisation von Handwerk und Z\u00fcnften und die beginnende Industrialisierung. Schwerpunktthemen im 19. Jahrhundert bilden die b\u00fcrgerlich-demokratische Bewegung mit Hambacher Fest und Revolution von 1848\/49, b\u00fcrgerliches Lebensgef\u00fchl der Biedermeierzeit und erste Fabrikgr\u00fcndungen. <\/p>\n<p>Den expandierenden Aufbruch ins 20. Jahrhundert markiert der \u201eStadterweiterungsplan\u201c von Eugen Bindewald, 1887, als utopischer, doch viele moderne Entwicklungen vorausgreifender Entwurf der Gr\u00fcnderjahre. Der letzte Raum stellt Kaiserslautrer Firmen und ihre Produkte vor, besch\u00e4ftigt sich mit den politischen Ereignissen, Entwicklungen und Katastrophen, Erster Weltkrieg, Inflation, Separatismus, Nationalsozialismus, Zweiter Weltkrieg. Thematisiert wird die Stadtplanung und \u2013gestaltung durch den bedeutenden Stadtbaumeister Hermann Hussong. J\u00fcdisches Leben in Kaiserslautern wird Zeit \u00fcbergreifend bis zur Verfolgung und Deportation behandelt. Die j\u00fcngste Vergangenheit wird eher assoziativ und schlaglichtartig dargestellt mit Fotos bestimmter Ereignisse, Bauma\u00dfnahmen, Stadtbildver\u00e4nderungen und \u2013 sehr greifbar \u2013 in einer Assemblage aus Konsum- und Gebrauchsg\u00fctern des 20. Jahrhunderts.<\/p>\n<\/div>\n<div style=\"background:#ffffff; font-family: arial; width:30%; height:100%; float:right;\">\n<p><strong>Impressionen<\/strong><\/p>\n<p><a target=\"_blank\" href=\"https:\/\/stadtmuseum-kl.de\/wp-content\/uploads\/2015\/11\/ausstellung05-gr.jpg\"><img decoding=\"async\" loading=\"lazy\" src=\"https:\/\/stadtmuseum-kl.de\/wp-content\/uploads\/2015\/11\/ausstellung05.jpg\" alt=\"\" width=\"249\" height=\"167\"\/><\/a><br \/>\n<span class=\"klein\">keramische Funde aus der Vor- und Fr\u00fchgeschichte<\/span><\/p>\n<p><a target=\"_blank\" href=\"https:\/\/stadtmuseum-kl.de\/wp-content\/uploads\/2015\/11\/ausstellung06-kl.jpg\"><img decoding=\"async\" loading=\"lazy\" src=\"https:\/\/stadtmuseum-kl.de\/wp-content\/uploads\/2015\/11\/ausstellung06.jpg\" width=\"248\" height=\"168\"\/><\/a><br \/>\n<span class=\"klein\">Fundst\u00fccke in Glasvitrinen<\/span><\/p>\n<p><a target=\"_blank\" href=\"https:\/\/stadtmuseum-kl.de\/wp-content\/uploads\/2015\/11\/ausstellung04-gr.jpg\"><img decoding=\"async\" loading=\"lazy\" src=\"https:\/\/stadtmuseum-kl.de\/wp-content\/uploads\/2015\/11\/ausstellung04.jpg\" alt=\"\" width=\"249\" height=\"175\"\/><\/a><br \/>\n<span class=\"klein\">Wanderbuch f\u00fcr junge Handwerker<\/span><\/p>\n<p><a target=\"_blank\" href=\"https:\/\/stadtmuseum-kl.de\/wp-content\/uploads\/2015\/11\/ausstellung01-gr.jpg\"><img decoding=\"async\" loading=\"lazy\" src=\"https:\/\/stadtmuseum-kl.de\/wp-content\/uploads\/2015\/11\/ausstellung01.jpg\" alt=\"Dauerausstellung\" width=\"249\" height=\"167\"\/><\/a><br \/>\n<span class=\"klein\">Wohnungseinrichtung 50&#8217;er Jahre<\/span><\/p>\n<\/div>\n<\/div>\n<p><br clear=\"all\"><\/p>\n","protected":false},"excerpt":{"rendered":"<p>Geschichte der Stadt Kaiserslautern Die Dauerausstellung ist der Geschichte der Stadt Kaiserslautern und der Region gewidmet und stellt die wichtigsten Ereignisse und Epochen von den fr\u00fchesten Siedlungsspuren bis in die Gegenwart dar. Die Ausstellung ist chronologisch aufgebaut und \u2013 mit einer Ausnahme \u2013 als Rundgang konzipiert. Der Besucher betritt die\u2026<\/p>\n<p> <a class=\"continue-reading-link\" href=\"https:\/\/stadtmuseum-kl.de\/?page_id=159\"><span>mehr &#8230;<\/span><i class=\"crycon-right-dir\"><\/i><\/a> <\/p>\n","protected":false},"author":1,"featured_media":0,"parent":29,"menu_order":0,"comment_status":"closed","ping_status":"closed","template":"templates\/template-onecolumn.php","meta":[],"_links":{"self":[{"href":"https:\/\/stadtmuseum-kl.de\/index.php?rest_route=\/wp\/v2\/pages\/159"}],"collection":[{"href":"https:\/\/stadtmuseum-kl.de\/index.php?rest_route=\/wp\/v2\/pages"}],"about":[{"href":"https:\/\/stadtmuseum-kl.de\/index.php?rest_route=\/wp\/v2\/types\/page"}],"author":[{"embeddable":true,"href":"https:\/\/stadtmuseum-kl.de\/index.php?rest_route=\/wp\/v2\/users\/1"}],"replies":[{"embeddable":true,"href":"https:\/\/stadtmuseum-kl.de\/index.php?rest_route=%2Fwp%2Fv2%2Fcomments&post=159"}],"version-history":[{"count":16,"href":"https:\/\/stadtmuseum-kl.de\/index.php?rest_route=\/wp\/v2\/pages\/159\/revisions"}],"predecessor-version":[{"id":699,"href":"https:\/\/stadtmuseum-kl.de\/index.php?rest_route=\/wp\/v2\/pages\/159\/revisions\/699"}],"up":[{"embeddable":true,"href":"https:\/\/stadtmuseum-kl.de\/index.php?rest_route=\/wp\/v2\/pages\/29"}],"wp:attachment":[{"href":"https:\/\/stadtmuseum-kl.de\/index.php?rest_route=%2Fwp%2Fv2%2Fmedia&parent=159"}],"curies":[{"name":"wp","href":"https:\/\/api.w.org\/{rel}","templated":true}]}}