{"id":1603,"date":"2020-05-19T18:37:40","date_gmt":"2020-05-19T18:37:40","guid":{"rendered":"http:\/\/stadtmuseum-kl.de\/?page_id=1603"},"modified":"2020-05-19T18:37:40","modified_gmt":"2020-05-19T18:37:40","slug":"mitmach-mittwoch-13-05-2020","status":"publish","type":"page","link":"https:\/\/stadtmuseum-kl.de\/?page_id=1603","title":{"rendered":"Mitmach-Mittwoch 13.05.2020"},"content":{"rendered":"\n<p>Am Mitmach-Mittwoch steht ein ausgew\u00e4hltes Objekt aus der Sammlung des Stadtmuseums im Mittelpunkt. Was macht dieses St\u00fcck so besonders? Woher stammt es? Und welche Geschichte steckt dahinter? \u2013 Diesen und weiteren interessanten Fragen ist das Museumsteam auf der Spur und stellt Fakten und Hintergr\u00fcnde anschaulich dar. Dazu passende Quiz-Aufgaben, Spiele oder Basteleien regen zus\u00e4tzlich die Kopf- und Handarbeit von Gro\u00df und Klein an.  <\/p>\n\n\n\n<h4>Mitmach-Mittwoch 13.05.2020<\/h4>\n\n\n\n<h3><strong>Gewichtiges Fundst\u00fcck: Der T\u00fcrsturz der Metzgerpforte<\/strong><\/h3>\n\n\n\n<p><img decoding=\"async\" loading=\"lazy\" width=\"500\" height=\"488\" class=\"wp-image-1581\" style=\"width: 300px;\" src=\"https:\/\/stadtmuseum-kl.de\/wp-content\/uploads\/2020\/05\/Tuersturz_Metzgerpforte.jpg\" align=\"right\" alt=\"\" srcset=\"https:\/\/stadtmuseum-kl.de\/wp-content\/uploads\/2020\/05\/Tuersturz_Metzgerpforte.jpg 500w, https:\/\/stadtmuseum-kl.de\/wp-content\/uploads\/2020\/05\/Tuersturz_Metzgerpforte-300x293.jpg 300w, https:\/\/stadtmuseum-kl.de\/wp-content\/uploads\/2020\/05\/Tuersturz_Metzgerpforte-150x146.jpg 150w\" sizes=\"(max-width: 500px) 100vw, 500px\" \/>Glanz und Elend einer Stadtgemeinschaft \u2013 davon erz\u00e4hlt eines der spektakul\u00e4rsten Exponate unserer permanenten Ausstellung. Das Meisterwerk unbekannter Steinmetze aus den ersten Jahren des 17. Jahrhunderts kr\u00f6nte den Durchgang durch die so genannte Metzgerpforte. Wie auch Merians Stadtansicht zeigt, bildete sie das Haupteingangstor zur Stadt aus Richtung Norden. Auf dem leicht nach au\u00dfen gew\u00f6lbten Block aus behauenem Buntsandstein befindet sich mittig eine Reliefdarstellung des Stadtwappens mit dem steigenden Hecht. Eine Inschrift zu beiden Seiten dieser Wappenkartusche nennt die beiden B\u00fcrgermeister des Jahres 1603, Johann Matzenbach und Bernhard Bruch, als &#8222;dero Zeit dieser Stat Bauw[mei]ster&#8220; \u2013 gewisserma\u00dfen die damaligen Baudezernenten von Kaiserslautern.<\/p>\n\n\n\n<p>Etwa drei Jahrzehnte nach der Entstehung des pr\u00e4chtigen Stadttores, im Juli 1635, begann die katastrophale Zerst\u00f6rung der bl\u00fchenden Stadt im Zuge des Drei\u00dfigj\u00e4hrigen Krieges mit gro\u00df angelegten Sprengungen im n\u00f6rdlichen Teil der Stadtbefestigung. Der Wiederaufbau der alten Bauten erfolgte eher notd\u00fcrftig. Erhalten geblieben ist der T\u00fcrsturz nur deshalb, weil er \u00fcber drei Jahrhunderte lang unber\u00fchrt im Erdreich lag, bevor die Bauarbeiten zum neuen Pfalztheater ihn im Mai 1992 wieder zum Vorschein brachten. Eine Bodenmarkierung und modern rekonstruierte Elemente der Stadtmauer an der Ecke Martin-Luther-Stra\u00dfe \/ Ludwigstra\u00dfe erinnern an den fr\u00fcheren Standort der imposanten Metzgerpforte. <\/p>\n\n\n\n<p>(Bernd Klesmann)<\/p>\n\n\n\n<p>Abb.: T\u00fcrsturz der ehem. Metzgerpforte, Sandstein, A. 17. Jh.,\nStadtmuseum Kaiserslautern, Dauerausstellung, erstes Obergeschoss des\nTheodor-Zink-Museums (Foto: S. Br\u00fcck)<\/p>\n\n\n\n<h3> <strong>DIY: Wappen-Designer &#8211; Stadtwappen KL<\/strong><\/h3>\n\n\n\n<p><img decoding=\"async\" loading=\"lazy\" width=\"500\" height=\"598\" class=\"wp-image-1580\" align=\"right\" style=\"width: 200px;\" src=\"https:\/\/stadtmuseum-kl.de\/wp-content\/uploads\/2020\/05\/005_b_WAPPEN_Stadt-Kaiserslautern.svg_.png\" alt=\"\" srcset=\"https:\/\/stadtmuseum-kl.de\/wp-content\/uploads\/2020\/05\/005_b_WAPPEN_Stadt-Kaiserslautern.svg_.png 500w, https:\/\/stadtmuseum-kl.de\/wp-content\/uploads\/2020\/05\/005_b_WAPPEN_Stadt-Kaiserslautern.svg_-251x300.png 251w, https:\/\/stadtmuseum-kl.de\/wp-content\/uploads\/2020\/05\/005_b_WAPPEN_Stadt-Kaiserslautern.svg_-125x150.png 125w\" sizes=\"(max-width: 500px) 100vw, 500px\" \/>Dass im Stadtwappen von Kaiserslautern ein Fisch auftaucht, geht wohl auf die Sage vom Hecht im Kaiserwoog zur\u00fcck. In diesem See soll 1497 ein alter, ungew\u00f6hnlich gro\u00dfer und schwerer Hecht gefangen worden sein, der einen goldenen Ring mit einer Inschrift getragen habe. Dem Wortlaut zufolge setzte Kaiser Friedrich diesen Hecht 1230 \u2013 also 267 Jahre vor dem erstaunlichen Fang \u2013 eigenh\u00e4ndig dort aus.<\/p>\n\n\n\n<p>Fr\u00fcher hatten nicht nur St\u00e4dte und Gemeinde Wappen, sondern auch Burgherren- und -fr\u00e4ulein. Warum das pers\u00f6nliche Schild vor allem f\u00fcr Ritter so wichtig war, erf\u00e4hrst du unter <a href=\"http:\/\/www.wappen-designer.de\" target=\"_blank\" rel=\"noreferrer noopener\" aria-label=\"www.wappen-designer.de (\u00f6ffnet in neuem Tab)\">www.wappen-designer.de<\/a> . Und nicht nur das: Mit der App kannst du dein eigenes Wappen gestalten \u2013 zur Auswahl stehen eine Menge Farben, Symbole und Tiere, darunter sogar ein Einhorn! Wir sind gespannt, was du im Schilde f\u00fchrst \u2013 zeig es unter dem Hashtag #meinwappen!<\/p>\n\n\n\n<p>Copyright Website\/App\nwww.wappen-designer.de : Generaldirektion Kulturelles Erbe Rheinland-Pfalz<\/p>\n\n\n\n<p>(Simone Holt)<\/p>\n","protected":false},"excerpt":{"rendered":"<p>Am Mitmach-Mittwoch steht ein ausgew\u00e4hltes Objekt aus der Sammlung des Stadtmuseums im Mittelpunkt. Was macht dieses St\u00fcck so besonders? Woher stammt es? Und welche Geschichte steckt dahinter? \u2013 Diesen und weiteren interessanten Fragen ist das Museumsteam auf der Spur und stellt Fakten und Hintergr\u00fcnde anschaulich dar. Dazu passende Quiz-Aufgaben, Spiele\u2026<\/p>\n<p> <a class=\"continue-reading-link\" href=\"https:\/\/stadtmuseum-kl.de\/?page_id=1603\"><span>mehr &#8230;<\/span><i class=\"crycon-right-dir\"><\/i><\/a> <\/p>\n","protected":false},"author":1,"featured_media":0,"parent":1552,"menu_order":4,"comment_status":"closed","ping_status":"closed","template":"templates\/template-onecolumn.php","meta":[],"_links":{"self":[{"href":"https:\/\/stadtmuseum-kl.de\/index.php?rest_route=\/wp\/v2\/pages\/1603"}],"collection":[{"href":"https:\/\/stadtmuseum-kl.de\/index.php?rest_route=\/wp\/v2\/pages"}],"about":[{"href":"https:\/\/stadtmuseum-kl.de\/index.php?rest_route=\/wp\/v2\/types\/page"}],"author":[{"embeddable":true,"href":"https:\/\/stadtmuseum-kl.de\/index.php?rest_route=\/wp\/v2\/users\/1"}],"replies":[{"embeddable":true,"href":"https:\/\/stadtmuseum-kl.de\/index.php?rest_route=%2Fwp%2Fv2%2Fcomments&post=1603"}],"version-history":[{"count":1,"href":"https:\/\/stadtmuseum-kl.de\/index.php?rest_route=\/wp\/v2\/pages\/1603\/revisions"}],"predecessor-version":[{"id":1604,"href":"https:\/\/stadtmuseum-kl.de\/index.php?rest_route=\/wp\/v2\/pages\/1603\/revisions\/1604"}],"up":[{"embeddable":true,"href":"https:\/\/stadtmuseum-kl.de\/index.php?rest_route=\/wp\/v2\/pages\/1552"}],"wp:attachment":[{"href":"https:\/\/stadtmuseum-kl.de\/index.php?rest_route=%2Fwp%2Fv2%2Fmedia&parent=1603"}],"curies":[{"name":"wp","href":"https:\/\/api.w.org\/{rel}","templated":true}]}}