{"id":1641,"date":"2020-05-23T16:49:51","date_gmt":"2020-05-23T16:49:51","guid":{"rendered":"http:\/\/stadtmuseum-kl.de\/?page_id=1641"},"modified":"2020-05-23T16:49:51","modified_gmt":"2020-05-23T16:49:51","slug":"museums-wort-zum-sonntag-10-05-2020","status":"publish","type":"page","link":"https:\/\/stadtmuseum-kl.de\/?page_id=1641","title":{"rendered":"Museums-Wort zum Sonntag 10.05.2020"},"content":{"rendered":"\n<p> Zum Wochenabschluss gibt es das Museums-Wort zum Sonntag. Hier geht das Stadtmuseum Kaiserslautern Woche f\u00fcr Woche das Alphabet durch und erl\u00e4utert pro Buchstabe einen Begriff zur Museumsarbeit, zu wissenschaftlichen Methoden und aktuellen Diskussionen. Diese Kategorie erlaubt dem Publikum am Bildschirm, einen Blick hinter die Kulissen zu werfen.  <\/p>\n\n\n\n<p> (<a href=\"https:\/\/stadtmuseum-kl.de\/?page_id=1469\"><strong>Zum Museumswort vom 12.04.2020<\/strong><\/a>)<\/p>\n\n\n\n<p><a href=\"https:\/\/stadtmuseum-kl.de\/?page_id=1504\"><strong>(Zum Museumswort vom 19.04.2020)<\/strong><\/a><\/p>\n\n\n\n<p>(<a href=\"https:\/\/stadtmuseum-kl.de\/?page_id=1542\"><strong>Zum Museumswort vom 26.04.20202<\/strong><\/a>)<\/p>\n\n\n\n<p> (<a href=\"https:\/\/stadtmuseum-kl.de\/?page_id=1415(\u00f6ffnet in neuem Tab)\"><strong>Zum Museumswort vom 03.05.2020<\/strong><\/a>) <\/p>\n\n\n\n<h4> Das Museumswort zum Sonntag<\/h4>\n\n\n\n<h4>E wie Ethische Richtlinien<\/h4>\n\n\n\n<p><img decoding=\"async\" loading=\"lazy\" width=\"500\" height=\"758\" class=\"wp-image-1566\" style=\"width: 300px;\" src=\"https:\/\/stadtmuseum-kl.de\/wp-content\/uploads\/2020\/05\/Ethische_Richtlinien.jpg\" align=\"right\" alt=\"\" srcset=\"https:\/\/stadtmuseum-kl.de\/wp-content\/uploads\/2020\/05\/Ethische_Richtlinien.jpg 500w, https:\/\/stadtmuseum-kl.de\/wp-content\/uploads\/2020\/05\/Ethische_Richtlinien-198x300.jpg 198w, https:\/\/stadtmuseum-kl.de\/wp-content\/uploads\/2020\/05\/Ethische_Richtlinien-99x150.jpg 99w\" sizes=\"(max-width: 500px) 100vw, 500px\" \/>Der internationale Museumsrat ICOM hat f\u00fcr die Museumslandschaft ethische Richtlinien erarbeitet. Sie legen grunds\u00e4tzliche Verhaltensrichtlinien fest, die einen allgemein anerkannten Mindeststandard definieren. Alle Museen \u00fcberall auf der Welt, unabh\u00e4ngig von regionaler Gesetzgebung, Gepflogenheiten und Organisationsform, bekommen so ein wertvolles Kontrollinstrument f\u00fcr die eigene Arbeit und das eigene Verhalten an die Hand. Andererseits geben diese ethischen Richtlinien auch vor, welche realistischen Erwartungen die \u00d6ffentlichkeit an die Institution Museum, aber auch an die Mitarbeiter*innen und deren Berufsstand richten kann.<\/p>\n\n\n\n<p>Die ethischen Richtlinien betreffen verschiedenste Bereiche:  Museen tragen die Verantwortung f\u00fcr das materielle und immaterielle Natur- und Kulturerbe. Sie sind der Gemeinschaft gegen\u00fcber verpflichtet, dieses Erbe im Rahmen der internationalen Gesetzgebung zu verwalten und zu sch\u00fctzen und tragen Verantwortung  f\u00fcr den rechtm\u00e4\u00dfigen Besitz, den dauerhaften Charakter, die Pflege und Entwicklung, die Dokumentation, die Erforschung, die Pr\u00e4sentation und die Zug\u00e4nglichkeit ihrer Sammlung. Museumstr\u00e4ger wiederum m\u00fcssen daf\u00fcr die Ressourcen zur Verf\u00fcgung stellen. Als Erweiterung der typischen Museumsaktivit\u00e4t bietet es sich an, Ressourcen und Spezialwissen zu teilen, die auch au\u00dferhalb des Museums n\u00fctzlich sein k\u00f6nnen.<br><\/p>\n\n\n\n<p>Museumssammlungen geh\u00f6ren zum Erbe der Gemeinschaften, aus der sie stammen. Das Museum muss die engen Bindungen an nationale, regionale, lokale, ethnische, religi\u00f6se oder politische Identit\u00e4ten ber\u00fccksichtigen und ihnen aufgeschlossen begegnen. Zudem m\u00fcssen sich Museen und ihre Tr\u00e4ger voll und ganz an internationale, nationale, regionale und lokale Gesetze, rechtverbindliche Abkommen und vertragliche Pflichten halten.<br><\/p>\n\n\n\n<p>Museumsmitarbeiter\/innen m\u00fcssen anerkannte Standards und Gesetze beachten und die Ehre ihres Berufsstandes wahren. Sie sollen die Gesellschaft vor illegalem oder unethischem Verhalten sch\u00fctzen und das \u00f6ffentliche Verst\u00e4ndnis f\u00fcr den gesellschaftlichen Beitrag von Museen durch Information und Transparenz steigern. Zudem haben Museen der \u00d6ffentlichkeit gegen\u00fcber einen Bildungsauftrag.<br><\/p>\n\n\n\n<p>Wer die Richtlinien genauer studieren m\u00f6chte, findet sie hier:<br><a href=\"https:\/\/icom-deutschland.de\/index.php\/de\/component\/abook\/book\/2-icom-publikationen\/6-ethische-richtlinien-fuer-museen-von-icom\" target=\"_blank&quot;\" rel=\"noopener noreferrer\">https:\/\/icom-deutschland.de\/index.php\/de\/component\/abook\/book\/2-icom-publikationen\/6-ethische-richtlinien-fuer-museen-von-icom<\/a><br> (Sara Br\u00fcck)<\/p>\n\n\n\n<p>Abb.: Pr\u00e4sentation eines Pharaonenpaars, \u00c4gyptisches Museum Turin, 2019. Bei Exponaten aus anderen Kulturkreisen gilt es, Provenienz, juristische Begleitumst\u00e4nde des Erwerbs und die respektvolle Pr\u00e4sentation genau zu pr\u00fcfen. (Foto: S. Br\u00fcck)<\/p>\n\n\n\n<p><\/p>\n\n\n\n<p> <\/p>\n","protected":false},"excerpt":{"rendered":"<p>Zum Wochenabschluss gibt es das Museums-Wort zum Sonntag. Hier geht das Stadtmuseum Kaiserslautern Woche f\u00fcr Woche das Alphabet durch und erl\u00e4utert pro Buchstabe einen Begriff zur Museumsarbeit, zu wissenschaftlichen Methoden und aktuellen Diskussionen. Diese Kategorie erlaubt dem Publikum am Bildschirm, einen Blick hinter die Kulissen zu werfen. (Zum Museumswort vom\u2026<\/p>\n<p> <a class=\"continue-reading-link\" href=\"https:\/\/stadtmuseum-kl.de\/?page_id=1641\"><span>mehr &#8230;<\/span><i class=\"crycon-right-dir\"><\/i><\/a> <\/p>\n","protected":false},"author":1,"featured_media":0,"parent":1567,"menu_order":4,"comment_status":"closed","ping_status":"closed","template":"templates\/template-onecolumn.php","meta":[],"_links":{"self":[{"href":"https:\/\/stadtmuseum-kl.de\/index.php?rest_route=\/wp\/v2\/pages\/1641"}],"collection":[{"href":"https:\/\/stadtmuseum-kl.de\/index.php?rest_route=\/wp\/v2\/pages"}],"about":[{"href":"https:\/\/stadtmuseum-kl.de\/index.php?rest_route=\/wp\/v2\/types\/page"}],"author":[{"embeddable":true,"href":"https:\/\/stadtmuseum-kl.de\/index.php?rest_route=\/wp\/v2\/users\/1"}],"replies":[{"embeddable":true,"href":"https:\/\/stadtmuseum-kl.de\/index.php?rest_route=%2Fwp%2Fv2%2Fcomments&post=1641"}],"version-history":[{"count":1,"href":"https:\/\/stadtmuseum-kl.de\/index.php?rest_route=\/wp\/v2\/pages\/1641\/revisions"}],"predecessor-version":[{"id":1642,"href":"https:\/\/stadtmuseum-kl.de\/index.php?rest_route=\/wp\/v2\/pages\/1641\/revisions\/1642"}],"up":[{"embeddable":true,"href":"https:\/\/stadtmuseum-kl.de\/index.php?rest_route=\/wp\/v2\/pages\/1567"}],"wp:attachment":[{"href":"https:\/\/stadtmuseum-kl.de\/index.php?rest_route=%2Fwp%2Fv2%2Fmedia&parent=1641"}],"curies":[{"name":"wp","href":"https:\/\/api.w.org\/{rel}","templated":true}]}}