{"id":1650,"date":"2020-05-26T18:31:56","date_gmt":"2020-05-26T18:31:56","guid":{"rendered":"http:\/\/stadtmuseum-kl.de\/?page_id=1650"},"modified":"2020-05-26T18:31:56","modified_gmt":"2020-05-26T18:31:56","slug":"mitmach-mittwoch-20-05-202","status":"publish","type":"page","link":"https:\/\/stadtmuseum-kl.de\/?page_id=1650","title":{"rendered":"Mitmach-Mittwoch 20.05.202"},"content":{"rendered":"\n<p>Am Mitmach-Mittwoch steht ein ausgew\u00e4hltes Objekt aus der Sammlung des Stadtmuseums im Mittelpunkt. Was macht dieses St\u00fcck so besonders? Woher stammt es? Und welche Geschichte steckt dahinter? \u2013 Diesen und weiteren interessanten Fragen ist das Museumsteam auf der Spur und stellt Fakten und Hintergr\u00fcnde anschaulich dar. Dazu passende Quiz-Aufgaben, Spiele oder Basteleien regen zus\u00e4tzlich die Kopf- und Handarbeit von Gro\u00df und Klein an.  <\/p>\n\n\n\n<h4>Mitmach-Mittwoch <\/h4>\n\n\n\n<h3><strong>Seine Durchlaucht<\/strong><\/h3>\n\n\n\n<p><img decoding=\"async\" loading=\"lazy\" width=\"500\" height=\"494\" class=\"wp-image-1601\" align=\"right\" style=\"width: 350px;\" src=\"https:\/\/stadtmuseum-kl.de\/wp-content\/uploads\/2020\/05\/glasscheibe1.jpg\" alt=\"\" srcset=\"https:\/\/stadtmuseum-kl.de\/wp-content\/uploads\/2020\/05\/glasscheibe1.jpg 500w, https:\/\/stadtmuseum-kl.de\/wp-content\/uploads\/2020\/05\/glasscheibe1-300x296.jpg 300w, https:\/\/stadtmuseum-kl.de\/wp-content\/uploads\/2020\/05\/glasscheibe1-150x148.jpg 150w\" sizes=\"(max-width: 500px) 100vw, 500px\" \/>Das Adelspr\u00e4dikat \u201eDurchlaucht\u201c leitet sich vom mittelhochdeutschen \u201edurchliuhten\u201c (= durchleuchten) ab. Angesichts unseres besonderen Museumsobjekts ist diese Bezeichnung also auch wortw\u00f6rtlich zu verstehen. Denn es handelt sich um eine farbige Glasscheibe, auf der kein Geringerer als Kaiser Friedrich I. erscheint \u2013 besser bekannt als Kaiser Barbarossa. Die um 1540 entstandene Darstellung zeigt ihn auf seinem Thron sitzend, in einem gemauerten Innenraum, \u201eumrahmt\u201c von zahlreichen Insignien (der Fachbegriff f\u00fcr Herrschaftssymbole wie bestimmte Gegenst\u00e4nde, Kleidungs- und Schmuckst\u00fccke).<\/p>\n\n\n\n<p>Aufgrund der kunstvollen Ausf\u00fchrung des Werks \u2013\nzusammengesetzt aus unterschiedlich gro\u00dfen, unregelm\u00e4\u00dfig geformten Glasst\u00fccken,\neingepasst &nbsp;in Bleistege und mit detaillierten\nBinnenzeichnungen versehen \u2013 darf man davon ausgehen, dass es ein Meister\nseines Fachs geschaffen hat. Die wertvolle Leihgabe, welche die\nDauerausstellung im Stadtmuseum Kaiserslautern bereichert, stammt aus dem\nBayerischen Nationalmuseum in M\u00fcnchen. <\/p>\n\n\n\n<p>Seine glanzvolle Wirkung entfaltet das\nherrschaftliche Stifterportr\u00e4t \u00fcber den lichtdurchl\u00e4ssigen Bildtr\u00e4ger. Durch\ndie Beleuchtung von hinten erhalten die zum Teil sehr intensiv gef\u00e4rbten Kompartimente\n\u2013 wie z. B. das Rot des Gewandrocks \u2013 noch mehr Strahlkraft, die sich gewisserma\u00dfen\nauf das Motiv \u00fcbertr\u00e4gt.<\/p>\n\n\n\n<p>Im Rund hinten rechts gibt ein Fensterausschnitt den\nBlick frei auf eine baumbestandene Landschaft mit einem Kirchengeb\u00e4ude, das\nanhand der gut wiedergegebenen charakteristischen Architektur unschwer als\nStiftskirche zu erkennen ist \u2013 die erste Ansicht dieses stadtbildpr\u00e4genden\nBauwerks \u00fcberhaupt. Dieses so genannte \u201eBild im Bild\u201c dient nicht als sch\u00f6ne\nHintergrundkulisse, sondern als Verweis auf die Stiftung des Kaisers. So besagt\ndie umlaufende Inschrift am Rand der Glasscheibe: \u201eFundator Stiefts Zu\nKeiserslauttern Fridericus der Erst Barbarossa genant zu R\u00f6mischen kaiser\nerwelet Ano 1152\u201c.<\/p>\n\n\n\n<p>(Simone Holt)<\/p>\n\n\n\n<p>Abb.: Wappenscheibe, um 1540, Stadtmuseum\nKaiserslautern, Dauerausstellung im Obergeschoss des Theodor-Zink-Museums\n(Foto: S. Br\u00fcck)<\/p>\n\n\n\n<h3> <strong>Zeichen der Macht<\/strong><\/h3>\n\n\n\n<p><img decoding=\"async\" loading=\"lazy\" width=\"275\" height=\"489\" class=\"wp-image-1602\" align=\"right\" style=\"width: 250px;\" src=\"https:\/\/stadtmuseum-kl.de\/wp-content\/uploads\/2020\/05\/glasscheibe2.jpg\" alt=\"\" srcset=\"https:\/\/stadtmuseum-kl.de\/wp-content\/uploads\/2020\/05\/glasscheibe2.jpg 275w, https:\/\/stadtmuseum-kl.de\/wp-content\/uploads\/2020\/05\/glasscheibe2-169x300.jpg 169w, https:\/\/stadtmuseum-kl.de\/wp-content\/uploads\/2020\/05\/glasscheibe2-84x150.jpg 84w\" sizes=\"(max-width: 275px) 100vw, 275px\" \/>Schau dir die Darstellung genau an. Suche die Insignien (das sind Herrschaftszeichen wie z.&nbsp;B. symbolische Gegenst\u00e4nde, Kleidungs- und Schmuckst\u00fccke), welche die staatliche Macht und die st\u00e4ndische W\u00fcrde des Kaiser nach au\u00dfen hin sichtbar machen. Schreibe alle auf, die du findest. Welches Insigne ist hier wohl das wertvollste und zugleich \u201eh\u00f6chste\u201c?<\/p>\n\n\n\n<p>(Simone\nHolt)<\/p>\n\n\n\n<p>Abb.:\nBei der Museumsralley im Rahmen der 1. KULTn8 gab auch die Glasscheibe mit der\nDarstellung Kaiser Barbarossas den jugendlichen Besuchern R\u00e4tsel auf. (Foto: S.\nHolt)<\/p>\n","protected":false},"excerpt":{"rendered":"<p>Am Mitmach-Mittwoch steht ein ausgew\u00e4hltes Objekt aus der Sammlung des Stadtmuseums im Mittelpunkt. Was macht dieses St\u00fcck so besonders? Woher stammt es? Und welche Geschichte steckt dahinter? \u2013 Diesen und weiteren interessanten Fragen ist das Museumsteam auf der Spur und stellt Fakten und Hintergr\u00fcnde anschaulich dar. Dazu passende Quiz-Aufgaben, Spiele\u2026<\/p>\n<p> <a class=\"continue-reading-link\" href=\"https:\/\/stadtmuseum-kl.de\/?page_id=1650\"><span>mehr &#8230;<\/span><i class=\"crycon-right-dir\"><\/i><\/a> <\/p>\n","protected":false},"author":1,"featured_media":0,"parent":1552,"menu_order":5,"comment_status":"closed","ping_status":"closed","template":"templates\/template-onecolumn.php","meta":[],"_links":{"self":[{"href":"https:\/\/stadtmuseum-kl.de\/index.php?rest_route=\/wp\/v2\/pages\/1650"}],"collection":[{"href":"https:\/\/stadtmuseum-kl.de\/index.php?rest_route=\/wp\/v2\/pages"}],"about":[{"href":"https:\/\/stadtmuseum-kl.de\/index.php?rest_route=\/wp\/v2\/types\/page"}],"author":[{"embeddable":true,"href":"https:\/\/stadtmuseum-kl.de\/index.php?rest_route=\/wp\/v2\/users\/1"}],"replies":[{"embeddable":true,"href":"https:\/\/stadtmuseum-kl.de\/index.php?rest_route=%2Fwp%2Fv2%2Fcomments&post=1650"}],"version-history":[{"count":1,"href":"https:\/\/stadtmuseum-kl.de\/index.php?rest_route=\/wp\/v2\/pages\/1650\/revisions"}],"predecessor-version":[{"id":1651,"href":"https:\/\/stadtmuseum-kl.de\/index.php?rest_route=\/wp\/v2\/pages\/1650\/revisions\/1651"}],"up":[{"embeddable":true,"href":"https:\/\/stadtmuseum-kl.de\/index.php?rest_route=\/wp\/v2\/pages\/1552"}],"wp:attachment":[{"href":"https:\/\/stadtmuseum-kl.de\/index.php?rest_route=%2Fwp%2Fv2%2Fmedia&parent=1650"}],"curies":[{"name":"wp","href":"https:\/\/api.w.org\/{rel}","templated":true}]}}