{"id":1662,"date":"2020-05-30T18:29:38","date_gmt":"2020-05-30T18:29:38","guid":{"rendered":"http:\/\/stadtmuseum-kl.de\/?page_id=1662"},"modified":"2020-05-30T18:35:20","modified_gmt":"2020-05-30T18:35:20","slug":"museums-wort-zum-sonntag-24-05-2020","status":"publish","type":"page","link":"https:\/\/stadtmuseum-kl.de\/?page_id=1662","title":{"rendered":"Museums-Wort zum Sonntag 24.05.2020"},"content":{"rendered":"\n<p> Zum Wochenabschluss gibt es das Museums-Wort zum Sonntag. Hier geht das Stadtmuseum Kaiserslautern Woche f\u00fcr Woche das Alphabet durch und erl\u00e4utert pro Buchstabe einen Begriff zur Museumsarbeit, zu wissenschaftlichen Methoden und aktuellen Diskussionen. Diese Kategorie erlaubt dem Publikum am Bildschirm, einen Blick hinter die Kulissen zu werfen.  <\/p>\n\n\n\n<p> (<a href=\"https:\/\/stadtmuseum-kl.de\/?page_id=1469\"><strong>Zum Museumswort vom 12.04.2020<\/strong><\/a>)<\/p>\n\n\n\n<p><a href=\"https:\/\/stadtmuseum-kl.de\/?page_id=1504\"><strong>(Zum Museumswort vom 19.04.2020)<\/strong><\/a><\/p>\n\n\n\n<p>(<a href=\"https:\/\/stadtmuseum-kl.de\/?page_id=1542\"><strong>Zum Museumswort vom 26.04.20202<\/strong><\/a>)<\/p>\n\n\n\n<p> (<a href=\"https:\/\/stadtmuseum-kl.de\/?page_id=1415(\u00f6ffnet in neuem Tab)\"><strong>Zum Museumswort vom 03.05.2020<\/strong><\/a>) <\/p>\n\n\n\n<p> (<a href=\"https:\/\/stadtmuseum-kl.de\/?page_id=1641\"><strong>zum Museumswort vom 10.05.2020<\/strong><\/a>) <\/p>\n\n\n\n<h4> Das Museumswort zum Sonntag: 24.05.2020<\/h4>\n\n\n\n<h4>F wie F\u00f6rderkreis<\/h4>\n\n\n\n<p><strong>Was ist der F\u00f6rderkreis Stadtmuseum Kaiserslautern e.V.?<\/strong><br> Der F\u00f6rderkreis ist ein Zusammenschluss von B\u00fcrgern, die das Theodor-Zink-Museum ideell und materiell unterst\u00fctzen. Er wurde 1975 auf Initiative der Journalistin Uta Mayr-Falkenberg gegr\u00fcndet. Ziel war es, den volkskundlichen Sammlungen des Kaiserslauterer Lehrers Theodor Zink eine neue Heimat zu geben. Das alte Theodor Zink-Museum n\u00e4mlich war im 2. Weltkrieg untergegangen. Gl\u00fccklicherweise hatte man die M\u00f6bel nach Niederbayern ausgelagert. Die beweglichen Gegenst\u00e4nde befanden sich in ziemlich ungeordnetem Zustand in Kaiserslautern. <\/p>\n\n\n\n<p><strong>1978 wurde das Museum eingeweiht<\/strong><br> 1978, im Februar, hatte der F\u00f6rderkreis Theodor-Zink- Museum (damaliger Name) sein erstes Ziel erreicht: In der Steinstra\u00dfe 48, im ehemaligen Haus Rheinkreis wurde das neue Kaiserslauterer Heimatmuseum eingeweiht und auf den Namen Theodor-Zink-Museum getauft.<\/p>\n\n\n\n<p><strong>Die heutigen Aufgaben des F\u00f6rderkreises<\/strong><br><img decoding=\"async\" loading=\"lazy\" width=\"350\" height=\"276\" class=\"wp-image-1644\" style=\"width: 300px;\" align=\"right\" src=\"https:\/\/stadtmuseum-kl.de\/wp-content\/uploads\/2020\/05\/F_wie_F\u00f6rderkreis.jpg\" alt=\"\" srcset=\"https:\/\/stadtmuseum-kl.de\/wp-content\/uploads\/2020\/05\/F_wie_F\u00f6rderkreis.jpg 350w, https:\/\/stadtmuseum-kl.de\/wp-content\/uploads\/2020\/05\/F_wie_F\u00f6rderkreis-300x237.jpg 300w, https:\/\/stadtmuseum-kl.de\/wp-content\/uploads\/2020\/05\/F_wie_F\u00f6rderkreis-150x118.jpg 150w\" sizes=\"(max-width: 350px) 100vw, 350px\" \/>Eine Aufgabe, die bis heute nichts von ihrer Bedeutung verloren hat, ist die ideelle und materielle Unterst\u00fctzung des Museums. Der F\u00f6rderkreis hat wesentlich zur Komplettierung und der Vergr\u00f6\u00dferung der Sammlungen des Theodor-Zink-Museums beigetragen und seit seinem Bestehen Exponate im Wert von rund 300 000 Euro angekauft. Dazu kommen jene Gegenst\u00e4nde, die dem F\u00f6rderkreis von B\u00fcrgern aus Kaiserslautern und der Region zur Weiterleitung an das Museum \u00fcbereignet worden sind. Sie repr\u00e4sentieren nochmals einen Wert, der sich auf \u00fcber 100 000 Euro belaufen d\u00fcrfte.<\/p>\n\n\n\n<p><strong>Wer kann Mitglied im F\u00f6rderkreis werden?<\/strong><br> Jeder B\u00fcrger kann Mitglied werden. Der Beitrag betr\u00e4gt 50.- Euro j\u00e4hrlich f\u00fcr nat\u00fcrliche Personen und 100.- Euro f\u00fcr juristische Personen. Der Verein ist gemeinn\u00fctzig.<\/p>\n\n\n\n<p>(Uta Mayr-Falkenberg, Gr\u00fcndungs- und Vorstandsmitglied des F\u00f6rderkreises Stadtmuseum Kaiserslautern e.V.)<\/p>\n\n\n\n<p>Abb.: Michael Staudt, Vorsitzender des F\u00f6rderkreises des Stadtmuseums Kaiserslautern e. V. \u00fcbergibt dem Direktor des Museums, Dr. Bernd Klesmann, ein Gem\u00e4lde. Viele Ank\u00e4ufe sind nur durch das Wirken des F\u00f6rderkreises m\u00f6glich. (Foto: PS)<\/p>\n\n\n\n<p> <\/p>\n","protected":false},"excerpt":{"rendered":"<p>Zum Wochenabschluss gibt es das Museums-Wort zum Sonntag. Hier geht das Stadtmuseum Kaiserslautern Woche f\u00fcr Woche das Alphabet durch und erl\u00e4utert pro Buchstabe einen Begriff zur Museumsarbeit, zu wissenschaftlichen Methoden und aktuellen Diskussionen. Diese Kategorie erlaubt dem Publikum am Bildschirm, einen Blick hinter die Kulissen zu werfen. (Zum Museumswort vom\u2026<\/p>\n<p> <a class=\"continue-reading-link\" href=\"https:\/\/stadtmuseum-kl.de\/?page_id=1662\"><span>mehr &#8230;<\/span><i class=\"crycon-right-dir\"><\/i><\/a> <\/p>\n","protected":false},"author":1,"featured_media":0,"parent":1567,"menu_order":5,"comment_status":"closed","ping_status":"closed","template":"templates\/template-onecolumn.php","meta":[],"_links":{"self":[{"href":"https:\/\/stadtmuseum-kl.de\/index.php?rest_route=\/wp\/v2\/pages\/1662"}],"collection":[{"href":"https:\/\/stadtmuseum-kl.de\/index.php?rest_route=\/wp\/v2\/pages"}],"about":[{"href":"https:\/\/stadtmuseum-kl.de\/index.php?rest_route=\/wp\/v2\/types\/page"}],"author":[{"embeddable":true,"href":"https:\/\/stadtmuseum-kl.de\/index.php?rest_route=\/wp\/v2\/users\/1"}],"replies":[{"embeddable":true,"href":"https:\/\/stadtmuseum-kl.de\/index.php?rest_route=%2Fwp%2Fv2%2Fcomments&post=1662"}],"version-history":[{"count":3,"href":"https:\/\/stadtmuseum-kl.de\/index.php?rest_route=\/wp\/v2\/pages\/1662\/revisions"}],"predecessor-version":[{"id":1665,"href":"https:\/\/stadtmuseum-kl.de\/index.php?rest_route=\/wp\/v2\/pages\/1662\/revisions\/1665"}],"up":[{"embeddable":true,"href":"https:\/\/stadtmuseum-kl.de\/index.php?rest_route=\/wp\/v2\/pages\/1567"}],"wp:attachment":[{"href":"https:\/\/stadtmuseum-kl.de\/index.php?rest_route=%2Fwp%2Fv2%2Fmedia&parent=1662"}],"curies":[{"name":"wp","href":"https:\/\/api.w.org\/{rel}","templated":true}]}}