{"id":167,"date":"2015-11-03T15:37:50","date_gmt":"2015-11-03T15:37:50","guid":{"rendered":"http:\/\/stadtmuseum-kl.de\/?page_id=167"},"modified":"2015-11-22T15:58:52","modified_gmt":"2015-11-22T15:58:52","slug":"staendige-sammlung","status":"publish","type":"page","link":"https:\/\/stadtmuseum-kl.de\/?page_id=167","title":{"rendered":"St\u00e4ndige Sammlung"},"content":{"rendered":"<div style=\"background:#ffffff; width:99%; text-align:left; margin:10px; height:auto;\">\n<div style=\"background:#ffffff; font-family: arial;  width:67%; height:100%; float:left\">\n<p>In den R\u00e4umen des Wadgasserhofes werden permanent volkskundliche und kunsthandwerkliche Sammlungsbest\u00e4nde des Theodor-Zink-Museums gezeigt. In den Ausstellungsr\u00e4umen des Erdgeschosses finden Wechselausstellungen statt.<\/p>\n<p>Die Keramikabteilung beinhaltet eine hochrangige Sammlung Frankenthaler Porzellane, darunter ein gro\u00dfes Chinesenhaus, Geschirr, Figuren und Gruppen. Fayence, Irden- und Hafnerware, Steinzeug und Steingut sind in exemplarischen Form- und Dekorbeispielen, teilweise aus pf\u00e4lzischen Produktionsst\u00e4tten wie Wattenheim, Gr\u00fcnstadt, Neuleinigen oder Kaiserslautern, vertreten. Eine didaktische Vitrine erl\u00e4utert die Unterschiede der einzelnen Keramikgattungen. <\/p>\n<p>Lokale Provenienz und Charakteristik \u00e4u\u00dfern sich in Erzeugnissen des Eisengusses von der Ofenplatte des 17. Jahrhunderts bis zu den gusseisernen \u00d6fen aus der Wende zum 20. Jahrhundert. <\/p>\n<p>B\u00e4uerliches und b\u00fcrgerliches Mobiliar spiegeln zumeist bescheidene Lebensverh\u00e4ltnisse. Sie vertreten langlebiges und traditionsverhaftetes Formengut und \u00fcber Generationen tradierte Herstellungsweisen. Eine umfangreiche Brettstuhlsammlung l\u00e4sst die typologische Entwicklung einer bestimmten M\u00f6belform erkennbar werden. Mit reich geschnittenen Geb\u00e4ck- und Tragantmodels oder den originellen und seltenen Kleiekotzern werden auch ausgefallene Holzhandwerke in ihren kunstvollen Erzeugnissen vorgestellt.<\/p>\n<p>Geschmiedete T\u00fcr- und M\u00f6belbeschl\u00e4ge aus Eisen, Kannen und Essgeschirr aus Zinn, Koch- und Backformen aus Kupfer, Lampen und Leuchter aus Messing, Zier- und Dekorationsgegenst\u00e4nde aus Gusseisen belegen Formen und Gebrauch metallenen Haus- und Zierger\u00e4tes vom Mittelalter bis zum Beginn des 20. Jahrhunderts. An vielen Exponaten der Ausstellung zeigen sich die flie\u00dfenden \u00dcberg\u00e4nge vom handwerklichen Unikat zum manufakturm\u00e4\u00dfig hergestellten Serienerzeugnis oder fabrikm\u00e4\u00dfig erzeugten und reproduzierbaren Massenprodukt und die Trennung von Entwurf und Ausf\u00fchrung.<\/p>\n<p>In Erg\u00e4nzung und Ankn\u00fcpfung an diese historischen Best\u00e4nde liegt ein Schwerpunkt der Wechselausstellungen auf aktuellem Kunsthandwerk und Design. Hinzu kommen Ausstellungen zeitgen\u00f6ssischer K\u00fcnstler aus der Region, sowie Beitr\u00e4ge verschiedener kultureller und wissenschaftlicher Einrichtungen. <\/p>\n<\/div>\n<div style=\"background:#ffffff; font-family: bookman old style; width:30%; height:100%; float:right;\">\n<p><strong>Impressionen<\/strong><\/p>\n<p><a target=\"_blank\" href=\"https:\/\/stadtmuseum-kl.de\/wp-content\/uploads\/2015\/11\/ausstellung03-gr.jpg\"><img decoding=\"async\" loading=\"lazy\" src=\"https:\/\/stadtmuseum-kl.de\/wp-content\/uploads\/2015\/11\/ausstellung03.jpg\" alt=\"\" width=\"249\" height=\"169\"\/><\/a><br \/>\n<span class=\"klein\">historische Zimmereinrichtung<\/span><\/p>\n<p><a href=\"https:\/\/stadtmuseum-kl.de\/wp-content\/uploads\/2015\/11\/ausstellung02-gr.jpg\"><img decoding=\"async\" loading=\"lazy\" src=\"https:\/\/stadtmuseum-kl.de\/wp-content\/uploads\/2015\/11\/ausstellung02.jpg\" alt=\"\" width=\"248\" height=\"359\"\/><\/a><br \/>\n<span class=\"klein\">Brettstuhlsammlung<\/span>\n<\/div>\n<\/div>\n<p><br clear=\"all\"><\/p>\n","protected":false},"excerpt":{"rendered":"<p>In den R\u00e4umen des Wadgasserhofes werden permanent volkskundliche und kunsthandwerkliche Sammlungsbest\u00e4nde des Theodor-Zink-Museums gezeigt. In den Ausstellungsr\u00e4umen des Erdgeschosses finden Wechselausstellungen statt. Die Keramikabteilung beinhaltet eine hochrangige Sammlung Frankenthaler Porzellane, darunter ein gro\u00dfes Chinesenhaus, Geschirr, Figuren und Gruppen. Fayence, Irden- und Hafnerware, Steinzeug und Steingut sind in exemplarischen Form- und\u2026<\/p>\n<p> <a class=\"continue-reading-link\" href=\"https:\/\/stadtmuseum-kl.de\/?page_id=167\"><span>mehr &#8230;<\/span><i class=\"crycon-right-dir\"><\/i><\/a> <\/p>\n","protected":false},"author":1,"featured_media":0,"parent":29,"menu_order":1,"comment_status":"closed","ping_status":"closed","template":"templates\/template-onecolumn.php","meta":[],"_links":{"self":[{"href":"https:\/\/stadtmuseum-kl.de\/index.php?rest_route=\/wp\/v2\/pages\/167"}],"collection":[{"href":"https:\/\/stadtmuseum-kl.de\/index.php?rest_route=\/wp\/v2\/pages"}],"about":[{"href":"https:\/\/stadtmuseum-kl.de\/index.php?rest_route=\/wp\/v2\/types\/page"}],"author":[{"embeddable":true,"href":"https:\/\/stadtmuseum-kl.de\/index.php?rest_route=\/wp\/v2\/users\/1"}],"replies":[{"embeddable":true,"href":"https:\/\/stadtmuseum-kl.de\/index.php?rest_route=%2Fwp%2Fv2%2Fcomments&post=167"}],"version-history":[{"count":7,"href":"https:\/\/stadtmuseum-kl.de\/index.php?rest_route=\/wp\/v2\/pages\/167\/revisions"}],"predecessor-version":[{"id":700,"href":"https:\/\/stadtmuseum-kl.de\/index.php?rest_route=\/wp\/v2\/pages\/167\/revisions\/700"}],"up":[{"embeddable":true,"href":"https:\/\/stadtmuseum-kl.de\/index.php?rest_route=\/wp\/v2\/pages\/29"}],"wp:attachment":[{"href":"https:\/\/stadtmuseum-kl.de\/index.php?rest_route=%2Fwp%2Fv2%2Fmedia&parent=167"}],"curies":[{"name":"wp","href":"https:\/\/api.w.org\/{rel}","templated":true}]}}