{"id":181,"date":"2015-11-03T16:00:55","date_gmt":"2015-11-03T16:00:55","guid":{"rendered":"http:\/\/stadtmuseum-kl.de\/?page_id=181"},"modified":"2015-11-22T16:05:25","modified_gmt":"2015-11-22T16:05:25","slug":"das-haus-zum-rheinkreis","status":"publish","type":"page","link":"https:\/\/stadtmuseum-kl.de\/?page_id=181","title":{"rendered":"Das Haus &#8222;Zum Rheinkreis&#8220;"},"content":{"rendered":"<div style=\"background:#ffffff; width:99%; text-align:left; margin:10px; height:auto;\">\n<div style=\"background:#ffffff; font-family: arial;  width:67%; height:100%; float:left\">\n<p>Der Geb\u00e4udekomplex des heutigen Theodor-Zink-Museums stammt aus dem fr\u00fchen 19. Jahrhundert und zeigt die typische Struktur eines innerst\u00e4dtischen gast- und landwirtschaftlich genutzten Anwesens mit umbautem Innenhof.<\/p>\n<p>Als Johann Gelbert 1817 unweit des Mainzer Tores einen Gasthof erbauen lie\u00df, gab er ihm, weil die Pfalz seit 1816 zum bayerischen Rheinkreis geh\u00f6rte, den Namen \u201eZum Rheinkreis\u201c. Nach seinem Tode 1822 f\u00fchrten seine Witwe und sein Sohn Franz den Gasthof weiter, dem eine B\u00e4ckerei und bald auch eine Brauerei angeschlossen wurden. Durch den Bau der Eisenbahn 1848\/49 verlor der Gasthof seine Bedeutung als Herberge f\u00fcr Fuhrleute und war seither bis zum Beginn des Ersten Weltkrieges nur noch Schankwirtschaft. Nach Einstellung des Schankbetriebes wurde das Haus privat und gewerblich vermietet und 1940 von der Familie Gelbert an die Stadt Kaiserslautern ver\u00e4u\u00dfert.<\/p>\n<p>1976 wurde mit dem Umbau und der Renovierung des Hauses Rheinkreis begonnen, wobei man bem\u00fcht war, die urspr\u00fcngliche Gestalt des Hauses zu erhalten bzw. wiederherzustellen und der Funktion als Museum anzupassen. Im Inneren wurden durch die teilweise Entkernung des Geb\u00e4udes durchg\u00e4ngige Ausstellungsr\u00e4ume geschaffen. <\/p>\n<p>Auch die Scheune wurde vor dem Abriss bewahrt und mit einem Galeriegeschoss versehen. 2001 erfolgte mit der Neueinrichtung der Dauerausstellung eine teilweise Umgestaltung der Innenr\u00e4ume. Die Ausstellungsr\u00e4ume liegen im Obergeschoss. Der Rundgang f\u00fchrt, der Chronologie der Ausstellung folgend, durch den gesamten Geb\u00e4udekomplex. Die Scheune wird f\u00fcr Wechselausstellungen genutzt und hat sich als kulturelles Veranstaltungs- und Begegnungszentrum der Stadt etabliert. Im Sommer l\u00e4dt der stimmungsvolle Innenhof zum Verweilen oder zum Feiern ein. <\/p>\n<\/div>\n<div style=\"background:#ffffff; font-family: arial; width:30%; height:100%; float:right;\">\n<p><strong>Impressionen<\/strong><\/p>\n<p><a target=\"_blank\" href=\"https:\/\/stadtmuseum-kl.de\/wp-content\/uploads\/2015\/11\/standort09-gr.jpg\"><img decoding=\"async\" loading=\"lazy\" src=\"https:\/\/stadtmuseum-kl.de\/wp-content\/uploads\/2015\/11\/standort091.jpg\" alt=\"Haus &quot;Zum Rheinkreis&quot;\" width=\"250\" height=\"168\" \/><\/a><br \/>\n<span class=\"klein\">Eingangsseite des Theodor-Zink-Museums<\/span><\/p>\n<p><a target=\"_blank\" href=\"https:\/\/stadtmuseum-kl.de\/wp-content\/uploads\/2015\/11\/standort02-gr.jpg\"><img decoding=\"async\" loading=\"lazy\" src=\"https:\/\/stadtmuseum-kl.de\/wp-content\/uploads\/2015\/11\/standort02.jpg\" alt=\"\" width=\"249\" height=\"151\"\/><\/a><br \/>\n<span class=\"klein\">Innenhof des Theodor-Zink-Museums<\/span><\/p>\n<p><a target=\"_blank\" href=\"https:\/\/stadtmuseum-kl.de\/wp-content\/uploads\/2015\/11\/standort03-gr.jpg\"><img decoding=\"async\" loading=\"lazy\" src=\"https:\/\/stadtmuseum-kl.de\/wp-content\/uploads\/2015\/11\/standort03.jpg\" alt=\"\" width=\"249\" height=\"172\"\/><\/a><br \/>\n<span class=\"klein\">Scheune des Theodor-Zink-Museums &#8211; Innenansicht<\/span><\/p>\n<\/div>\n<\/div>\n<p><br clear=\"all\"><\/p>\n","protected":false},"excerpt":{"rendered":"<p>Der Geb\u00e4udekomplex des heutigen Theodor-Zink-Museums stammt aus dem fr\u00fchen 19. Jahrhundert und zeigt die typische Struktur eines innerst\u00e4dtischen gast- und landwirtschaftlich genutzten Anwesens mit umbautem Innenhof. Als Johann Gelbert 1817 unweit des Mainzer Tores einen Gasthof erbauen lie\u00df, gab er ihm, weil die Pfalz seit 1816 zum bayerischen Rheinkreis geh\u00f6rte,\u2026<\/p>\n<p> <a class=\"continue-reading-link\" href=\"https:\/\/stadtmuseum-kl.de\/?page_id=181\"><span>mehr &#8230;<\/span><i class=\"crycon-right-dir\"><\/i><\/a> <\/p>\n","protected":false},"author":1,"featured_media":0,"parent":33,"menu_order":0,"comment_status":"closed","ping_status":"closed","template":"templates\/template-onecolumn.php","meta":[],"_links":{"self":[{"href":"https:\/\/stadtmuseum-kl.de\/index.php?rest_route=\/wp\/v2\/pages\/181"}],"collection":[{"href":"https:\/\/stadtmuseum-kl.de\/index.php?rest_route=\/wp\/v2\/pages"}],"about":[{"href":"https:\/\/stadtmuseum-kl.de\/index.php?rest_route=\/wp\/v2\/types\/page"}],"author":[{"embeddable":true,"href":"https:\/\/stadtmuseum-kl.de\/index.php?rest_route=\/wp\/v2\/users\/1"}],"replies":[{"embeddable":true,"href":"https:\/\/stadtmuseum-kl.de\/index.php?rest_route=%2Fwp%2Fv2%2Fcomments&post=181"}],"version-history":[{"count":18,"href":"https:\/\/stadtmuseum-kl.de\/index.php?rest_route=\/wp\/v2\/pages\/181\/revisions"}],"predecessor-version":[{"id":705,"href":"https:\/\/stadtmuseum-kl.de\/index.php?rest_route=\/wp\/v2\/pages\/181\/revisions\/705"}],"up":[{"embeddable":true,"href":"https:\/\/stadtmuseum-kl.de\/index.php?rest_route=\/wp\/v2\/pages\/33"}],"wp:attachment":[{"href":"https:\/\/stadtmuseum-kl.de\/index.php?rest_route=%2Fwp%2Fv2%2Fmedia&parent=181"}],"curies":[{"name":"wp","href":"https:\/\/api.w.org\/{rel}","templated":true}]}}