{"id":183,"date":"2015-11-03T16:01:22","date_gmt":"2015-11-03T16:01:22","guid":{"rendered":"http:\/\/stadtmuseum-kl.de\/?page_id=183"},"modified":"2015-11-22T16:05:58","modified_gmt":"2015-11-22T16:05:58","slug":"wadgasserhof","status":"publish","type":"page","link":"https:\/\/stadtmuseum-kl.de\/?page_id=183","title":{"rendered":"Wadgasserhof"},"content":{"rendered":"<div style=\"background:#ffffff; width:99%; text-align:left; margin:10px; height:auto;\">\n<div style=\"background:#ffffff; font-family: arial;  width:67%; height:100%; float:left\">\n<p>Der dem Theodor-Zink-Museum gegen\u00fcberliegende und zugeh\u00f6rige Geb\u00e4udekomplex mit gro\u00dfem Hofbereich birgt in seinem Kern Reste eines mittelalterlichen Wirtschaftshofes.<\/p>\n<p>Die Kapelle im Erdgeschoss wurde 1475 umgestaltet und mit einem Kreuzrippengew\u00f6lbe versehen. Reste von neun Weihekreuzen (eines davon wurde rekonstruiert) weisen die kleine Kapelle als einen Ort intensiver Heiligenverehrung und Wallfahrten aus. Nach der Einf\u00fchrung der Reformation und Unterbindung katholischen Gottesdienstes in Kaiserslautern wurde die Kapelle profaniert. 619 gelangte der Hof in den Besitz des Pfalzgrafen Ludwig Phillip von Pfalz-Lautern. Seine Witwe Maria Eleonore, bekannt als die \u201eF\u00fcrstin von Lautern\u201c, machte das Anwesen mit seinem k\u00fchlen Garten zu ihrem Sommerwohnsitz. Ende des 17. Jahrhunderts gelangt der Hof in den Besitz der wartenbergischen und kurpf\u00e4lzischen Beamtenfamilie Hecht. Von gehobenen Wohnanspr\u00fcchen im 18. Jahrhundert zeugt das \u201eStuckzimmer\u201c im Obergescho\u00df, dessen Decke mit Bandelwerkornamenten und Puttenallegorien der Vier Jahreszeiten aus der Zeit um 1730 zu den bedeutendsten Stuckarbeiten in S\u00fcdwestdeutschland z\u00e4hlt. <\/p>\n<p>1805 wurde der Hof als Nationalgut versteigert und unter den verschiedenen Nachbesitzern mehrfach erweitert und baulich ver\u00e4ndert. 1970 sollte das heruntergekommene Geb\u00e4ude im Zuge der Altstadtsanierung abgerissen werden, doch die Wiederentdeckung der Kapelle sorgte f\u00fcr seine Erhaltung und sp\u00e4teren Umbau f\u00fcr Museumszwecke. Kapelle und Stuckzimmer wurden aufw\u00e4ndig restauriert. Ein Kr\u00e4utergarten erinnert an die ehemalige Nutzung als Wirtschaftshof und Sommerresidenz. <\/p>\n<\/div>\n<div style=\"background:#ffffff; font-family: arial; width:30%; height:100%; float:right;\">\n<p><strong>Impressionen<\/strong><\/p>\n<p><a target=\"_blank\" href=\"https:\/\/stadtmuseum-kl.de\/wp-content\/uploads\/2015\/11\/standort04-gr.jpg\"><img decoding=\"async\" loading=\"lazy\" src=\"https:\/\/stadtmuseum-kl.de\/wp-content\/uploads\/2015\/11\/standort04.jpg\" alt=\"Wadgasserhof\" width=\"249\" height=\"173\"\/><\/a><br \/>\n<span class=\"klein\">Wadgasserhof &#8211; Eingangsbereich<\/span><\/p>\n<p><a target=\"_blank\" href=\"https:\/\/stadtmuseum-kl.de\/wp-content\/uploads\/2015\/11\/standort08.jpg\"><img decoding=\"async\" loading=\"lazy\" src=\"https:\/\/stadtmuseum-kl.de\/wp-content\/uploads\/2015\/11\/standort08.jpg\" alt=\"Kreuzrippengew\u00f6lbe\" width=\"249\" height=\"168\"\/><\/a><br \/>\n<span class=\"klein\">Kreuzrippengew\u00f6lbe<\/span><\/p>\n<p><a target=\"_blank\" href=\"https:\/\/stadtmuseum-kl.de\/wp-content\/uploads\/2015\/11\/standort07.jpg\"><img decoding=\"async\" loading=\"lazy\" src=\"https:\/\/stadtmuseum-kl.de\/wp-content\/uploads\/2015\/11\/standort07.jpg\" alt=\"Gartenbereich\" width=\"248\" height=\"159\"\/><\/a><br \/>\n<span class=\"klein\">Gartenbereich<\/span><\/p>\n<\/div>\n<\/div>\n<p><br clear=\"all\"><\/p>\n","protected":false},"excerpt":{"rendered":"<p>Der dem Theodor-Zink-Museum gegen\u00fcberliegende und zugeh\u00f6rige Geb\u00e4udekomplex mit gro\u00dfem Hofbereich birgt in seinem Kern Reste eines mittelalterlichen Wirtschaftshofes. Die Kapelle im Erdgeschoss wurde 1475 umgestaltet und mit einem Kreuzrippengew\u00f6lbe versehen. Reste von neun Weihekreuzen (eines davon wurde rekonstruiert) weisen die kleine Kapelle als einen Ort intensiver Heiligenverehrung und Wallfahrten aus.\u2026<\/p>\n<p> <a class=\"continue-reading-link\" href=\"https:\/\/stadtmuseum-kl.de\/?page_id=183\"><span>mehr &#8230;<\/span><i class=\"crycon-right-dir\"><\/i><\/a> <\/p>\n","protected":false},"author":1,"featured_media":0,"parent":33,"menu_order":0,"comment_status":"closed","ping_status":"closed","template":"templates\/template-onecolumn.php","meta":[],"_links":{"self":[{"href":"https:\/\/stadtmuseum-kl.de\/index.php?rest_route=\/wp\/v2\/pages\/183"}],"collection":[{"href":"https:\/\/stadtmuseum-kl.de\/index.php?rest_route=\/wp\/v2\/pages"}],"about":[{"href":"https:\/\/stadtmuseum-kl.de\/index.php?rest_route=\/wp\/v2\/types\/page"}],"author":[{"embeddable":true,"href":"https:\/\/stadtmuseum-kl.de\/index.php?rest_route=\/wp\/v2\/users\/1"}],"replies":[{"embeddable":true,"href":"https:\/\/stadtmuseum-kl.de\/index.php?rest_route=%2Fwp%2Fv2%2Fcomments&post=183"}],"version-history":[{"count":15,"href":"https:\/\/stadtmuseum-kl.de\/index.php?rest_route=\/wp\/v2\/pages\/183\/revisions"}],"predecessor-version":[{"id":706,"href":"https:\/\/stadtmuseum-kl.de\/index.php?rest_route=\/wp\/v2\/pages\/183\/revisions\/706"}],"up":[{"embeddable":true,"href":"https:\/\/stadtmuseum-kl.de\/index.php?rest_route=\/wp\/v2\/pages\/33"}],"wp:attachment":[{"href":"https:\/\/stadtmuseum-kl.de\/index.php?rest_route=%2Fwp%2Fv2%2Fmedia&parent=183"}],"curies":[{"name":"wp","href":"https:\/\/api.w.org\/{rel}","templated":true}]}}