{"id":20,"date":"2015-11-02T17:44:02","date_gmt":"2015-11-02T17:44:02","guid":{"rendered":"http:\/\/stadtmuseum-kl.de\/?page_id=20"},"modified":"2015-11-22T15:41:43","modified_gmt":"2015-11-22T15:41:43","slug":"das-museum","status":"publish","type":"page","link":"https:\/\/stadtmuseum-kl.de\/?page_id=20","title":{"rendered":"Das Museum"},"content":{"rendered":"<p><strong>Das Stadtmuseum Kaiserslautern &#8211; Stadt- und Kulturgeschichte im Zeitraffer<\/strong><\/p>\n<p>In der Innenstadt von Kaiserslautern pr\u00e4sentiert sich das Stadtmuseum Kaiserslautern in zwei historischen<br \/>\nGeb\u00e4udekomplexen als kunst- und kulturgeschichtliches Museum. Die beiden malerischen Hofanlagen des Hauses \u201eZum Rheinkreis\u201c und \u201eWadgasserhof\u201c liegen sich unmittelbar hinter der ehemaligen Stadtmauer an der historischen<br \/>\nHaupt- und Handelsstra\u00dfe der Stadt gegen\u00fcber und laden ein zum Verweilen in den Ausstellungen.<br \/>\n<a class=\"farbe\" href=\"https:\/\/stadtmuseum-kl.de\/?page_id=409\">mehr &#8230;<\/a><\/p>\n<div style=\"background:#ffffff; width:99%; text-align:left; margin:10px; height:auto;\">\n<div style=\"background:#ffffff; font-family: arial;  width:48%; height:100%; float:left\">\n<p><strong>Dauerausstellungen<\/strong><\/p>\n<p><img decoding=\"async\" loading=\"lazy\" src=\"https:\/\/stadtmuseum-kl.de\/wp-content\/uploads\/2015\/11\/museum01.jpg\"  width=\"250\" height=\"119\"><\/p>\n<p>Die Dauerausstellung ist der Geschichte der Stadt Kaiserslautern und der Region gewidmet. Die st\u00e4ndige Sammlung in den R\u00e4umen des Wadgasserhofes zeigt volkskundliche und kunsthandwerkliche Sammlungsbest\u00e4nde des Theodor-Zink-Museums.<br \/><a class=\"farbe\" href=\"https:\/\/stadtmuseum-kl.de\/?page_id=29\">mehr &#8230;<\/a><\/p>\n<\/div>\n<div style=\"background:#ffffff; font-family: arial; width:48%; height:100%; float:right;\">\n<p><strong>Sonderausstellungen<\/strong><\/p>\n<p><img decoding=\"async\" loading=\"lazy\" src=\"https:\/\/stadtmuseum-kl.de\/wp-content\/uploads\/2015\/11\/museum02.jpg\" width=\"250\" height=\"120\"><\/p>\n<p>In den Ausstellungsr\u00e4umen im Erdgeschoss des Wadgasserhofes finden regelm\u00e4\u00dfig Wechselausstellungen statt. Detaillierte Informationen zu Thema und Inhalt der aktuellen Sonderausstellung finden Sie unter <br \/><a class=\"farbe\" href=\"https:\/\/stadtmuseum-kl.de\/?page_id=15\">mehr &#8230;<\/a>\n<\/div>\n<\/div>\n<p><br clear=\"all\"><\/p>\n<div style=\"background:#ffffff; width:99%; text-align:left; margin:10px; height:auto;\">\n<div style=\"background:#ffffff; font-family: arial;  width:48%; height:100%; float:left\">\n<p><strong>Museumsstandorte<\/strong><\/p>\n<p><img decoding=\"async\" loading=\"lazy\" src=\"https:\/\/stadtmuseum-kl.de\/wp-content\/uploads\/2015\/11\/museum03.jpg\" width=\"250\" height=\"120\"><\/p>\n<p>Das Stadtmuseum verteilt sich auf zwei, nahe beieinander liegende Standorte. Das Theodor-Zink-Museums befindet sich in den Geb\u00e4uden des ehemaligen Hauess &#8222;Zum Rheinkreis&#8220;. Der Wadgasserhof liegt gegen\u00fcber und birgt in seinem Kern Reste eines mittelalterlichen Wirtschaftshofes.<br \/><a class=\"farbe\" href=\"https:\/\/stadtmuseum-kl.de\/?page_id=33\">mehr &#8230;<\/a><\/p>\n<\/div>\n<div style=\"background:#ffffff; font-family: arial; width:48%; height:100%; float:right;\">\n<p><strong>Museumsgeschichte<\/strong><\/p>\n<p><img decoding=\"async\" loading=\"lazy\" src=\"https:\/\/stadtmuseum-kl.de\/wp-content\/uploads\/2015\/11\/museum04.jpg\" width=\"250\" height=\"120\"><\/p>\n<p>Das heutige Theodor-Zink-Museum tr\u00e4gt den Namen des Lehrers, Sammlers, Heimatforschers und Konservators der Landesgewerbeanstalt Theodor Zink (1871 \u2013 1934), der die Grundlagen f\u00fcr ein Kaiserslautrer Stadtmuseum legte.<br \/><a class=\"farbe\" href=\"https:\/\/stadtmuseum-kl.de\/?page_id=35\">mehr &#8230;<\/a><\/p><\/div>\n<\/p><\/div>\n<p><br clear=\"all\"><\/p>\n<div style=\"background:#ffffff; width:99%; text-align:left; margin:10px; height:auto;\">\n<div style=\"background:#ffffff; font-family: arial;  width:48%; height:100%; float:left\">\n<p><strong>Sammlungen<\/strong><\/p>\n<p><img decoding=\"async\" loading=\"lazy\" src=\"https:\/\/stadtmuseum-kl.de\/wp-content\/uploads\/2015\/11\/museum05.jpg\" width=\"250\" height=\"120\"><\/p>\n<p>Neben den Dauerausstellungen betreut das Stadtmuseum Kaiserslautern einige hochkar\u00e4tige Sammlungen wie die Grafische Sammlung oder den st\u00e4dtischen Kunstbesitz. <br \/><a class=\"farbe\" href=\"https:\/\/stadtmuseum-kl.de\/?page_id=37\">mehr &#8230;<\/a><\/p>\n<\/div>\n<div style=\"background:#ffffff; font-family: arial; width:48%; height:100%; float:right;\">\n<p><strong>Ausstellungsarchiv<\/strong><\/p>\n<p><img decoding=\"async\" loading=\"lazy\" src=\"https:\/\/stadtmuseum-kl.de\/wp-content\/uploads\/2015\/11\/museum06.jpg\" width=\"250\" height=\"120\"><\/p>\n<p> In unserem Archiv finden Sie Informationen zu allen Ausstellungen der letzten Jahre sowie eine Liste der Ausstellungen des Theodor-Zink-Museums seit den Anf\u00e4ngen 1978. <br \/><a class=\"farbe\" href=\"https:\/\/stadtmuseum-kl.de\/?page_id=39\">mehr &#8230;<\/a><\/p><\/div>\n<\/p><\/div>\n","protected":false},"excerpt":{"rendered":"<p>Das Stadtmuseum Kaiserslautern &#8211; Stadt- und Kulturgeschichte im Zeitraffer In der Innenstadt von Kaiserslautern pr\u00e4sentiert sich das Stadtmuseum Kaiserslautern in zwei historischen Geb\u00e4udekomplexen als kunst- und kulturgeschichtliches Museum. Die beiden malerischen Hofanlagen des Hauses \u201eZum Rheinkreis\u201c und \u201eWadgasserhof\u201c liegen sich unmittelbar hinter der ehemaligen Stadtmauer an der historischen Haupt- und\u2026<\/p>\n<p> <a class=\"continue-reading-link\" href=\"https:\/\/stadtmuseum-kl.de\/?page_id=20\"><span>mehr &#8230;<\/span><i class=\"crycon-right-dir\"><\/i><\/a> <\/p>\n","protected":false},"author":1,"featured_media":0,"parent":0,"menu_order":1,"comment_status":"closed","ping_status":"closed","template":"templates\/template-twocolumns-right.php","meta":[],"_links":{"self":[{"href":"https:\/\/stadtmuseum-kl.de\/index.php?rest_route=\/wp\/v2\/pages\/20"}],"collection":[{"href":"https:\/\/stadtmuseum-kl.de\/index.php?rest_route=\/wp\/v2\/pages"}],"about":[{"href":"https:\/\/stadtmuseum-kl.de\/index.php?rest_route=\/wp\/v2\/types\/page"}],"author":[{"embeddable":true,"href":"https:\/\/stadtmuseum-kl.de\/index.php?rest_route=\/wp\/v2\/users\/1"}],"replies":[{"embeddable":true,"href":"https:\/\/stadtmuseum-kl.de\/index.php?rest_route=%2Fwp%2Fv2%2Fcomments&post=20"}],"version-history":[{"count":41,"href":"https:\/\/stadtmuseum-kl.de\/index.php?rest_route=\/wp\/v2\/pages\/20\/revisions"}],"predecessor-version":[{"id":689,"href":"https:\/\/stadtmuseum-kl.de\/index.php?rest_route=\/wp\/v2\/pages\/20\/revisions\/689"}],"wp:attachment":[{"href":"https:\/\/stadtmuseum-kl.de\/index.php?rest_route=%2Fwp%2Fv2%2Fmedia&parent=20"}],"curies":[{"name":"wp","href":"https:\/\/api.w.org\/{rel}","templated":true}]}}