{"id":24,"date":"2015-11-02T17:45:06","date_gmt":"2015-11-02T17:45:06","guid":{"rendered":"http:\/\/stadtmuseum-kl.de\/?page_id=24"},"modified":"2016-08-23T09:19:20","modified_gmt":"2016-08-23T09:19:20","slug":"foerderkreis","status":"publish","type":"page","link":"https:\/\/stadtmuseum-kl.de\/?page_id=24","title":{"rendered":"Der F\u00f6rderkreis"},"content":{"rendered":"<div style=\"background:#ffffff; width:99%; text-align:left; margin:10px; height:auto;\">\n<div style=\"background:#ffffff; font-family: arial;  width:67%; height:100%; float:left\">\n<p><strong>Kultur braucht Freunde<\/strong><\/p>\n<p>Im Jahr 2016 unterst\u00fctzt der F\u00f6rderkreis Stadtmuseum Kaiserslautern e.V. die Museumsarbeit in all ihren Facetten bereits <a class=\"farbe\" href=\"https:\/\/stadtmuseum-kl.de\/?page_id=65\">seit mehr als 40 Jahren<\/a>. Die <a class=\"farbe\" href=\"https:\/\/stadtmuseum-kl.de\/?page_id=57\">Aufgaben<\/a> Sammeln, Bewahren, Vermitteln und Forschen stehen im Mittelpunkt der F\u00f6rdert\u00e4tigkeiten, um als Museum stets attraktiv sein zu k\u00f6nnen. Ein historisches Stadtmuseum hat gro\u00dfen Anteil an der historischen und kulturellen Identit\u00e4tsstiftung eines Gemeinwesens. <\/p>\n<p>Ohne die Besinnung auf das Werden einer Kommune bleibt die Gegenwart beliebig und die Zukunft blass. Die Begeisterung f\u00fcr die kulturhistorische Arbeit muss auch der n\u00e4chsten Generation vermittelt werden.<\/p>\n<p><strong>Neue F\u00f6rder-Generation gesucht<\/strong><\/p>\n<p>Der F\u00f6rderkreis mit seinen derzeit 150 Mitgliedern sucht tatkr\u00e4ftige <a class=\"farbe\" href=\"https:\/\/stadtmuseum-kl.de\/?page_id=443\">Unterst\u00fctzerinnen und Unterst\u00fctzer<\/a> f\u00fcr die kulturhistorische Museumsarbeit. Dazu beschreitet der F\u00f6rderkreis vielf\u00e4ltige neue Wege in der Zielgruppenansprache und F\u00f6rdert\u00e4tigkeit. Eine <a class=\"farbe\" target=\"_blank\" href=\"https:\/\/www.facebook.com\/foerderkreistheodorzinkmuseum\">Facebook-Seite<\/a> bedient die medialen Kan\u00e4le der j\u00fcngeren Generation. Regelm\u00e4\u00dfige Veranstaltungstipps und Hintergrundinformationen berichten aus der allt\u00e4glichen Museumsarbeit.<\/p>\n<\/div>\n<div style=\"background:#ffffff; font-family: arial; width:30%; height:100%; float:right;\">\n<p>\n<Center><img decoding=\"async\" loading=\"lazy\" src=\"https:\/\/stadtmuseum-kl.de\/wp-content\/uploads\/2015\/11\/foerderkreis01.jpg\" alt=\"\" width=\"244\" height=\"179\" \/><br \/>\n<span class=\"klein\">&copy; Thomas Brenner<\/span><\/Center><\/p>\n<\/div>\n<\/div>\n<p>auto<\/p>\n","protected":false},"excerpt":{"rendered":"<p>Kultur braucht Freunde Im Jahr 2016 unterst\u00fctzt der F\u00f6rderkreis Stadtmuseum Kaiserslautern e.V. die Museumsarbeit in all ihren Facetten bereits seit mehr als 40 Jahren. Die Aufgaben Sammeln, Bewahren, Vermitteln und Forschen stehen im Mittelpunkt der F\u00f6rdert\u00e4tigkeiten, um als Museum stets attraktiv sein zu k\u00f6nnen. Ein historisches Stadtmuseum hat gro\u00dfen Anteil\u2026<\/p>\n<p> <a class=\"continue-reading-link\" href=\"https:\/\/stadtmuseum-kl.de\/?page_id=24\"><span>mehr &#8230;<\/span><i class=\"crycon-right-dir\"><\/i><\/a> <\/p>\n","protected":false},"author":1,"featured_media":0,"parent":0,"menu_order":4,"comment_status":"closed","ping_status":"closed","template":"","meta":[],"_links":{"self":[{"href":"https:\/\/stadtmuseum-kl.de\/index.php?rest_route=\/wp\/v2\/pages\/24"}],"collection":[{"href":"https:\/\/stadtmuseum-kl.de\/index.php?rest_route=\/wp\/v2\/pages"}],"about":[{"href":"https:\/\/stadtmuseum-kl.de\/index.php?rest_route=\/wp\/v2\/types\/page"}],"author":[{"embeddable":true,"href":"https:\/\/stadtmuseum-kl.de\/index.php?rest_route=\/wp\/v2\/users\/1"}],"replies":[{"embeddable":true,"href":"https:\/\/stadtmuseum-kl.de\/index.php?rest_route=%2Fwp%2Fv2%2Fcomments&post=24"}],"version-history":[{"count":16,"href":"https:\/\/stadtmuseum-kl.de\/index.php?rest_route=\/wp\/v2\/pages\/24\/revisions"}],"predecessor-version":[{"id":845,"href":"https:\/\/stadtmuseum-kl.de\/index.php?rest_route=\/wp\/v2\/pages\/24\/revisions\/845"}],"wp:attachment":[{"href":"https:\/\/stadtmuseum-kl.de\/index.php?rest_route=%2Fwp%2Fv2%2Fmedia&parent=24"}],"curies":[{"name":"wp","href":"https:\/\/api.w.org\/{rel}","templated":true}]}}