{"id":26,"date":"2015-11-02T17:46:58","date_gmt":"2015-11-02T17:46:58","guid":{"rendered":"http:\/\/stadtmuseum-kl.de\/?page_id=26"},"modified":"2015-11-23T11:44:52","modified_gmt":"2015-11-23T11:44:52","slug":"museumsshop","status":"publish","type":"page","link":"https:\/\/stadtmuseum-kl.de\/?page_id=26","title":{"rendered":"Shop"},"content":{"rendered":"<div style=\"background:#ffffff; width:99%; text-align:left; margin:10px; height:auto;\">\n<div style=\"background:#ffffff; font-family: bookman old style;  width:48%; height:100%; float:left\">\n<p><strong>Souvenirs<\/strong><br \/>\nUnterst\u00fctzen Sie das Stadtmuseum durch den Kauf unserer Souvenirs bzw. unserer Werbeartikel.<br \/>\n<a class=\"farbe\" href=\"https:\/\/stadtmuseum-kl.de\/?page_id=68\">zu den Souvenirs <\/a>\n<\/div>\n<div style=\"background:#ffffff; font-family: bookman old style; width:48%; height:100%; float:right;\">\n<p><strong>Publikationen<\/strong><br \/>\nDas Theodor-Zink-Museum gibt seit 1997 zu den Ausstellungen Kataloge heraus, die in der \u201eSchriftenreihe des Theodor-Zink-Museums\u201c erscheinen. Die Schriften und Kataloge der vergangenen Ausstellungen k\u00f6nnen \u00fcber das Stadtmuseum bezogen werden.<br \/>\n<a class=\"farbe\" href=\"https:\/\/stadtmuseum-kl.de\/?page_id=70\">zu den verf\u00fcgbaren Titeln <\/a>\n<\/div>\n<\/div>\n","protected":false},"excerpt":{"rendered":"<p>Souvenirs Unterst\u00fctzen Sie das Stadtmuseum durch den Kauf unserer Souvenirs bzw. unserer Werbeartikel. zu den Souvenirs Publikationen Das Theodor-Zink-Museum gibt seit 1997 zu den Ausstellungen Kataloge heraus, die in der \u201eSchriftenreihe des Theodor-Zink-Museums\u201c erscheinen. Die Schriften und Kataloge der vergangenen Ausstellungen k\u00f6nnen \u00fcber das Stadtmuseum bezogen werden. zu den verf\u00fcgbaren\u2026<\/p>\n<p> <a class=\"continue-reading-link\" href=\"https:\/\/stadtmuseum-kl.de\/?page_id=26\"><span>mehr &#8230;<\/span><i class=\"crycon-right-dir\"><\/i><\/a> <\/p>\n","protected":false},"author":1,"featured_media":0,"parent":0,"menu_order":5,"comment_status":"closed","ping_status":"closed","template":"templates\/template-twocolumns-right.php","meta":[],"_links":{"self":[{"href":"https:\/\/stadtmuseum-kl.de\/index.php?rest_route=\/wp\/v2\/pages\/26"}],"collection":[{"href":"https:\/\/stadtmuseum-kl.de\/index.php?rest_route=\/wp\/v2\/pages"}],"about":[{"href":"https:\/\/stadtmuseum-kl.de\/index.php?rest_route=\/wp\/v2\/types\/page"}],"author":[{"embeddable":true,"href":"https:\/\/stadtmuseum-kl.de\/index.php?rest_route=\/wp\/v2\/users\/1"}],"replies":[{"embeddable":true,"href":"https:\/\/stadtmuseum-kl.de\/index.php?rest_route=%2Fwp%2Fv2%2Fcomments&post=26"}],"version-history":[{"count":13,"href":"https:\/\/stadtmuseum-kl.de\/index.php?rest_route=\/wp\/v2\/pages\/26\/revisions"}],"predecessor-version":[{"id":717,"href":"https:\/\/stadtmuseum-kl.de\/index.php?rest_route=\/wp\/v2\/pages\/26\/revisions\/717"}],"wp:attachment":[{"href":"https:\/\/stadtmuseum-kl.de\/index.php?rest_route=%2Fwp%2Fv2%2Fmedia&parent=26"}],"curies":[{"name":"wp","href":"https:\/\/api.w.org\/{rel}","templated":true}]}}