{"id":35,"date":"2015-11-02T18:07:30","date_gmt":"2015-11-02T18:07:30","guid":{"rendered":"http:\/\/stadtmuseum-kl.de\/?page_id=35"},"modified":"2015-11-22T16:01:37","modified_gmt":"2015-11-22T16:01:37","slug":"museumsgeschichte","status":"publish","type":"page","link":"https:\/\/stadtmuseum-kl.de\/?page_id=35","title":{"rendered":"Museumsgeschichte"},"content":{"rendered":"<div style=\"background:#ffffff; width:99%; text-align:left; margin:10px; height:auto;\">\n<div style=\"background:#ffffff; font-family: bookman old style;  width:48%; height:100%; float:left\">\n<p><strong>80 Jahre Theodor Zink Museum<\/strong><br \/>\n&#8211; Das \u201eMuseum f\u00fcr Pf\u00e4lzische Volkskunde\u201c in Kaiserslautern- (von Jens St\u00f6cker, 2015)<\/p>\n<p>W\u00e4hrend der Vorbereitungen zur Ausstellung \u201eModern Times\u201c im Jahr 2008 fielen uns beim \u00d6ffnen eines alten B\u00fcroschreibtisches im Magazin des Museums einige unsortierte und bis dahin v\u00f6llig unbekannte Aktenordner in die H\u00e4nde, die <a class=\"farbe\" href=\"https:\/\/stadtmuseum-kl.de\/?page_id=578\">&#8230; mehr<\/a><\/p>\n<\/div>\n<div style=\"background:#ffffff; font-family: bookman old style; width:48%; height:100%; float:right;\">\n<p><strong>Eine neue Heimat f\u00fcr das Theodor-Zink-Museum<\/strong><br \/>\n&#8211; Das Haus &#8222;Zum Rheinkreis&#8220; profitierte von der Sanierung der Altstadt- (Von Gerhard Westenburger)<\/p>\n<p>Das &#8222;alte&#8220; Theodor-Zink-Museum war von 1936 bis in die ersten Kriegsjahre in dem alten Bau des Spittelm\u00fcllers auf der Nordseite des Stiftsplatzes untergebracht, <a class=\"farbe\" href=\"https:\/\/stadtmuseum-kl.de\/?page_id=568\">&#8230; mehr<\/a><\/p>\n<\/div>\n<\/div>\n<p><br clear=\"all\"><\/p>\n<div style=\"background:#ffffff; width:99%; text-align:left; margin:10px; height:auto;\">\n<div style=\"background:#ffffff; font-family: bookman old style;  width:48%; height:100%; float:left\">\n<p><strong>Das Museum im Sanierungsgebiet Altstadt<\/strong><br \/>\nSt\u00e4dtebauliche Entwicklung, Sanierungsgebiet &#8222;Altstadt&#8220; (von Dieter Burghaus) <\/p>\n<p>Der obere Teil der Steinstra\u00dfe r\u00fcckte erst berufsbedingt im Rahmen der Sanierung der Altstadt (Oberstadt) in mein Bewusstsein. Bis dahin waren das Gymnasium am Rittersberg, das Gasthaus &#8222;Zur Burg&#8220;, der &#8222;Gro\u00dfemax&#8220; <a class=\"farbe\" href=\"https:\/\/stadtmuseum-kl.de\/?page_id=570\">&#8230; mehr<\/a><\/p>\n<\/div>\n<div style=\"background:#ffffff; font-family: bookman old style; width:48%; height:100%; float:right;\">\n<p><strong>Gr\u00fcndung des F\u00f6rderkreises &#8211; Uta Mayr-Falkenberg <\/strong><br \/>\nWie es zur Gr\u00fcndung des F\u00f6rderkreises Theodor-Zink-Museum kam &#8211; Uta Mayr-Falkenberg erinnert sich<\/p>\n<p>Industrieansiedlung und Altstadtsanierung! Vor allem diese Schlagworte beherrschten in der zweiten H\u00e4lfte der 60er-Jahre die Lokalpolitik Kaiserslauterns. <a class=\"farbe\" href=\"https:\/\/stadtmuseum-kl.de\/?page_id=572\">&#8230; mehr<\/a><\/p>\n<\/div>\n<\/div>\n<p><br clear=\"all\"><\/p>\n","protected":false},"excerpt":{"rendered":"<p>80 Jahre Theodor Zink Museum &#8211; Das \u201eMuseum f\u00fcr Pf\u00e4lzische Volkskunde\u201c in Kaiserslautern- (von Jens St\u00f6cker, 2015) W\u00e4hrend der Vorbereitungen zur Ausstellung \u201eModern Times\u201c im Jahr 2008 fielen uns beim \u00d6ffnen eines alten B\u00fcroschreibtisches im Magazin des Museums einige unsortierte und bis dahin v\u00f6llig unbekannte Aktenordner in die H\u00e4nde, die\u2026<\/p>\n<p> <a class=\"continue-reading-link\" href=\"https:\/\/stadtmuseum-kl.de\/?page_id=35\"><span>mehr &#8230;<\/span><i class=\"crycon-right-dir\"><\/i><\/a> <\/p>\n","protected":false},"author":1,"featured_media":0,"parent":20,"menu_order":3,"comment_status":"closed","ping_status":"closed","template":"templates\/template-twocolumns-right.php","meta":[],"_links":{"self":[{"href":"https:\/\/stadtmuseum-kl.de\/index.php?rest_route=\/wp\/v2\/pages\/35"}],"collection":[{"href":"https:\/\/stadtmuseum-kl.de\/index.php?rest_route=\/wp\/v2\/pages"}],"about":[{"href":"https:\/\/stadtmuseum-kl.de\/index.php?rest_route=\/wp\/v2\/types\/page"}],"author":[{"embeddable":true,"href":"https:\/\/stadtmuseum-kl.de\/index.php?rest_route=\/wp\/v2\/users\/1"}],"replies":[{"embeddable":true,"href":"https:\/\/stadtmuseum-kl.de\/index.php?rest_route=%2Fwp%2Fv2%2Fcomments&post=35"}],"version-history":[{"count":27,"href":"https:\/\/stadtmuseum-kl.de\/index.php?rest_route=\/wp\/v2\/pages\/35\/revisions"}],"predecessor-version":[{"id":702,"href":"https:\/\/stadtmuseum-kl.de\/index.php?rest_route=\/wp\/v2\/pages\/35\/revisions\/702"}],"up":[{"embeddable":true,"href":"https:\/\/stadtmuseum-kl.de\/index.php?rest_route=\/wp\/v2\/pages\/20"}],"wp:attachment":[{"href":"https:\/\/stadtmuseum-kl.de\/index.php?rest_route=%2Fwp%2Fv2%2Fmedia&parent=35"}],"curies":[{"name":"wp","href":"https:\/\/api.w.org\/{rel}","templated":true}]}}