{"id":39,"date":"2015-11-02T18:08:42","date_gmt":"2015-11-02T18:08:42","guid":{"rendered":"http:\/\/stadtmuseum-kl.de\/?page_id=39"},"modified":"2015-11-07T14:16:30","modified_gmt":"2015-11-07T14:16:30","slug":"austellungsarchiv","status":"publish","type":"page","link":"https:\/\/stadtmuseum-kl.de\/?page_id=39","title":{"rendered":"Ausstellungsarchiv  2000 &#8211; 2010"},"content":{"rendered":"<p><a class=\"farbe\" href=\"https:\/\/stadtmuseum-kl.de\/?page_id=224\">hier geht es zum Ausstellungsarchiv 1999 &#8211; 1978<\/a><\/p>\n<p><a class=\"farbe\" href=\"#2010\">Jahr 2010<\/a>&nbsp;&nbsp;&nbsp;&nbsp;&nbsp;&nbsp;&nbsp;&nbsp;&nbsp;&nbsp;<a class=\"farbe\" href=\"#2009\">Jahr 2009<\/a>&nbsp;&nbsp;&nbsp;&nbsp;&nbsp;&nbsp;&nbsp;&nbsp;&nbsp;&nbsp;<a class=\"farbe\" href=\"#2008\">Jahr 2008<\/a>&nbsp;&nbsp;&nbsp;&nbsp;&nbsp;&nbsp;&nbsp;&nbsp;&nbsp;&nbsp;<a class=\"farbe\" href=\"#2007\">Jahr 2007<\/a>&nbsp;&nbsp;&nbsp;&nbsp;&nbsp;&nbsp;&nbsp;&nbsp;&nbsp;&nbsp;<a class=\"farbe\" href=\"#2006\">Jahr 2006<\/a>&nbsp;&nbsp;&nbsp;&nbsp;&nbsp;&nbsp;&nbsp;&nbsp;&nbsp;&nbsp;<a class=\"farbe\" href=\"#2005\">Jahr 2005<\/a>&nbsp;&nbsp;&nbsp;&nbsp;&nbsp;&nbsp;&nbsp;&nbsp;&nbsp;&nbsp;<br \/>\n<a class=\"farbe\" href=\"#2004\">Jahr 2004<\/a>&nbsp;&nbsp;&nbsp;&nbsp;&nbsp;&nbsp;&nbsp;&nbsp;&nbsp;&nbsp;<a class=\"farbe\" href=\"#2003\">Jahr 2003<\/a>&nbsp;&nbsp;&nbsp;&nbsp;&nbsp;&nbsp;&nbsp;&nbsp;&nbsp;&nbsp;<a class=\"farbe\" href=\"#2002\">Jahr 2002<\/a>&nbsp;&nbsp;&nbsp;&nbsp;&nbsp;&nbsp;&nbsp;&nbsp;&nbsp;&nbsp;<a class=\"farbe\" href=\"#2001\">Jahr 2001<\/a>&nbsp;&nbsp;&nbsp;&nbsp;&nbsp;&nbsp;&nbsp;&nbsp;&nbsp;&nbsp;<a class=\"farbe\" href=\"#2000\">Jahr 2000<\/a>&nbsp;&nbsp;&nbsp;&nbsp;&nbsp;&nbsp;&nbsp;&nbsp;&nbsp;&nbsp;<a class=\"farbe\" href=\"#1999\">Jahr 1999<\/a><\/p>\n<p><a name=\"2010\"><strong>2010<\/strong><\/p>\n<p><strong>Ludwig Grub zum 80. Geburtstag  (13.08.10 \u2013 09.10.10)<\/strong><br \/>\nEigenproduktion des Theodor-Zink-Museums, Katalog<\/p>\n<p><strong>Barbarossa (26.06.10 \u2013 13.02.11)<\/strong><br \/>\nHistorie \u2013 Mythos \u2013 Marketing<br \/>\nEigenproduktion des Theodor-Zink-Museums, Begleitpublikation, Begleitveranstaltungen<\/p>\n<p><strong>Enric Mestre (16.06.10 \u2013 26.09.10)<\/strong><br \/>\nKeramische Skulptur &#8211; Eigenproduktion des Theodor-Zink-Museums, Katalog<br \/>\nWadgasserhof<\/p>\n<p><strong>Theodor-Zink-Museum \u2013 Stationen eines Stadtmuseums (12.05.10 \u2013 02.10.10)<\/strong><br \/>\nEigenproduktion des Theodor-Zink-Museums, Vortrag<\/p>\n<p><strong>Brigitte Burkhardt \u2013 Schmuck (17.04.10 \u2013 13.06.10)<\/strong><br \/>\nEigenproduktion des Theodor-Zink-Museums, Katalog<\/p>\n<p><strong>\u201eVon Markt und Macht\u201c (20.03.10 \u2013 23.05.10)<\/strong><br \/>\nThomas Brenners Monschauer Allegorie der Tuchmacher<br \/>\nEigenproduktion des Theodor-Zink-Museums, Katalog<\/p>\n<p><a name=\"2009\"><strong>2009<\/strong><\/p>\n<p><strong>Elisabeth Krampe \u2013 Faltungen Metall (21.11.09 \u2013 14.02.10)<\/strong><br \/>\nEigenproduktion des Theodor-Zink-Museums, Katalog<\/p>\n<p><strong>Sportkarikaturen von Achim Greser und Heribert Lenz (26.09.09 \u2013 15.11.09)<\/strong><br \/>\nTheodor-Zink-Museum in Kooperation mit dem Arbeitskreis Sportgeschichte des Sportbundes Pfalz<\/p>\n<p><strong>1969 \u2013 2009 &#8211; 40 Jahre Berufsverband Kunsthandwerk Rheinland-Pfalz e.V. (16.05.09 \u2013 28.06.09)<\/strong><br \/>\nWanderausstellung in Kaiserslautern, Mainz und Koblenz<\/p>\n<p><strong>BALNEA- Architekurgeschichte des Bades (05.02.09 \u2013 22.03-09)<\/strong><br \/>\nTheodor-Zink-Museum in Kooperation mit dem Studiengang Architektur der TU Kaiserslautern<br \/>\nWadgasserhof<\/p>\n<p> <strong>\u201eModern Times\u201c- Kommunikations- und Unterhaltungstechnik im fr\u00fchen 20. Jahrhundert (09.12.09 \u2013 28.02.10)<\/strong><br \/>\nEigenproduktion des Theodor-Zink-Museums, Katalog<\/p>\n<p><strong>\u201eH\u00f6henflug und harte Landung\u201c- Sportgeschichte der Pfalz (09.09.09 \u2013 08.11.09)<\/strong><br \/>\nTheodor-Zink-Museum in Kooperation mit dem Arbeitskreis Sportgeschichte des Sportbundes Pfalz<\/p>\n<p><strong>Aufbruch nach Amerika  1709 \u2013 2009 &#8211; 300 Jahre Massenauswanderung aus Rheinland-Pfalz (30.04.09 \u2013 02.08.09)<\/strong><br \/>\nEigenproduktion des Theodor-Zink-Museums, Begleitveranstaltung<\/p>\n<p><strong>Japanische G\u00e4rten im Spiegel der Jahreszeiten (15.11.08 \u2013 18.01.09)<\/strong><br \/>\nPhotographien von Mizuno Katsuhiko<br \/>\nAusstellungs\u00fcbernahme Japanisches Kulturinstitut K\u00f6ln, in Kooperation mit \u201eJapanischer Garten e.V.\u201c<\/p>\n<p><strong>Pfalzpreis f\u00fcr Kunsthandwerk (26.09.09 \u2013 26.10.09)<\/strong><br \/>\nAusstellung der Handwerkskammer und des Bezirksverbandes Pfalz<\/p>\n<p><a name=\"2008\"><strong>2008<\/strong><\/p>\n<p><strong>Georg Philipp Schmidt (01.10.09 \u2013 14.11.08)Zum 100. Geburtstag <\/strong><br \/>\nZum 200. Geburtstag &#8211; Eigenproduktion des Theodor-Zink-Museums, Katalog, Begleitveranstaltungen<\/p>\n<p><strong>Erwin Br\u00fcnisholz &#8211; Zum 100. Geburtstag  (19.04.08 \u2013 25.05.08)<\/strong><br \/>\nTheodor-Zink-Museum in Kooperation mit dem Freundeskreis Br\u00fcnisholz<br \/>\nWadgasserhof<\/p>\n<p><strong>100 Jahre Waschm\u00fchle (19.07.08 \u2013 10.08.08)<\/strong><br \/>\nEigenproduktion des Theodor-Zink-Museums<\/p>\n<p><strong>Flaschen \u2013 nicht nur zum Gebrauch (10.12.08 \u2013 01.03.09)<\/strong><br \/>\nEigenproduktion des Theodor-Zink-Museums, Katalog<\/p>\n<p><strong>B\u00fchnenzauber (31.05.08 \u2013 31.08.08)<\/strong><br \/>\nKunst und Handwerk aus Theaterwerkst\u00e4tten<br \/>\nEigenproduktion des Theodor-Zink-Museums in Kooperation mit dem Pfalztheater Kaiserslautern, Begleitveranstaltungen<\/p>\n<p><strong>Lotte Reimers \u2013 Keramik aus vier Jahrzehnten (09.02.08 \u2013 04.05.08)<\/strong><br \/>\nEigenproduktion des Theodor-Zink-Museums, Katalog, Begleitveranstaltungen<\/p>\n<p><a name=\"2007\"><strong>2007<\/strong><\/p>\n<p><strong>4 x 4 (10.11.07 \u2013 13.01.08)<\/strong><br \/>\nArno Schmidts Fotografien aus Bargfeld<br \/>\nAusstellung der Arno Schmidt-Stiftung in Kooperation mit der TU Kaiserslautern<\/p>\n<p><strong>Anne Currier (27.10.07 \u2013 09.12.07)<\/strong><br \/>\nKeramische Skulptur &#8211; Eigenproduktion des Theodor-Zink-Museums, Katalog\u00fcbernahme<\/p>\n<p><strong>Kunst aus Afrika (01.09.07 \u2013 21.10.07)<\/strong><br \/>\nTextile Bilder der Bakuba<br \/>\nAus der Sammlung Aloys und Maria Ohlmann, Eigenproduktion, Katalog\u00fcbernahme<\/p>\n<p><strong>Geschenke (15.06.07 \u2013 15.09.07)<\/strong><br \/>\nZeitgen\u00f6ssisches Kunsthandwerk f\u00fcr das Theodor-Zink-Museum<br \/>\nEigenproduktion des Theodor-Zink-Museums<\/p>\n<p><strong>Hans G\u00fcnther Hausen (1927 \u2013 2004) (09.05.07 \u2013 05.08.07)<\/strong><\/p>\n<p>Fotografie, Eigenproduktion des Theodor-Zink-Museums, Katalog, Begleitveranstaltungen<\/p>\n<p><strong>Zwischen Schrecken und Trost (24.02.07 \u2013 15.04.07)<\/strong><br \/>\nBilder der Apokalypse in mittelalterlicher Buchmalerei<br \/>\nAusstellung der Kath. Erwachsenenbildung der Di\u00f6zese Speyer in Kooperation mit dem Theodor-Zink-Museum, Katalog, Begleitveranstaltungen; Wadgasserhof<\/p>\n<p><strong>J\u00f6rg F. Zimmermann \u2013 Glasobjekte (10.02.07 \u2013 15.04.07)<\/strong><br \/>\nEigenproduktion des Theodor-Zink-Museums<\/p>\n<p><a name=\"2006\"><strong>2006<\/strong><\/p>\n<p><strong>Trikot, Hemd und Trainingshose (07.05.06 \u2013 30.07.06)<\/strong><br \/>\nAus der Geschichte der Sportbekleidung<br \/>\nEigenproduktion des Theodor-Zink-Museums zur Fu\u00dfballweltmeisterschaft 2006, Katalog, Begleitveranstaltungen<\/p>\n<p><strong>Weltkulturerbe in Japan (27.09.06 \u2013 29.10.06)<\/strong><br \/>\nPhotographien von Miyoshi Kazuyoshi<br \/>\nAusstellung in Kooperation mit Japanisches Kulturinstitut K\u00f6ln<\/p>\n<p><strong>Hilde Greller 1906 \u2013 2000 (11.11.06 \u2013 10.01.07)<\/strong><br \/>\nZum 100. Geburtstag &#8211; Eigenproduktion des Theodor-Zink-Museums, Katalog, Begleitveranstaltungen<\/p>\n<p><strong>Trikot, Hemd und Trainingshose (07.05.06 \u2013 30.07.06)<\/strong><br \/>\ns. Theodor-Zink-Museum; Wadgasserhof<\/p>\n<p><strong>abgestempelt (18.11.06 \u2013 24.01.07)<\/strong><br \/>\nJudenfeindliche Postkarten<br \/>\nAusstellungs\u00fcbernahme Bundeszentrale f\u00fcr politische Bildung, in Kooperation mit VHS Kaiserslautern<\/p>\n<p><a name=\"2005\"><strong>2005<\/strong><\/p>\n<p><strong>Die Sprache der Dinge (16.04.05 \u2013 12.06.05)<\/strong><br \/>\nArbeiten internationaler K\u00fcnstler aus der Lotte Reimers-Stiftung, Eigenproduktion des Theodor-Zink-Museums, Katalog<\/p>\n<p><strong>Kaiserslauterer Bildhauer (16.07.05 \u2013 23.10.05)<\/strong><br \/>\nZwischen Tradition und Moderne<br \/>\nEigenproduktion des Theodor-Zink-Museums, Katalog, Begleitveranstaltungen<\/p>\n<p><strong>\u201eJetzt kommt Licht ins Wirtschaftswunder\u201c (26.11.05 \u2013 26.02.06)<\/strong><br \/>\nLeuchten der 50er Jahre<br \/>\nPrivatsammlung, Eigenproduktion des Theodor-Zink-Museums, Begleitbuch<\/p>\n<p><strong>Faszination Fu\u00dfball (01.06.05 \u2013 19.06.05)<\/strong><br \/>\nPhotographien aus der Fr\u00fchzeit des Spiels<br \/>\nAusstellungs\u00fcbernahme<br \/>\nWadgasserhof<\/p>\n<p><strong>\u201eHandwerkliches K\u00f6nnen sichert die Zukunft\u201c (28.06.05 \u2013 22.07.05)<\/strong><br \/>\nEine Ausstellung der Meisterschule f\u00fcr Handwerker Kaiserslautern<\/p>\n<p><strong>zwischenzeitLich(t) (14.08.05 \u2013 10.09.05)<\/strong><br \/>\nDas Bildhaueratelier Bernd<br \/>\nEine Ausstellung von Wolkenhain e.V., Katalog, Begleitveranstaltungen<\/p>\n<p><strong>Mathematik be-greifen (19.09.05 \u2013 31.10.05)<\/strong><br \/>\nAusstellung in Kooperation mit P\u00e4dagogisches Zentrum,<br \/>\nTU Kaiserslautern Fachbereich Mathematik und Fraunhofer ITWM, Katalog, Begleitveranstaltungen<\/p>\n<p><strong>\u201eK\u00f6pfe\u201c Gernot Rumpf-F\u00f6rderpreis (08.11.05 \u2013 25.11.05)<\/strong><br \/>\nEine Ausstellung der TU Kaiserslautern, Fachbereich Architektur, Lehrgebiet \u201eK\u00fcnstlerisches Gestalten\u201c<\/p>\n<p><strong>All-Gegenw\u00e4rtig (07.12.05 \u2013 15.02.06)<\/strong><br \/>\nAstrofotografie von Sebastian Voltmer<br \/>\nAusstellung in Kooperation mit dem Studium integrale der TU Kaiserslautern<\/p>\n<p><a name=\"2004\"><strong>2004<\/strong><\/p>\n<p><strong>\u201eDas Leben ist \u00fcberraschend\u201c (04.12.04 \u2013 13.02.05)<\/strong><br \/>\nNeue Arbeiten von Jochen Dewerth<br \/>\nEigenproduktion des Theodor-Zink-Museums, Katalog<\/p>\n<p><strong>\u201egeschmiedet\u201c (19.11.04 \u2013 12.12.04)<\/strong><br \/>\nEine Ausstellung der Fachhochschule Kaiserslautern<\/p>\n<p><strong>Hilde Greller \u2013 Bunkertagebuch und Zeichnungen (26.09.04 \u2013 31.12.04)<\/strong><br \/>\nEigenproduktion des Theodor-Zink-Museums, Katalog<\/p>\n<p><strong>continuo schwarz-wei\u00df (19.09.04 \u2013 14.11.04)<\/strong><br \/>\nRaumsequenzen von G\u00e9rard Koch<br \/>\nEigenproduktion in Kooperation mit der VHS Kaiserslautern zum 100-j\u00e4hrigen Bestehen, Katalog<\/p>\n<p><strong>\u201eHandwerkliches K\u00f6nnen sichert die Zukunft\u201c (22.06.04 \u2013 15.07.04)<\/strong><br \/>\nEine Ausstellung der Meisterschule f\u00fcr Handwerker Kaiserslautern<\/p>\n<p><strong>Positionen (16.05.04 \u2013 04.07.04)<\/strong><br \/>\nAusstellung in Kooperation mit \u201eSkulpturenweg Rheinland-Pfalz e. V.\u201c<\/p>\n<p><strong>Protest! &#8211; Der 17. Juni in der Stadt Brandenburg (16.03.04 \u2013 02.05.04)<\/strong><br \/>\nEine Ausstellung des Museums Brandenburg<\/p>\n<p><strong>Gerd Kn\u00e4pper \u2013 Objekte (07.02.04 \u2013 21.03.04)<\/strong><br \/>\nEigenproduktion des Theodor-Zink-Museums, Katalog<br \/>\nWadgasserhof<\/p>\n<p><strong>\u201egeschmiedet \u2013 gegossen\u201c (17.01.04 \u2013 07.03.04)<\/strong><br \/>\nMetallarbeiten von Otto Baier und Berthold Hoffmann<br \/>\nEigenproduktion des Theodor-Zink-Museums, Katalog<\/p>\n<p><a name=\"2003\"> <strong>2003<\/strong><\/p>\n<p><strong>Washi (06.09.03 \u2013 04.01.04)<\/strong><br \/>\nZeitgen\u00f6ssische japanische Kunst aus Papier<br \/>\nEigenproduktion des Theodor-Zink-Museums<\/p>\n<p><strong>\u201eWir zeigen, was wir k\u00f6nnen\u201c (25.06.03 \u2013 16.07.03)<\/strong><br \/>\nEine Ausstellung der Meisterschule f\u00fcr Handwerker Kaiserslautern<\/p>\n<p><strong>Schau der Herrlichkeit (10.05.03 \u2013 01.06.03)<\/strong><br \/>\nFaksimiles mittelalterlicher Bibelhandschriften<br \/>\nAusstellung der Katholische Erwachsenenbildung Di\u00f6zese Speyer, im Wadgasserhof<\/p>\n<p><strong>Schlote, Villen, Gartenlaube (22.03.03 \u2013 27.07.03)<\/strong><br \/>\nHistorismus und Gr\u00fcnderjahre in Kaiserslautern<br \/>\nAusstellung zum 25-j\u00e4hrigen Bestehen des Theodor-Zink-Museum<br \/>\nEigenproduktion, Begleitveranstaltungen, Begleitheft<\/p>\n<p><a name=\"2002\"><strong>2002<\/strong><\/p>\n<p><strong>Pro-Tsubo (09.11.02 \u2013 11.01.03)<\/strong><br \/>\nZeitgen\u00f6ssische Kunst aus Japan<br \/>\nAusstellung in Kooperation mit der Universit\u00e4t Kaiserslautern und der Galerie \u201eMurata and friends\u201c, Berlin<\/p>\n<p><strong>Haiku ichimai Surimono (18.07.02 \u2013 06.10.02)<\/strong><br \/>\nZum Gl\u00fcckwunsch und Gedenken &#8211; Japanische Drucke aus der Sammlung Masuda Shosaburo<br \/>\nEigenproduktion des Theodor-Zink-Museums, Katalog; im Wadgassserhof<\/p>\n<p><strong>Veit Hofmann (28.09.02 \u2013 05.01.03)<\/strong><br \/>\nHolzschnitte und Flugobjekte<br \/>\nIm Rahmen der Ausstellungsreihe \u201eSachsen in Rheinland-Pfalz \u2013 ein deutscher Kunstdialog\u201c, in Kooperation mit Neuer S\u00e4chsischer Kunstverein e.V., Dresden<\/p>\n<p><strong>\u201eAch, wer da mitreisen k\u00f6nnte..!\u201c (31.05.02 \u2013 01.09.02)<\/strong><br \/>\nEine Ausstellung zur Geschichte des Reisens<br \/>\nEigenproduktion des Theodor-Zink-Museums, Begleitveranstaltungen, Begleitpublikation<\/p>\n<p><strong>Einf\u00e4lle aus Abf\u00e4llen (23.02.02 \u2013 14.04.02)<\/strong><br \/>\nKreativit\u00e4t in Alltag und Schule in der Dritten Welt<br \/>\nAusstellungs\u00fcbernahme, Begleitheft<\/p>\n<p><a name=\"2001\"><strong>2001<\/strong><\/p>\n<p><strong>Maria Schade \u2013 Elisabeth Krampe (01.12.01 \u2013 03.02.02)<\/strong><br \/>\nStoff, Papier, Metall<br \/>\nEigenproduktion des Theodor-Zink-Museums, Katalog<\/p>\n<p><strong>Kaiserslautern \u2013 Zeitbilder aus zehn Jahrtausenden (ab 09.06.01)<\/strong><br \/>\nDauerausstellung zum Stadtjubil\u00e4um<br \/>\nEigenproduktion des Theodor-Zink-Museums<br \/>\nBegleitausstellung: Stadtansichten und Stadtpl\u00e4ne aus eigenen Best\u00e4nden<\/p>\n<p><strong>Sadaya Ishigaki &#8211; Bilder und Reiseskizzen aus der Pfalz (06.05.01 \u2013 20.05.01)<\/strong><br \/>\nAusstellung in Kooperation mit dem Japanischen GeneralkonsulatFrankfurt am Main<br \/>\nWadgasserhof<\/p>\n<p><strong>Opus Caementitium (14.03.01 \u2013 29.04.01)<\/strong><br \/>\nNeue Bautechniken der R\u00f6mer<br \/>\nAusstellung der S\u00fcdwest Zement GmbH und des Landesdenkmalamtes Baden-W\u00fcrttemberg, Katalog, CD<\/p>\n<p><a name=\"2000\"><strong>2000<\/strong><\/p>\n<p><strong>Britta Bode \u2013 Thomas Naethe \u2013 Rita Ternes (17.10.00 \u2013 03.12.00)<\/strong><br \/>\nSchmuck und Keramik<br \/>\nEigenproduktion des Theodor-Zink-Museums, Begleitveranstaltungen, Katalog<\/p>\n<p><strong>1300 \u2013 2000 700 Jahre Martinskirche in Kaiserslautern (11.08.00 \u2013 10.09.00)<\/strong><br \/>\nAusstellung der Pfarrgemeinde St. Martin<\/p>\n<p><strong>\u201eMe to hashi de\u201c &#8211; Mit Augen und St\u00e4bchen (29.06.00 \u2013 03.10.00)<\/strong><br \/>\nJapanische Gebrauchskeramik der Gegenwart<br \/>\nEigenproduktion des Theodor-Zink-Museums, Begleitveranstaltungen<br \/>\nSchlie\u00dfung der St\u00e4ndigen Ausstellung wegen Umbau ab November 2000<\/p>\n<p><strong>Brennpunkt Keramik (20.04.00 \u2013 19.05.00)<\/strong><br \/>\nGef\u00e4\u00dfe und Plastiken internationaler K\u00fcnstler aus der<br \/>\nLotte Reimers-Stiftung, Ausstellung auf der Landesgartenschau 2000<br \/>\nKonzeption, Realisation Theodor-Zink-Museum, Folder<\/p>\n<p><strong>Maskenwerkstatt (14.03.00 \u2013 14.05.00)<\/strong><br \/>\nSch\u00fclerarbeiten<br \/>\nEigenproduktion des Theodor-Zink-Museums<\/p>\n<p><strong>Entw\u00fcrfe f\u00fcr das Bildhauersymposion 2000 (21.01.00 \u2013 13.02.00)<\/strong><br \/>\nAusstellung des Skulpturenweg Rheinland-Pfalz e.V., im Wadgasserhof<\/p>\n<p><a name=\"1999\"><a name=\"1999\"><strong>1999<\/strong><\/p>\n<p><strong>Streiflichter \u2013 125 Jahre Pfalzgalerie und Meisterschule (05.12.99 \u2013 09.01.00)<\/strong><br \/>\nf\u00fcr Handwerker Kaiserslautern, Sch\u00fcler und Lehrer der Meisterschule<br \/>\nVeranstaltung des Bezirksverbandes Pfalz<\/p>\n<p><strong>Masken (01.12.99 \u2013 14.05.2000)<\/strong><br \/>\nVerbergen, verwandeln, beschw\u00f6ren, bet\u00f6ren<br \/>\nEigenproduktion des Theodor-Zink-Museums, Workshops, \u201eMaskenwerkstatt\u201c,<br \/>\nein Projekt f\u00fcr Sch\u00fcler mit Ausstellung im Wadgasserhof, Begleitheft zur Ausstellung<\/p>\n","protected":false},"excerpt":{"rendered":"<p>hier geht es zum Ausstellungsarchiv 1999 &#8211; 1978 Jahr 2010&nbsp;&nbsp;&nbsp;&nbsp;&nbsp;&nbsp;&nbsp;&nbsp;&nbsp;&nbsp;Jahr 2009&nbsp;&nbsp;&nbsp;&nbsp;&nbsp;&nbsp;&nbsp;&nbsp;&nbsp;&nbsp;Jahr 2008&nbsp;&nbsp;&nbsp;&nbsp;&nbsp;&nbsp;&nbsp;&nbsp;&nbsp;&nbsp;Jahr 2007&nbsp;&nbsp;&nbsp;&nbsp;&nbsp;&nbsp;&nbsp;&nbsp;&nbsp;&nbsp;Jahr 2006&nbsp;&nbsp;&nbsp;&nbsp;&nbsp;&nbsp;&nbsp;&nbsp;&nbsp;&nbsp;Jahr 2005&nbsp;&nbsp;&nbsp;&nbsp;&nbsp;&nbsp;&nbsp;&nbsp;&nbsp;&nbsp; Jahr 2004&nbsp;&nbsp;&nbsp;&nbsp;&nbsp;&nbsp;&nbsp;&nbsp;&nbsp;&nbsp;Jahr 2003&nbsp;&nbsp;&nbsp;&nbsp;&nbsp;&nbsp;&nbsp;&nbsp;&nbsp;&nbsp;Jahr 2002&nbsp;&nbsp;&nbsp;&nbsp;&nbsp;&nbsp;&nbsp;&nbsp;&nbsp;&nbsp;Jahr 2001&nbsp;&nbsp;&nbsp;&nbsp;&nbsp;&nbsp;&nbsp;&nbsp;&nbsp;&nbsp;Jahr 2000&nbsp;&nbsp;&nbsp;&nbsp;&nbsp;&nbsp;&nbsp;&nbsp;&nbsp;&nbsp;Jahr 1999 2010 Ludwig Grub zum 80. Geburtstag (13.08.10 \u2013 09.10.10) Eigenproduktion des Theodor-Zink-Museums, Katalog Barbarossa (26.06.10 \u2013 13.02.11) Historie \u2013 Mythos \u2013 Marketing Eigenproduktion des Theodor-Zink-Museums, Begleitpublikation, Begleitveranstaltungen Enric\u2026<\/p>\n<p> <a class=\"continue-reading-link\" href=\"https:\/\/stadtmuseum-kl.de\/?page_id=39\"><span>mehr &#8230;<\/span><i class=\"crycon-right-dir\"><\/i><\/a> <\/p>\n","protected":false},"author":1,"featured_media":0,"parent":228,"menu_order":4,"comment_status":"closed","ping_status":"closed","template":"templates\/template-twocolumns-right.php","meta":[],"_links":{"self":[{"href":"https:\/\/stadtmuseum-kl.de\/index.php?rest_route=\/wp\/v2\/pages\/39"}],"collection":[{"href":"https:\/\/stadtmuseum-kl.de\/index.php?rest_route=\/wp\/v2\/pages"}],"about":[{"href":"https:\/\/stadtmuseum-kl.de\/index.php?rest_route=\/wp\/v2\/types\/page"}],"author":[{"embeddable":true,"href":"https:\/\/stadtmuseum-kl.de\/index.php?rest_route=\/wp\/v2\/users\/1"}],"replies":[{"embeddable":true,"href":"https:\/\/stadtmuseum-kl.de\/index.php?rest_route=%2Fwp%2Fv2%2Fcomments&post=39"}],"version-history":[{"count":27,"href":"https:\/\/stadtmuseum-kl.de\/index.php?rest_route=\/wp\/v2\/pages\/39\/revisions"}],"predecessor-version":[{"id":466,"href":"https:\/\/stadtmuseum-kl.de\/index.php?rest_route=\/wp\/v2\/pages\/39\/revisions\/466"}],"up":[{"embeddable":true,"href":"https:\/\/stadtmuseum-kl.de\/index.php?rest_route=\/wp\/v2\/pages\/228"}],"wp:attachment":[{"href":"https:\/\/stadtmuseum-kl.de\/index.php?rest_route=%2Fwp%2Fv2%2Fmedia&parent=39"}],"curies":[{"name":"wp","href":"https:\/\/api.w.org\/{rel}","templated":true}]}}