{"id":409,"date":"2015-11-06T18:02:41","date_gmt":"2015-11-06T18:02:41","guid":{"rendered":"http:\/\/stadtmuseum-kl.de\/?page_id=409"},"modified":"2015-11-22T15:56:19","modified_gmt":"2015-11-22T15:56:19","slug":"stadt-und-kulturgeschichte-im-zeitraffer","status":"publish","type":"page","link":"https:\/\/stadtmuseum-kl.de\/?page_id=409","title":{"rendered":"Stadt- und Kulturgeschichte im Zeitraffer"},"content":{"rendered":"<div style=\"background:#ffffff; width:99%; text-align:left; margin:10px; height:auto;\">\n<div style=\"background:#ffffff; font-family: arial;  width:48%; height:100%; float:left\">\n<p><strong>Das Stadtmuseum Kaiserslautern &#8211; Stadt- und Kulturgeschichte im Zeitraffer<\/strong><\/p>\n<p>In der Innenstadt von Kaiserslautern pr\u00e4sentiert sich das Stadtmuseum Kaiserslautern in zwei historischen Geb\u00e4udekomplexen als kunst- und kulturgeschichtliches Museum. Die beiden malerischen Hofanlagen des Hauses \u201eZum Rheinkreis\u201c und \u201eWadgasserhof\u201c liegen sich unmittelbar hinter der ehemaligen Stadtmauer an der historischen Haupt- und Handelsstra\u00dfe der Stadt gegen\u00fcber und laden ein zum Verweilen in den Ausstellungen.<br \/>\n<Center><br \/>\n<img decoding=\"async\" loading=\"lazy\" src=\"https:\/\/stadtmuseum-kl.de\/wp-content\/uploads\/2015\/11\/museum-flyer3.jpg\" alt=\"\" width=\"362\" height=\"185\" \/><br \/>\n<\/Center><br \/>\nDie <a class=\"farbe\" href=\"https:\/\/stadtmuseum-kl.de\/?page_id=159\">st\u00e4ndige Ausstellung<\/a> des Museums erz\u00e4hlt die Stadtgeschichte von der Vor- und Fr\u00fchgeschichte bis ins 20. Jahrhundert. Die <a class=\"farbe\" href=\"https:\/\/stadtmuseum-kl.de\/?page_id=167\">Sammlungsausstellungen <\/a> geben Einblick in die reichen Museumsbest\u00e4nde: von volkskundlichen Objekten \u00fcber M\u00f6bel, Kunsthandwerk und Design bis hin zur angewandten Kunst der Gegenwart. <\/p>\n<p><a class=\"farbe\" href=\"https:\/\/stadtmuseum-kl.de\/?page_id=15\">Wechselnde Ausstellungen<\/a> zur Kunst- und Kulturgeschichte greifen aktuelle Themen auf und pr\u00e4sentieren die Sammlungsbest\u00e4nde immer wieder in neuem Licht.<br \/>\n<Center><br \/>\n<img decoding=\"async\" loading=\"lazy\" src=\"https:\/\/stadtmuseum-kl.de\/wp-content\/uploads\/2015\/11\/museum-flyer1.jpg\" alt=\"\" width=\"363\" height=\"246\"\/><br \/>\n<span class=\"klein\">&copy; Thomas Brenner<\/span><\/Center>\n<\/div>\n<div style=\"background:#ffffff; font-family: arial; width:48%; height:100%; float:right;\">\nDen Grundstock der Sammlung legte Theodor Zink<\/a> (1871-1934). Der Volksschullehrer und leidenschaftliche Sammler gr\u00fcndete 1926 das Stadtmuseum, das er ab 1933 zum \u201eVolkskundemuseum der Pfalz\u201c ausbaute. Nachdem das Museum 1941 geschlossen wurde, bewirkte 1978 das Engagement des <a class=\"farbe\" href=\"https:\/\/stadtmuseum-kl.de\/?page_id=24\">\u201eF\u00f6rderkreises Theodor-Zink-Museum\u201c<\/a> die Wiederer\u00f6ffnung des Stadtmuseums im 1817 errichteten Fuhrmannsgasthof \u201eZum Rheinkreis\u201c.<\/p>\n<p><Center><br \/>\n<img decoding=\"async\" loading=\"lazy\" src=\"https:\/\/stadtmuseum-kl.de\/wp-content\/uploads\/2015\/11\/museum-flyer2.jpg\" alt=\"\" width=\"362\" height=\"248\"\/><br \/>\n<span class=\"klein\">&copy; Thomas Brenner<\/span><\/Center><br \/>\n<strong>Der Innenhof und die Scheune der historischen Hofanlage bieten heute Raum f\u00fcr Kulturveranstaltungen wie Konzerte, Liederabende, szenische Lesungen und das Kindertheater \u201eTIM \u2013 Theater im Museum\u201c.<\/strong> <\/p>\n<p>Der zweite gro\u00dfe Geb\u00e4udekomplex des Museums ist der <a class=\"farbe\" href=\"https:\/\/stadtmuseum-kl.de\/?page_id=183\">Wadgasserhof <\/a>mit seiner gro\u00dfen Hofanlage. Urspr\u00fcnglich ein mittelalterlicher Wirtschaftshof der<br \/>\nPr\u00e4monstratenserabtei Wadgassen, beherbergt er eine kleinen Kapelle im Erdgeschoss, die 1475 umgestaltet wurde. Sehenswert ist auch die beeindruckende barocke Stuckdecke im Obergeschoss des Hauses. Das Museum bietet seinen Besuchern ein umfangreiches Veranstaltungsprogramm f\u00fcr alle Altersgruppen und bietet F\u00fchrungen zu Themen der Stadtgeschichte, der Kulturgeschichte und der angewandten Kunst an. <\/p>\n<p>Wenn Sie einen Besuch mit einer Gruppe planen, k\u00f6nnen Sie eine F\u00fchrung aus einer Vielzahl von Themen w\u00e4hlen. Gerne nehmen wir dabei Ihre Vorstellungen und W\u00fcnsche auf. Schulklassen und Kindergartengruppen sind uns besonders<br \/>\nwillkommen. Rufen Sie uns an und sprechen Sie mit uns Termin und Schwerpunkte ab.<\/p>\n<\/div>\n<\/div>\n","protected":false},"excerpt":{"rendered":"<p>Das Stadtmuseum Kaiserslautern &#8211; Stadt- und Kulturgeschichte im Zeitraffer In der Innenstadt von Kaiserslautern pr\u00e4sentiert sich das Stadtmuseum Kaiserslautern in zwei historischen Geb\u00e4udekomplexen als kunst- und kulturgeschichtliches Museum. Die beiden malerischen Hofanlagen des Hauses \u201eZum Rheinkreis\u201c und \u201eWadgasserhof\u201c liegen sich unmittelbar hinter der ehemaligen Stadtmauer an der historischen Haupt- und\u2026<\/p>\n<p> <a class=\"continue-reading-link\" href=\"https:\/\/stadtmuseum-kl.de\/?page_id=409\"><span>mehr &#8230;<\/span><i class=\"crycon-right-dir\"><\/i><\/a> <\/p>\n","protected":false},"author":1,"featured_media":0,"parent":20,"menu_order":0,"comment_status":"closed","ping_status":"closed","template":"templates\/template-onecolumn.php","meta":[],"_links":{"self":[{"href":"https:\/\/stadtmuseum-kl.de\/index.php?rest_route=\/wp\/v2\/pages\/409"}],"collection":[{"href":"https:\/\/stadtmuseum-kl.de\/index.php?rest_route=\/wp\/v2\/pages"}],"about":[{"href":"https:\/\/stadtmuseum-kl.de\/index.php?rest_route=\/wp\/v2\/types\/page"}],"author":[{"embeddable":true,"href":"https:\/\/stadtmuseum-kl.de\/index.php?rest_route=\/wp\/v2\/users\/1"}],"replies":[{"embeddable":true,"href":"https:\/\/stadtmuseum-kl.de\/index.php?rest_route=%2Fwp%2Fv2%2Fcomments&post=409"}],"version-history":[{"count":30,"href":"https:\/\/stadtmuseum-kl.de\/index.php?rest_route=\/wp\/v2\/pages\/409\/revisions"}],"predecessor-version":[{"id":697,"href":"https:\/\/stadtmuseum-kl.de\/index.php?rest_route=\/wp\/v2\/pages\/409\/revisions\/697"}],"up":[{"embeddable":true,"href":"https:\/\/stadtmuseum-kl.de\/index.php?rest_route=\/wp\/v2\/pages\/20"}],"wp:attachment":[{"href":"https:\/\/stadtmuseum-kl.de\/index.php?rest_route=%2Fwp%2Fv2%2Fmedia&parent=409"}],"curies":[{"name":"wp","href":"https:\/\/api.w.org\/{rel}","templated":true}]}}