{"id":443,"date":"2015-11-06T19:12:50","date_gmt":"2015-11-06T19:12:50","guid":{"rendered":"http:\/\/stadtmuseum-kl.de\/?page_id=443"},"modified":"2018-12-17T14:10:18","modified_gmt":"2018-12-17T14:10:18","slug":"mitglied-werden-2","status":"publish","type":"page","link":"https:\/\/stadtmuseum-kl.de\/?page_id=443","title":{"rendered":"Mitglied werden"},"content":{"rendered":"<p><strong>Wer kann Mitglied im F\u00f6rderkreis Stadtmuseum Kaiserslautern e.V. werden?<\/strong><\/p>\n<p>Jeder B\u00fcrger kann Mitglied werden. Der Verein ist gemeinn\u00fctzig (Regiestereintragung Amtsgericht Kaiserslautern Nummer 1467). Mit seinem spannenden Blick auf die Stadtgeschichte, auf Kunst und Kultur, erweitert das Stadtmuseum den Bildungshorizont entscheidend. Mitglieder des Fo\u0308rderkreises haben freien Eintritt ins Museum und in den Wadgasser Hof. Mitglieder und unterst\u00fctzend Interessierte sind willkommene Ga\u0308ste bei den zahlreichen Veranstaltungen in der Scheune und im Wadgasser Hof.<\/p>\n<p>Wer sich f\u00fcr eine Mitgliedschaft interessiert oder aktiv werden m\u00f6chte, kann sich mit den Vorsitzenden des Vereins in Verbindung setzen. Neue Ideen und Aktivit\u00e4ten sind immer willkommen.<\/p>\n<p>Unser Aufnahmeformular k\u00f6nnen Sie direkt hier als PDF-Datei herunterladen. Das ausgef\u00fcllte Formular bitte per Post oder Fax an angegebene Adresse senden.<\/p>\n<p><a target=\"_blank\" href=\"https:\/\/stadtmuseum-kl.de\/wp-content\/uploads\/2018\/12\/SMKL_FLY_DinLang_2018_RZ.pdf\">zum Infoflyer<\/a> als PDF-Datei<\/p>\n<p><a target=\"_blank\" href=\"https:\/\/stadtmuseum-kl.de\/wp-content\/uploads\/2018\/12\/SMKL_BB_Mitgliedsantrag.pdf\">zum Mitgliedsantrag<\/a> als PDF-Datei<\/p>\n<p><strong>Mitgliedsbeitrag<\/strong><\/p>\n<p>Der Beitrag betr\u00e4gt Euro 30.- j\u00e4hrlich f\u00fcr nat\u00fcrliche Personen und Euro 100.- f\u00fcr juristische Personen. Spenden sind jederzeit willkommen und steuerlich absetzbar. Die Bankdaten:<\/p>\n<p>F\u00f6rderkreis Stadtmuseum Kaiserslautern e.V.<br \/>\nKreissparkasse Kaiserslautern<br \/>\nBLZ: 540 502 20,<br \/>\nKonto-Nummer: 26971<\/p>\n<p>IBAN: DE66540502200000026971<br \/>\nBIC: MALADE51KLK<\/p>\n","protected":false},"excerpt":{"rendered":"<p>Wer kann Mitglied im F\u00f6rderkreis Stadtmuseum Kaiserslautern e.V. werden? Jeder B\u00fcrger kann Mitglied werden. Der Verein ist gemeinn\u00fctzig (Regiestereintragung Amtsgericht Kaiserslautern Nummer 1467). Mit seinem spannenden Blick auf die Stadtgeschichte, auf Kunst und Kultur, erweitert das Stadtmuseum den Bildungshorizont entscheidend. Mitglieder des Fo\u0308rderkreises haben freien Eintritt ins Museum und in\u2026<\/p>\n<p> <a class=\"continue-reading-link\" href=\"https:\/\/stadtmuseum-kl.de\/?page_id=443\"><span>mehr &#8230;<\/span><i class=\"crycon-right-dir\"><\/i><\/a> <\/p>\n","protected":false},"author":1,"featured_media":0,"parent":24,"menu_order":2,"comment_status":"closed","ping_status":"closed","template":"templates\/template-twocolumns-right.php","meta":[],"_links":{"self":[{"href":"https:\/\/stadtmuseum-kl.de\/index.php?rest_route=\/wp\/v2\/pages\/443"}],"collection":[{"href":"https:\/\/stadtmuseum-kl.de\/index.php?rest_route=\/wp\/v2\/pages"}],"about":[{"href":"https:\/\/stadtmuseum-kl.de\/index.php?rest_route=\/wp\/v2\/types\/page"}],"author":[{"embeddable":true,"href":"https:\/\/stadtmuseum-kl.de\/index.php?rest_route=\/wp\/v2\/users\/1"}],"replies":[{"embeddable":true,"href":"https:\/\/stadtmuseum-kl.de\/index.php?rest_route=%2Fwp%2Fv2%2Fcomments&post=443"}],"version-history":[{"count":14,"href":"https:\/\/stadtmuseum-kl.de\/index.php?rest_route=\/wp\/v2\/pages\/443\/revisions"}],"predecessor-version":[{"id":1163,"href":"https:\/\/stadtmuseum-kl.de\/index.php?rest_route=\/wp\/v2\/pages\/443\/revisions\/1163"}],"up":[{"embeddable":true,"href":"https:\/\/stadtmuseum-kl.de\/index.php?rest_route=\/wp\/v2\/pages\/24"}],"wp:attachment":[{"href":"https:\/\/stadtmuseum-kl.de\/index.php?rest_route=%2Fwp%2Fv2%2Fmedia&parent=443"}],"curies":[{"name":"wp","href":"https:\/\/api.w.org\/{rel}","templated":true}]}}