{"id":45,"date":"2015-11-02T18:10:50","date_gmt":"2015-11-02T18:10:50","guid":{"rendered":"http:\/\/stadtmuseum-kl.de\/?page_id=45"},"modified":"2025-10-26T08:58:13","modified_gmt":"2025-10-26T08:58:13","slug":"preise","status":"publish","type":"page","link":"https:\/\/stadtmuseum-kl.de\/?page_id=45","title":{"rendered":"Preise"},"content":{"rendered":"<p>Die Eintrittspreise f\u00fcr die Ausstellungen des Museums sind:<\/p>\n<p><strong>Dauerausstellungen<\/strong><\/p>\n<p>freier Eintritt<\/p>\n<p><strong>Sonderausstellungen<\/strong><\/p>\n<ul>\n<li>Erwachsene 6,00 EUR<\/li>\n<li>Erm\u00e4\u00dfigt* 3,00 EUR<\/li>\n<li>Schulklassen freier Eintritt<\/li>\n<li>Mitglieder des F\u00f6rderkreises Theodor-Zink-Museum, Museumsverband Rheinland-Pfalz, Museumsbund, bzw. ICOM freier Eintritt<\/li>\n<\/ul>\n<p><strong>TIM \u2013 Theater im Museum<\/strong><\/p>\n<ul>\n<li>Kinder 4,00 EUR<\/li>\n<li>Erwachsene 8,00 EUR<\/li>\n<\/ul>\n<p><strong>F\u00fchrungen<\/strong><\/p>\n<p>Gerne bieten wir Ihnen F\u00fchrungen nach Terminabsprache an. Wir bitten um telefonische Anmeldung unter: 0631 365-2327<\/p>\n<p>Die F\u00fchrungsentgelte sind:<\/p>\n<ul>\n<li>Schulklassen: 25,00 \u20ac<\/li>\n<li>andere Gruppen (bis 20 Personen): 55,00 \u20ac*<\/li>\n<li>au\u00dferhalb der regul\u00e4ren \u00d6ffnungszeiten: 70,00 \u20ac*<\/li>\n<li>\u00d6ffentliche F\u00fchrungen: regul\u00e4rer Eintritt<\/li>\n<\/ul>\n<p>* bei Sonderausstellungen zzgl. Eintritt<\/p>\n<p><strong>Vermietung der Scheune<\/strong><\/p>\n<p>Der Veranstaltungsraum &#8222;Scheune&#8220; des Theodor-Zink-Museums kann f\u00fcr \u00f6ffentliche und private Veranstaltungen gemietet werden. Informationen, Preise, Terminabsprache erhalten Sie telefonisch: 0631 365-2321<\/p>\n","protected":false},"excerpt":{"rendered":"<p>Die Eintrittspreise f\u00fcr die Ausstellungen des Museums sind: Dauerausstellungen freier Eintritt Sonderausstellungen Erwachsene 6,00 EUR Erm\u00e4\u00dfigt* 3,00 EUR Schulklassen freier Eintritt Mitglieder des F\u00f6rderkreises Theodor-Zink-Museum, Museumsverband Rheinland-Pfalz, Museumsbund, bzw. ICOM freier Eintritt TIM \u2013 Theater im Museum Kinder 4,00 EUR Erwachsene 8,00 EUR F\u00fchrungen Gerne bieten wir Ihnen F\u00fchrungen nach\u2026<\/p>\n<p> <a class=\"continue-reading-link\" href=\"https:\/\/stadtmuseum-kl.de\/?page_id=45\"><span>mehr &#8230;<\/span><i class=\"crycon-right-dir\"><\/i><\/a> <\/p>\n","protected":false},"author":1,"featured_media":0,"parent":22,"menu_order":2,"comment_status":"closed","ping_status":"closed","template":"templates\/template-twocolumns-right.php","meta":[],"_links":{"self":[{"href":"https:\/\/stadtmuseum-kl.de\/index.php?rest_route=\/wp\/v2\/pages\/45"}],"collection":[{"href":"https:\/\/stadtmuseum-kl.de\/index.php?rest_route=\/wp\/v2\/pages"}],"about":[{"href":"https:\/\/stadtmuseum-kl.de\/index.php?rest_route=\/wp\/v2\/types\/page"}],"author":[{"embeddable":true,"href":"https:\/\/stadtmuseum-kl.de\/index.php?rest_route=\/wp\/v2\/users\/1"}],"replies":[{"embeddable":true,"href":"https:\/\/stadtmuseum-kl.de\/index.php?rest_route=%2Fwp%2Fv2%2Fcomments&post=45"}],"version-history":[{"count":11,"href":"https:\/\/stadtmuseum-kl.de\/index.php?rest_route=\/wp\/v2\/pages\/45\/revisions"}],"predecessor-version":[{"id":2639,"href":"https:\/\/stadtmuseum-kl.de\/index.php?rest_route=\/wp\/v2\/pages\/45\/revisions\/2639"}],"up":[{"embeddable":true,"href":"https:\/\/stadtmuseum-kl.de\/index.php?rest_route=\/wp\/v2\/pages\/22"}],"wp:attachment":[{"href":"https:\/\/stadtmuseum-kl.de\/index.php?rest_route=%2Fwp%2Fv2%2Fmedia&parent=45"}],"curies":[{"name":"wp","href":"https:\/\/api.w.org\/{rel}","templated":true}]}}