{"id":47,"date":"2015-11-02T18:11:28","date_gmt":"2015-11-02T18:11:28","guid":{"rendered":"http:\/\/stadtmuseum-kl.de\/?page_id=47"},"modified":"2025-03-01T13:21:46","modified_gmt":"2025-03-01T13:21:46","slug":"ansprechpartner-innen","status":"publish","type":"page","link":"https:\/\/stadtmuseum-kl.de\/?page_id=47","title":{"rendered":"Ansprechpartner\/-innen"},"content":{"rendered":"<p>Das Team des Museum steht Ihnen f\u00fcr Ausk\u00fcnfte gern zur Verf\u00fcgung.<\/p>\n<p><strong>Dr. Bernd Klesmann <\/strong><\/p>\n<p>wiss. Leitung Stadtmuseum und Stadtarchiv, Museumssammlung, Sonderausstellungen<\/p>\n<p>Tel.: 0631 365-2325<br \/>\nEmail: bernd.klesmann@kaiserslautern.de<\/p>\n<p><strong>Sara Br\u00fcck M. A.<br \/>\n<\/strong><\/p>\n<p>wiss. Mitarbeiterin Museum, Dauerausstellung, Sonderausstellungen, Museumssammlung<\/p>\n<p>Tel.: 0631 365-2329<br \/>\nEmail: sara.brueck@kaiserslautern.de<\/p>\n<p><strong>Clemens G\u00f6tting<\/strong><\/p>\n<p>Ausstellungsgestaltung<\/p>\n<p>Tel.: 0631 365-2326<br \/>\nEmail: clemens.goetting@kaiserslautern.de<\/p>\n<p><strong>Stephanie Rockenmayer<\/strong><\/p>\n<p>Information Museum, Anfragen, Besucherservice, F\u00fchrungsbuchungen<\/p>\n<p>Tel.: 0631 365-2321<br \/>\nEmail: stephanie.rockenmayer@kaiserslautern.de<\/p>\n<p><strong>Sandra Zehnle<\/strong><\/p>\n<p>Presse- \/ \u00d6ffentlichkeitsarbeit<\/p>\n<p>Tel.: 0631 365-4437<br \/>\nEmail: sandra.zehnle@kaiserslautern.de<\/p>\n<p><strong>Robert Schweda<\/strong><\/p>\n<p>Haustechnik<\/p>\n<p>Tel.: 0631 365-2341<br \/>\nEmail: robert.schweda@kaiserslautern.de<\/p>\n<p><strong>Giovanni Arena<\/strong><br \/>\n<strong>Marina Debbert<\/strong><br \/>\n<strong>Lisa R\u00fcdinger<\/strong><\/p>\n<p>Museumskasse, Information, Kartenreservierungen<\/p>\n<p>Tel.: 0631 365-2327<br \/>\nEmail: museum@kaiserslautern.de<\/p>\n","protected":false},"excerpt":{"rendered":"<p>Das Team des Museum steht Ihnen f\u00fcr Ausk\u00fcnfte gern zur Verf\u00fcgung. Dr. Bernd Klesmann wiss. Leitung Stadtmuseum und Stadtarchiv, Museumssammlung, Sonderausstellungen Tel.: 0631 365-2325 Email: bernd.klesmann@kaiserslautern.de Sara Br\u00fcck M. A. wiss. Mitarbeiterin Museum, Dauerausstellung, Sonderausstellungen, Museumssammlung Tel.: 0631 365-2329 Email: sara.brueck@kaiserslautern.de Clemens G\u00f6tting Ausstellungsgestaltung Tel.: 0631 365-2326 Email: clemens.goetting@kaiserslautern.de Stephanie\u2026<\/p>\n<p> <a class=\"continue-reading-link\" href=\"https:\/\/stadtmuseum-kl.de\/?page_id=47\"><span>mehr &#8230;<\/span><i class=\"crycon-right-dir\"><\/i><\/a> <\/p>\n","protected":false},"author":1,"featured_media":0,"parent":22,"menu_order":3,"comment_status":"closed","ping_status":"closed","template":"","meta":[],"_links":{"self":[{"href":"https:\/\/stadtmuseum-kl.de\/index.php?rest_route=\/wp\/v2\/pages\/47"}],"collection":[{"href":"https:\/\/stadtmuseum-kl.de\/index.php?rest_route=\/wp\/v2\/pages"}],"about":[{"href":"https:\/\/stadtmuseum-kl.de\/index.php?rest_route=\/wp\/v2\/types\/page"}],"author":[{"embeddable":true,"href":"https:\/\/stadtmuseum-kl.de\/index.php?rest_route=\/wp\/v2\/users\/1"}],"replies":[{"embeddable":true,"href":"https:\/\/stadtmuseum-kl.de\/index.php?rest_route=%2Fwp%2Fv2%2Fcomments&post=47"}],"version-history":[{"count":28,"href":"https:\/\/stadtmuseum-kl.de\/index.php?rest_route=\/wp\/v2\/pages\/47\/revisions"}],"predecessor-version":[{"id":2429,"href":"https:\/\/stadtmuseum-kl.de\/index.php?rest_route=\/wp\/v2\/pages\/47\/revisions\/2429"}],"up":[{"embeddable":true,"href":"https:\/\/stadtmuseum-kl.de\/index.php?rest_route=\/wp\/v2\/pages\/22"}],"wp:attachment":[{"href":"https:\/\/stadtmuseum-kl.de\/index.php?rest_route=%2Fwp%2Fv2%2Fmedia&parent=47"}],"curies":[{"name":"wp","href":"https:\/\/api.w.org\/{rel}","templated":true}]}}