{"id":49,"date":"2015-11-02T18:12:04","date_gmt":"2015-11-02T18:12:04","guid":{"rendered":"http:\/\/stadtmuseum-kl.de\/?page_id=49"},"modified":"2015-11-15T17:03:48","modified_gmt":"2015-11-15T17:03:48","slug":"museumspaedagogik","status":"publish","type":"page","link":"https:\/\/stadtmuseum-kl.de\/?page_id=49","title":{"rendered":"Museumsp\u00e4dagogik"},"content":{"rendered":"<p>Das Stadtmuseum Kaiserslautern versteht sich als Lern- und Erlebnisort, der zum Entdecken und Erforschen einl\u00e4dt. Die Vermittlung hat einen gro\u00dfen Stellenwert in unserem Museum. Von F\u00fchrungen \u00fcber Ferienaktionen, Kindergeburtstagen, Museumsgespr\u00e4chen bis hin zu handlungsorientierten Aktivit\u00e4ten: In den Sammlungsausstellungen von der Ur- und Fr\u00fchgeschichte bis heute sowie auch in den Sonderausstellungen \u2013 wir haben f\u00fcr jeden das passende Angebot. <\/p>\n<p><img decoding=\"async\" loading=\"lazy\" src=\"https:\/\/stadtmuseum-kl.de\/wp-content\/uploads\/2015\/11\/foerderkreis02.jpg\" alt=\"\" width=\"243\" height=\"186\" align=\"right\" \/>Erfahrene AusstellungsbegleiterInnen stimmen Inhalt und Objektauswahl auf die Bed\u00fcrfnisse der jeweiligen Zielgruppe ab und er\u00f6ffnen auf lebendige Weise faszinierende Zug\u00e4nge zu vergangenen Lebenswelten. Zum individuellen Entdecken laden Objekte zum Anfassen, die die Sinne anregen und Jung und Alt begeistern, in allen Ausstellungsbereichen ein. <\/p>\n<p>Das Angebot richtet sich an alle Besucher \u2013 von jung bis alt! Es ist uns dabei sehr wichtig, mit einem differenzierten Angebot auf die individuellen Bed\u00fcrfnisse unserer G\u00e4ste einzugehen. <\/p>\n<p>Mit dem Engagement unserer AusstellungsbegleiterInnen wird Ihr Besuch in Stadtmuseum zum Erlebnis!Bitte melden Sie Schulklassen sp\u00e4testens zwei Wochen vor dem Wunschtermin ihres Besuchs beim Besucherservice an. Telefon: 0631 \/ 365-2329 oder Mail: info@stadtmuseum-kl.de <\/p>\n","protected":false},"excerpt":{"rendered":"<p>Das Stadtmuseum Kaiserslautern versteht sich als Lern- und Erlebnisort, der zum Entdecken und Erforschen einl\u00e4dt. Die Vermittlung hat einen gro\u00dfen Stellenwert in unserem Museum. Von F\u00fchrungen \u00fcber Ferienaktionen, Kindergeburtstagen, Museumsgespr\u00e4chen bis hin zu handlungsorientierten Aktivit\u00e4ten: In den Sammlungsausstellungen von der Ur- und Fr\u00fchgeschichte bis heute sowie auch in den Sonderausstellungen\u2026<\/p>\n<p> <a class=\"continue-reading-link\" href=\"https:\/\/stadtmuseum-kl.de\/?page_id=49\"><span>mehr &#8230;<\/span><i class=\"crycon-right-dir\"><\/i><\/a> <\/p>\n","protected":false},"author":1,"featured_media":0,"parent":22,"menu_order":4,"comment_status":"closed","ping_status":"closed","template":"templates\/template-twocolumns-right.php","meta":[],"_links":{"self":[{"href":"https:\/\/stadtmuseum-kl.de\/index.php?rest_route=\/wp\/v2\/pages\/49"}],"collection":[{"href":"https:\/\/stadtmuseum-kl.de\/index.php?rest_route=\/wp\/v2\/pages"}],"about":[{"href":"https:\/\/stadtmuseum-kl.de\/index.php?rest_route=\/wp\/v2\/types\/page"}],"author":[{"embeddable":true,"href":"https:\/\/stadtmuseum-kl.de\/index.php?rest_route=\/wp\/v2\/users\/1"}],"replies":[{"embeddable":true,"href":"https:\/\/stadtmuseum-kl.de\/index.php?rest_route=%2Fwp%2Fv2%2Fcomments&post=49"}],"version-history":[{"count":10,"href":"https:\/\/stadtmuseum-kl.de\/index.php?rest_route=\/wp\/v2\/pages\/49\/revisions"}],"predecessor-version":[{"id":625,"href":"https:\/\/stadtmuseum-kl.de\/index.php?rest_route=\/wp\/v2\/pages\/49\/revisions\/625"}],"up":[{"embeddable":true,"href":"https:\/\/stadtmuseum-kl.de\/index.php?rest_route=\/wp\/v2\/pages\/22"}],"wp:attachment":[{"href":"https:\/\/stadtmuseum-kl.de\/index.php?rest_route=%2Fwp%2Fv2%2Fmedia&parent=49"}],"curies":[{"name":"wp","href":"https:\/\/api.w.org\/{rel}","templated":true}]}}