{"id":51,"date":"2015-11-02T18:13:13","date_gmt":"2015-11-02T18:13:13","guid":{"rendered":"http:\/\/stadtmuseum-kl.de\/?page_id=51"},"modified":"2015-11-04T15:29:20","modified_gmt":"2015-11-04T15:29:20","slug":"schule-und-museum","status":"publish","type":"page","link":"https:\/\/stadtmuseum-kl.de\/?page_id=51","title":{"rendered":"Schule und Museum"},"content":{"rendered":"<p><strong>Sch\u00fclermaterialien zur Barbarossa-Ausstellung<\/strong><\/p>\n<p>Glossar<br \/>\nAB1 &#8222;Wer war Kaiser Friedrich I Barbarossa&#8220;<br \/>\nAB2 &#8222;Wie sah Kaiser Friedrich I wirklich aus&#8220;<br \/>\nAB3 &#8222;Bedeutung Barbarossas f\u00fcr Kaiserlautern&#8220;<br \/>\nAB4 &#8222;Burg und Beatrix&#8220;<br \/>\nAB5 &#8222;Friede im Reich&#8220;<br \/>\nAB6 &#8222;Kaiserkr\u00f6nung und Italienproblematik&#8220;<br \/>\nAB7 &#8222;Barbaorssa Lombardenbund Kurz\u00fcbersicht&#8220;<br \/>\nAB8 &#8222;Barbarossa und Heinrich der Loewe&#8220;<br \/>\nAB9 &#8222;Schisma und Vers\u00f6hnung&#8220;<br \/>\nAB10 &#8222;H\u00f6fische Repr\u00e4sentation und staufisches Rittertum&#8220;<br \/>\nAB11 &#8222;Barbarossa und der Dritte Kreuzzug&#8220; <\/p>\n","protected":false},"excerpt":{"rendered":"<p>Sch\u00fclermaterialien zur Barbarossa-Ausstellung Glossar AB1 &#8222;Wer war Kaiser Friedrich I Barbarossa&#8220; AB2 &#8222;Wie sah Kaiser Friedrich I wirklich aus&#8220; AB3 &#8222;Bedeutung Barbarossas f\u00fcr Kaiserlautern&#8220; AB4 &#8222;Burg und Beatrix&#8220; AB5 &#8222;Friede im Reich&#8220; AB6 &#8222;Kaiserkr\u00f6nung und Italienproblematik&#8220; AB7 &#8222;Barbaorssa Lombardenbund Kurz\u00fcbersicht&#8220; AB8 &#8222;Barbarossa und Heinrich der Loewe&#8220; AB9 &#8222;Schisma und Vers\u00f6hnung&#8220;\u2026<\/p>\n<p> <a class=\"continue-reading-link\" href=\"https:\/\/stadtmuseum-kl.de\/?page_id=51\"><span>mehr &#8230;<\/span><i class=\"crycon-right-dir\"><\/i><\/a> <\/p>\n","protected":false},"author":1,"featured_media":0,"parent":22,"menu_order":5,"comment_status":"closed","ping_status":"closed","template":"templates\/template-twocolumns-right.php","meta":[],"_links":{"self":[{"href":"https:\/\/stadtmuseum-kl.de\/index.php?rest_route=\/wp\/v2\/pages\/51"}],"collection":[{"href":"https:\/\/stadtmuseum-kl.de\/index.php?rest_route=\/wp\/v2\/pages"}],"about":[{"href":"https:\/\/stadtmuseum-kl.de\/index.php?rest_route=\/wp\/v2\/types\/page"}],"author":[{"embeddable":true,"href":"https:\/\/stadtmuseum-kl.de\/index.php?rest_route=\/wp\/v2\/users\/1"}],"replies":[{"embeddable":true,"href":"https:\/\/stadtmuseum-kl.de\/index.php?rest_route=%2Fwp%2Fv2%2Fcomments&post=51"}],"version-history":[{"count":5,"href":"https:\/\/stadtmuseum-kl.de\/index.php?rest_route=\/wp\/v2\/pages\/51\/revisions"}],"predecessor-version":[{"id":339,"href":"https:\/\/stadtmuseum-kl.de\/index.php?rest_route=\/wp\/v2\/pages\/51\/revisions\/339"}],"up":[{"embeddable":true,"href":"https:\/\/stadtmuseum-kl.de\/index.php?rest_route=\/wp\/v2\/pages\/22"}],"wp:attachment":[{"href":"https:\/\/stadtmuseum-kl.de\/index.php?rest_route=%2Fwp%2Fv2%2Fmedia&parent=51"}],"curies":[{"name":"wp","href":"https:\/\/api.w.org\/{rel}","templated":true}]}}