{"id":54,"date":"2015-11-02T18:18:05","date_gmt":"2015-11-02T18:18:05","guid":{"rendered":"http:\/\/stadtmuseum-kl.de\/?page_id=54"},"modified":"2016-08-23T16:25:24","modified_gmt":"2016-08-23T16:25:24","slug":"der-verein","status":"publish","type":"page","link":"https:\/\/stadtmuseum-kl.de\/?page_id=54","title":{"rendered":"Verein"},"content":{"rendered":"<p><img decoding=\"async\" loading=\"lazy\" src=\"https:\/\/stadtmuseum-kl.de\/wp-content\/uploads\/2016\/08\/foerderkreis-stadtmuseum.png\" alt=\"foerderkreis-stadtmuseum\" width=\"205\" height=\"60\"\/><\/p>\n<p><strong>Was ist der F\u00f6rderkreis Stadtmuseum Kaiserslautern e.V.?<\/strong><\/p>\n<p>Der F\u00f6rderkreis ist ein Zusammenschluss von B\u00fcrgern, die das Stadtmuseum ideell und materiell unterst\u00fctzen. Er wurde 1975 auf Initiative der Journalistin Uta Mayr-Falkenberg unter dem Namen &#8222;F\u00f6rderkreis Theodor-Zink-Museum Kaiserslautern e.V.&#8220; gegr\u00fcndet. Ziel war es, den volkskundlichen Sammlungen des Kaiserslauterer Lehrers Theodor Zink eine neue Heimat zu geben. Das alte Theodor Zink-Museum n\u00e4mlich war im 2. Weltkrieg untergegangen. Gl\u00fccklicherweise hatte man die M\u00f6bel nach Niederbayern ausgelagert. Die beweglichen Gegenst\u00e4nde befanden sich in ziemlich ungeordnetem Zustand in Kaiserslautern.<\/p>\n<p>1978, im Februar, hatte der F\u00f6rderkreis Theodor-Zink- Museum sein erstes Ziel erreicht: In der Steinstra\u00dfe 48, im ehemaligen Haus Rheinkreis wurde das neue Kaiserslauterer Heimatmuseum eingeweiht und auf den Namen Theodor-Zink-Museum getauft. Als eingetragener gemeinn\u00fctziger Verein, seit Mai 2016 unter dem Namen F\u00f6rderkreis Stadtmuseum Kaiserslautern e.V., der regelm\u00e4\u00dfig durch das zust\u00e4ndige Finanzamt Kaiserslautern anerkannt wird, ist er zur Ausstellung von Spendenbescheinigungen berechtigt.<\/p>\n<p>Die Mitglieder erhalten Informationen \u00fcber den Verein in der Mitgliederversammlung, durch unsere Internetseite, durch j\u00e4hrliche Rundschreiben und durch unregelm\u00e4\u00dfige Sonderveranstaltungen, die auf zweckbezogene Unterst\u00fctzung ausgerichtet sind. Der F\u00f6rderkreis Stadtmuseum Kaiserslautern e.V. arbeitet kostenbewusst mit ehrenamtlichen Vorstandsmitgliedern. Die Verwaltungskosten sind minimal.<\/p>\n<p><strong>Vereinszweck und Aufgaben<\/strong><\/p>\n<p>Der F\u00f6rderkreis Stadtmuseum Kaiserslautern e.V. gew\u00e4hrt dem Museum gem\u00e4\u00df seines Satzungszwecks ideelle, materielle und faktische Unterst\u00fctzung. Er ist kein Gesellschaftsclub mit einem Vereinsleben als Selbstzweck.<\/p>\n<p>Aufgaben in der heutigen Zeit: Das Museum durch Anka\u0308ufe von Exponaten zu unterstu\u0308tzten, betrachtet der Fo\u0308rderkreis auch heute noch als seine besondere Aufgabe. Inzwischen hat er wesentlich zur Komplettierung und der Vergro\u0308\u00dferung der Sammlungen des Theodor-Zink-Museums beigetragen und seit seinem Bestehen Exponate im Wert von \u00fcber 120.000 Euro angekauft, deren ideeller Wert weitaus h\u00f6her angesetzt werden darf. Dazu kommen jene Gegensta\u0308nde, die dem Fo\u0308rderkreis von Bu\u0308rgern aus Kaiserslautern und der Region zur Weiterleitung an das Museum u\u0308bereignet worden sind. Sie repra\u0308sentieren nochmals einen Wert von \u00fcber 50.000 Euro. Viele Anka\u0308ufe und Spenden sind Dauerleihgaben.<\/p>\n<p>Mit Beschluss der Mitgliederversammlung vom 6. Mai 2011 wurde die Satzung mit \u00a7 2, Absatz III wie folgt erg\u00e4nzt:<br \/>\n\u201cZudem wird eine F\u00f6rderung des Museums in all seinen Aufgaben Sammeln, Bewahren, Vermitteln, Forschen erm\u00f6glicht.\u201d <\/p>\n<p>Der F\u00f6rderkreis kann das Museum somit auch bei Restaurierungsvorhaben, bei Publikationen oder durch Anschaffungen von modernen Vermittlungseinheiten (wie zum Beispiel Touch Tables oder Audioguides) unterst\u00fctzen und sich \u00f6ffentlich f\u00fcr das Museum einsetzen.<\/p>\n","protected":false},"excerpt":{"rendered":"<p>Was ist der F\u00f6rderkreis Stadtmuseum Kaiserslautern e.V.? Der F\u00f6rderkreis ist ein Zusammenschluss von B\u00fcrgern, die das Stadtmuseum ideell und materiell unterst\u00fctzen. Er wurde 1975 auf Initiative der Journalistin Uta Mayr-Falkenberg unter dem Namen &#8222;F\u00f6rderkreis Theodor-Zink-Museum Kaiserslautern e.V.&#8220; gegr\u00fcndet. Ziel war es, den volkskundlichen Sammlungen des Kaiserslauterer Lehrers Theodor Zink eine\u2026<\/p>\n<p> <a class=\"continue-reading-link\" href=\"https:\/\/stadtmuseum-kl.de\/?page_id=54\"><span>mehr &#8230;<\/span><i class=\"crycon-right-dir\"><\/i><\/a> <\/p>\n","protected":false},"author":1,"featured_media":0,"parent":24,"menu_order":0,"comment_status":"closed","ping_status":"closed","template":"templates\/template-twocolumns-right.php","meta":[],"_links":{"self":[{"href":"https:\/\/stadtmuseum-kl.de\/index.php?rest_route=\/wp\/v2\/pages\/54"}],"collection":[{"href":"https:\/\/stadtmuseum-kl.de\/index.php?rest_route=\/wp\/v2\/pages"}],"about":[{"href":"https:\/\/stadtmuseum-kl.de\/index.php?rest_route=\/wp\/v2\/types\/page"}],"author":[{"embeddable":true,"href":"https:\/\/stadtmuseum-kl.de\/index.php?rest_route=\/wp\/v2\/users\/1"}],"replies":[{"embeddable":true,"href":"https:\/\/stadtmuseum-kl.de\/index.php?rest_route=%2Fwp%2Fv2%2Fcomments&post=54"}],"version-history":[{"count":12,"href":"https:\/\/stadtmuseum-kl.de\/index.php?rest_route=\/wp\/v2\/pages\/54\/revisions"}],"predecessor-version":[{"id":857,"href":"https:\/\/stadtmuseum-kl.de\/index.php?rest_route=\/wp\/v2\/pages\/54\/revisions\/857"}],"up":[{"embeddable":true,"href":"https:\/\/stadtmuseum-kl.de\/index.php?rest_route=\/wp\/v2\/pages\/24"}],"wp:attachment":[{"href":"https:\/\/stadtmuseum-kl.de\/index.php?rest_route=%2Fwp%2Fv2%2Fmedia&parent=54"}],"curies":[{"name":"wp","href":"https:\/\/api.w.org\/{rel}","templated":true}]}}