{"id":57,"date":"2015-11-02T18:18:55","date_gmt":"2015-11-02T18:18:55","guid":{"rendered":"http:\/\/stadtmuseum-kl.de\/?page_id=57"},"modified":"2019-06-25T16:04:07","modified_gmt":"2019-06-25T16:04:07","slug":"aktivitaeten","status":"publish","type":"page","link":"https:\/\/stadtmuseum-kl.de\/?page_id=57","title":{"rendered":"&nbsp;Aktivit\u00e4ten"},"content":{"rendered":"<div style=\"background: #ffffff; width: 99%; text-align: left; margin: 10px; height: auto;\">\n<div style=\"background: #ffffff; font-family: arial; width: 67%; height: 100%; float: left;\">\n<p><strong>Werbekampagne &#8211; Ich bin Zukunft!<\/strong><\/p>\n<p>Vertreter des Vorstandes des F\u00f6rderkreises haben am 16. Juli 2015 zusammen mit der Museumsleitung und der Werbeagentur Tailor und Partner der Presse und der Stadt die neue Werbekampagne f\u00fcr das Stadtmuseum vorgestellt. Sie pr\u00e4sentierten die ersten Schritte der Kampagne, die in den n\u00e4chsten drei Jahren, das Stadtmuseum auf dem Weg in die Zukunft begleiten soll.<\/p>\n<p>Alle freuen sich auf neue F\u00f6rdermitglieder und noch mehr Besucher im Museum, die der Aufforderung &#8222;Geschichte bewahren. Zukunft gestalten&#8220;. folgen m\u00f6chten.<\/p>\n<p><strong>Werbematerialien &#8211; Gut beschirmt durch den Herbst <\/strong><\/p>\n<p>Der F\u00f6rderkreis hat Werbematerialien f\u00fcr das Stadtmuseum gestalten lassen. Ab sofort gibt es sie im Museum zu kaufen. Der Erl\u00f6s wird in die Museumsarbeit reinvestiert. F\u00fcr \u201cWerbetr\u00e4ger\u201d: Ein hochwertiger Regenschirm, Aluminiumstock, Fiberglasspeichen und Metalltips, gummierter Griff, H\u00fclle, Schlie\u00dfband mit Klettverschluss inkl. Logo-Aufdruck des Museums. Zum Einf\u00fchrungspreis. Weitersagen. Es folgen Notizb\u00fccher, Schreibbl\u00f6cke, Magnete und &#8230;<\/p>\n<p><strong>Ank\u00e4ufe und Leihgaben<\/strong><\/p>\n<p><strong>Terminal f\u00fcr interaktive Zeitreisen durch die Stadtgeschichte<\/strong><br \/>\nMit finanzieller F\u00f6rderung des F\u00f6rderkreises wurden die technischen Ger\u00e4te dem Museum \u00fcbereignet, die ein Team von Studenten von Hochschule Kaiserslautern, Fraunhofer und DFKI ben\u00f6tigt hat, um zusammen mit der Museumsleitung einen interaktiven F\u00fchrer durch die Geschichte, Gegenwart und Zukunft Kaiserslauterns zu programmieren und zu pr\u00e4sentieren.<\/p>\n<p><strong>Alte Geb\u00e4ude wie die Friedhofshalle und der Humbergturm k\u00f6nnen mittels der neuen Technik vom Museumsbesucher am interaktiven Touch-Table in verschiedenen Zeitaltern besucht werden.<\/strong><\/p>\n<p>Innen- und Au\u00dfenrundg\u00e4nge sind m\u00f6glich, 3D Modelle und 2D Pl\u00e4ne sind mit Texten hinterlegt und bieten eine phantastische Zeitreise. Die Animationen, erstellt vom Team um Barbara Krawczyk und den Professoren Matthias Pfaff und Thomas Wagner vom Studiengang Virtual Design der Hochschule Kaiserslautern, geben den Besuchern viele spannende Entdeckungsm\u00f6glichkeiten. T\u00fcren \u00f6ffnen sich und der Humbergturm bietet phantastische Ausblicke auf unsere Stadt.&#8220;<\/p>\n<p><strong>Hauptkoordinationspartner<\/strong><br \/>\nStudiengang Virtual Design<br \/>\nHochschule Kaiserslautern<br \/>\nProf. Matthias Pfaff<br \/>\nBarbara Krawczyk<br \/>\nsowie Studierende des Studiengang Virtual Design.<\/p>\n<\/div>\n<div style=\"background: #ffffff; font-family: arial; width: 30%; height: 100%; float: right;\">\n<p><img decoding=\"async\" loading=\"lazy\" width=\"249\" height=\"383\" alt=\"\" src=\"https:\/\/stadtmuseum-kl.de\/wp-content\/uploads\/2015\/11\/foerderkreis04.jpg\"><br \/>\n<span class=\"klein\">Vorstellung der Werbekampagne<\/span><\/p>\n<p><img decoding=\"async\" loading=\"lazy\" width=\"253\" height=\"205\" alt=\"\" src=\"https:\/\/stadtmuseum-kl.de\/wp-content\/uploads\/2015\/11\/foerderkreis05.jpg\"><br \/>\n<span class=\"klein\">Werbematerial Regenschirm<\/span><\/p>\n<p><a href=\"https:\/\/stadtmuseum-kl.de\/wp-content\/uploads\/2015\/11\/foerderkreis02-gr.jpg\" target=\"_blank\" rel=\"noopener noreferrer\"><img decoding=\"async\" loading=\"lazy\" width=\"243\" height=\"186\" alt=\"\" src=\"https:\/\/stadtmuseum-kl.de\/wp-content\/uploads\/2015\/11\/foerderkreis02.jpg\"><\/a><br \/>\n<span class=\"klein\">Terminal f\u00fcr interaktive Zeitreisen durch die Stadtgeschichte<\/span><\/p>\n<\/div>\n<\/div>\n<p>auto<\/p>\n","protected":false},"excerpt":{"rendered":"<p>Werbekampagne &#8211; Ich bin Zukunft! Vertreter des Vorstandes des F\u00f6rderkreises haben am 16. Juli 2015 zusammen mit der Museumsleitung und der Werbeagentur Tailor und Partner der Presse und der Stadt die neue Werbekampagne f\u00fcr das Stadtmuseum vorgestellt. Sie pr\u00e4sentierten die ersten Schritte der Kampagne, die in den n\u00e4chsten drei Jahren,\u2026<\/p>\n<p> <a class=\"continue-reading-link\" href=\"https:\/\/stadtmuseum-kl.de\/?page_id=57\"><span>mehr &#8230;<\/span><i class=\"crycon-right-dir\"><\/i><\/a> <\/p>\n","protected":false},"author":1,"featured_media":0,"parent":24,"menu_order":1,"comment_status":"closed","ping_status":"closed","template":"templates\/template-twocolumns-right.php","meta":[],"_links":{"self":[{"href":"https:\/\/stadtmuseum-kl.de\/index.php?rest_route=\/wp\/v2\/pages\/57"}],"collection":[{"href":"https:\/\/stadtmuseum-kl.de\/index.php?rest_route=\/wp\/v2\/pages"}],"about":[{"href":"https:\/\/stadtmuseum-kl.de\/index.php?rest_route=\/wp\/v2\/types\/page"}],"author":[{"embeddable":true,"href":"https:\/\/stadtmuseum-kl.de\/index.php?rest_route=\/wp\/v2\/users\/1"}],"replies":[{"embeddable":true,"href":"https:\/\/stadtmuseum-kl.de\/index.php?rest_route=%2Fwp%2Fv2%2Fcomments&post=57"}],"version-history":[{"count":18,"href":"https:\/\/stadtmuseum-kl.de\/index.php?rest_route=\/wp\/v2\/pages\/57\/revisions"}],"predecessor-version":[{"id":1206,"href":"https:\/\/stadtmuseum-kl.de\/index.php?rest_route=\/wp\/v2\/pages\/57\/revisions\/1206"}],"up":[{"embeddable":true,"href":"https:\/\/stadtmuseum-kl.de\/index.php?rest_route=\/wp\/v2\/pages\/24"}],"wp:attachment":[{"href":"https:\/\/stadtmuseum-kl.de\/index.php?rest_route=%2Fwp%2Fv2%2Fmedia&parent=57"}],"curies":[{"name":"wp","href":"https:\/\/api.w.org\/{rel}","templated":true}]}}