{"id":68,"date":"2015-11-02T18:25:58","date_gmt":"2015-11-02T18:25:58","guid":{"rendered":"http:\/\/stadtmuseum-kl.de\/?page_id=68"},"modified":"2015-11-23T11:42:55","modified_gmt":"2015-11-23T11:42:55","slug":"souvenirs","status":"publish","type":"page","link":"https:\/\/stadtmuseum-kl.de\/?page_id=68","title":{"rendered":"Souvenirs\/Werbeartikel"},"content":{"rendered":"<p><Center><br \/>\nMit dem Kauf unserer Souvenirs bzw. Werbeartikel unterst\u00fctzen Sie die Arbeit des F\u00f6rderkreises und des Stadtmuseums.<\/p>\n<p><img decoding=\"async\" loading=\"lazy\" src=\"https:\/\/stadtmuseum-kl.de\/wp-content\/uploads\/2015\/11\/shop4.jpg\" alt=\"\" width=\"468\" height=\"196\"\/><br \/>\n<span class=\"klein\">von links: Notizbuch, 2x Notizblock, 2x Magnete<\/span><\/p>\n<p>Alle Werbeartikel sind im Museum erh\u00e4ltlich.<br \/>\n<\/Center><\/p>\n<div style=\"background:#ffffff; width:99%; text-align:left; margin:10px; height:auto;\">\n<div style=\"background:#ffffff; font-family: bookman old style;  width:48%; height:100%; float:left\">\n<p><strong>Regenschirm<\/strong><\/p>\n<p><img decoding=\"async\" loading=\"lazy\" src=\"https:\/\/stadtmuseum-kl.de\/wp-content\/uploads\/2015\/11\/foerderkreis05.jpg\" alt=\"\" width=\"253\" height=\"205\"\/><\/p>\n<p>Ein hochwertiger Regenschirm, Aluminiumstock, Fiberglasspeichen und Metalltips, gummierter Griff, H\u00fclle, Schlie\u00dfband mit Klettverschluss inkl. Logo-Aufdruck des Museum.<br \/>\nPreis Regenschirm: 35,- \u20ac<\/p>\n<\/div>\n<div style=\"background:#ffffff; font-family: bookman old style; width:48%; height:100%; float:right;\">\n<p><strong>Notizb\u00fccher<\/strong><\/p>\n<p><img decoding=\"async\" loading=\"lazy\" src=\"https:\/\/stadtmuseum-kl.de\/wp-content\/uploads\/2015\/11\/shop5.jpg\" alt=\"\" width=\"254\" height=\"205\"\/><br \/>\n<span class=\"klein\">Links: Notizblock, rechts: Notizbuch<\/span><\/p>\n<p>Gr\u00f6\u00dfe: ca. 10,5 cm x 14,5 cm<br \/>\nPreis: Notizb\u00fccher: 5,- \u20ac<\/p>\n<\/div>\n<\/div>\n<p><br clear=\"all\"><\/p>\n<div style=\"background:#ffffff; width:99%; text-align:left; margin:10px; height:auto;\">\n<div style=\"background:#ffffff; font-family: bookman old style;  width:48%; height:100%; float:left\">\n<p><strong>Notizbl\u00f6cke<\/strong><\/p>\n<p><img decoding=\"async\" loading=\"lazy\" src=\"https:\/\/stadtmuseum-kl.de\/wp-content\/uploads\/2015\/11\/shop6.jpg\" alt=\"\" width=\"367\" height=\"321\"\/><\/p>\n<p>Gr\u00f6\u00dfe: ca. 21,0 cm x 14,5 cm<br \/>\nPreis Notizbl\u00f6cke: 3,- \u20ac<\/p>\n<\/div>\n<div style=\"background:#ffffff; font-family: bookman old style; width:48%; height:100%; float:right;\">\n<p><strong>Magnete<\/strong><\/p>\n<p><img decoding=\"async\" loading=\"lazy\" src=\"https:\/\/stadtmuseum-kl.de\/wp-content\/uploads\/2015\/11\/shop7.jpg\" alt=\"\" width=\"367\" height=\"195\"\/><\/p>\n<p>Gr\u00f6\u00dfe: ca. 7,5 cm x 5 cm<br \/>\nPreis: St\u00fcckpreis Magnete: 4,50 \u20ac<\/p>\n<\/div>\n<\/div>\n<p><br clear=\"all\"><\/p>\n","protected":false},"excerpt":{"rendered":"<p>Mit dem Kauf unserer Souvenirs bzw. Werbeartikel unterst\u00fctzen Sie die Arbeit des F\u00f6rderkreises und des Stadtmuseums. von links: Notizbuch, 2x Notizblock, 2x Magnete Alle Werbeartikel sind im Museum erh\u00e4ltlich. Regenschirm Ein hochwertiger Regenschirm, Aluminiumstock, Fiberglasspeichen und Metalltips, gummierter Griff, H\u00fclle, Schlie\u00dfband mit Klettverschluss inkl. Logo-Aufdruck des Museum. Preis Regenschirm: 35,-\u2026<\/p>\n<p> <a class=\"continue-reading-link\" href=\"https:\/\/stadtmuseum-kl.de\/?page_id=68\"><span>mehr &#8230;<\/span><i class=\"crycon-right-dir\"><\/i><\/a> <\/p>\n","protected":false},"author":1,"featured_media":0,"parent":26,"menu_order":0,"comment_status":"closed","ping_status":"closed","template":"templates\/template-twocolumns-right.php","meta":[],"_links":{"self":[{"href":"https:\/\/stadtmuseum-kl.de\/index.php?rest_route=\/wp\/v2\/pages\/68"}],"collection":[{"href":"https:\/\/stadtmuseum-kl.de\/index.php?rest_route=\/wp\/v2\/pages"}],"about":[{"href":"https:\/\/stadtmuseum-kl.de\/index.php?rest_route=\/wp\/v2\/types\/page"}],"author":[{"embeddable":true,"href":"https:\/\/stadtmuseum-kl.de\/index.php?rest_route=\/wp\/v2\/users\/1"}],"replies":[{"embeddable":true,"href":"https:\/\/stadtmuseum-kl.de\/index.php?rest_route=%2Fwp%2Fv2%2Fcomments&post=68"}],"version-history":[{"count":20,"href":"https:\/\/stadtmuseum-kl.de\/index.php?rest_route=\/wp\/v2\/pages\/68\/revisions"}],"predecessor-version":[{"id":716,"href":"https:\/\/stadtmuseum-kl.de\/index.php?rest_route=\/wp\/v2\/pages\/68\/revisions\/716"}],"up":[{"embeddable":true,"href":"https:\/\/stadtmuseum-kl.de\/index.php?rest_route=\/wp\/v2\/pages\/26"}],"wp:attachment":[{"href":"https:\/\/stadtmuseum-kl.de\/index.php?rest_route=%2Fwp%2Fv2%2Fmedia&parent=68"}],"curies":[{"name":"wp","href":"https:\/\/api.w.org\/{rel}","templated":true}]}}