{"id":70,"date":"2015-11-02T18:26:32","date_gmt":"2015-11-02T18:26:32","guid":{"rendered":"http:\/\/stadtmuseum-kl.de\/?page_id=70"},"modified":"2015-11-07T18:56:29","modified_gmt":"2015-11-07T18:56:29","slug":"publikationen","status":"publish","type":"page","link":"https:\/\/stadtmuseum-kl.de\/?page_id=70","title":{"rendered":"Publikationen"},"content":{"rendered":"<p>Das Theodor-Zink-Museum gibt zu den Ausstellungen Kataloge heraus, die in der &#8222;Schriftenreihe des Theodor-Zink-Museums&#8220; erscheinen. Die Schriften und Katalogen k\u00f6nnen \u00fcber das Stadtmuseum bezogen werden.<\/p>\n<h2>Liste der lieferbaren Titel:<\/h2>\n<h2><\/h2>\n<p><strong>Eine Kamera f\u00fcr den Frieden &#8211;  Fotografien 1960 bis 2015<\/strong><br \/>\nErika Sulzer-Kleinemeier; hrsg. von E. Sulzer-Kleinemeier<br \/>\nAusstellung im Theodor-Zink-Museum\/Wadgasserhof  25. Juli 2015 bis 3. Januar 2016<br \/>\nSchriften des Theodor-Zink-Museums, Band 30, ISBN 978-3-936036-39-8<br \/>\n<strong>Preis: 30,00 EUR <\/strong><\/p>\n<hr>\n<p><strong>Moderne Keramik aus Frankreich 1970 bis 2000<\/strong><br \/>\nAus der Sammlung Kermer; hrsg. von Jens St\u00f6cker<br \/>\nAusstellung im Theodor-Zink-Museum\/Wadgasserhof, 11. Oktober 2014 bis 15. Februar 2015<br \/>\nSchriften des Theodor-Zink-Museums, Heft 29, ISBN 978-3-936036-38-1<br \/>\n<strong>12,00 EUR<\/strong> <\/p>\n<hr>\n<p><strong>Arno Platzbecker zum 120. Geburtstag<\/strong><br \/>\nAusstellung im Theodor-Zink-Museum|Wadgasserhof,  13. M\u00e4rz bis 15. Juni 2014<br \/>\nSchriften des Theodor-Zink-Museums, Heft 28   <\/p>\n<hr>\n<p><strong>D\u00f6rte Behn &#8211; der Raum als Gegenstand<\/strong><br \/>\nAusstellung im Theodor-Zink-Museum|Wadgasserhof, 15. Mai bis 8. September 2013<br \/>\nSchriften des Theodor-Zink-Museums, Heft 27, ISBN 978-3-936036-37-4<br \/>\n<strong>10,00 EUR <\/strong><\/p>\n<hr>\n<p><strong>&#8222;Uns\u00b4rer Kunst ein freundliches Asyl&#8220;<\/strong><br \/>\n150 Jahre Pfalztheater Kaiserslautern,  125 Jahre Orchester des Pfalztheaters<br \/>\nhrsg. von Andreas Bronkalla, Barbara Schuttpelz und Jens St\u00f6cker<br \/>\nAusstellung im Theodor-Zink-Museum|Wadgasserhof, 20. Oktober 2012 bis 7. April 2013<br \/>\nSchriften des Theodor-Zink-Museums, Heft 26, ISBN 978-3-927754-74-4<br \/>\n<strong>12,00 EUR <\/strong><\/p>\n<hr>\n<p><strong>Als der gelbe Hund nach Kaiserslautern kam &#8211; 100 Jahre Briefmarkensammlerverein 1912 Kaiserslautern e.V.<\/strong><br \/>\nBriefmarkenausstellung mit Sonderschau im Wadgasserhof des Theodor-Zink-Museums, 13. Oktober 2012 bis 13. Januar 2013<br \/>\n Schriften des Theodor-Zink-Museums, Heft 25,<br \/>\n<strong>4,00 EUR <\/strong><\/p>\n<hr>\n<p><strong>150 Jahre Pfaff &#8211; von Kaiserslautern in die Welt<\/strong><br \/>\nhrsg. von Jens St\u00f6cker<br \/>\nAusstellung im Theodor-Zink-Museum|Wadgasserhof,  24. Mai bis 23. September 2012<br \/>\n Schriften des Theodor-Zink-Museums, Heft 24, ISBN 978-3-936036-36-7<br \/>\n<strong>12,00 Euro <\/strong><\/p>\n<hr>\n<p><strong>Ludwig Grub  1930-2007<\/strong><br \/>\nhrsg. von Marlene Jochem<br \/>\nAusstellung im Theodor-Zink-Museum|Wadgasserhof,  13. August bis 9. Oktober 2011<br \/>\nSchriften des Theodor-Zink-Museums, Heft 23, ISBN 978-3-936036-35-0<br \/>\n<strong>10,00 EUR <\/strong><\/p>\n<hr>\n<p><strong>Barbarossa Historie &#8211; Mythos &#8211; Marketing<\/strong><br \/>\nhrsg. von Marlene Jochem<br \/>\nAusstellung im Theodor-Zink-Museum|Wadgasserhof,  26. Juni bis 26. September 2010<br \/>\nSchriften des Theodor-Zink-Museums, Heft 22, ISBN 789-936036-32-9<br \/>\n<strong>10,00 EUR <\/strong><\/p>\n<hr>\n<p><strong>Enric Mestre &#8211; Keramische Skulptur<\/strong><br \/>\nhrsg. von Marlene Jochem<br \/>\nAusstellung im Theodor-Zink-Museum|Wadgasserhof, 16. Juni bis 26. September 2010<br \/>\nSchriften des Theodor-Zink-Museums, Heft 21, ISBN 978-3-936036-31-2<br \/>\n<strong>10,00 EUR <\/strong><\/p>\n<hr>\n<p><strong>Brigitte Burkhardt &#8211; Schmuck<\/strong><br \/>\nhrsg. von Marlene Jochem<br \/>\nAusstellung im Theodor-Zink-Museum|Wadgasserhof, 17. April bis 13. Juni 2010<br \/>\nSchriften des Theodor-Zink-Museums, Heft 20, ISBN 978-3-936036-30-5<br \/>\n<strong>10,00 EUR<\/strong> <\/p>\n<hr>\n<p><strong>Modern Times &#8211;  Technik zieht ein in Salon und Kontor<\/strong><br \/>\nAusstellung im Theodor-Zink-Museum|Wadgasserhof, 28. November 2009 bis 7. M\u00e4rz 2010<br \/>\nSchriften des Theodor-Zink-Museums, Heft 19, ISBN 978-3-936036-27-5<br \/>\n<strong>8,00 EUR<\/strong><\/p>\n<hr>\n<p><strong>&#8222;Faltungen Metall&#8220; &#8211;  Elisabeth Krampe<\/strong><br \/>\nhrsg. von Marlene Jochem<br \/>\nAusstellung im Theodor-Zink-Museum|Wadgasserhof,  21. November 2009 bis 14. Februar 2010<br \/>\nSchriften des Theodor-Zink-Museums, Heft 18, ISBN 978-3-936036-28-2<br \/>\n<strong>10,00 EUR<\/strong><\/p>\n<hr>\n<p><strong>&#8222;Aufbruch nach Amerika&#8220;  1709 &#8211; 2009 &#8211; 300 Jahre Massenauswanderung aus Rheinland Pfalz<\/strong><br \/>\nhrsg. von Marlene Jochem<br \/>\nAusstellung im Theodor-Zink-Museum|Wadgasssrhof,  30. April bis 2. August 2009<br \/>\nSchriften des Theodor-Zink-Museums, Heft 17, ISBN 978-3-936036-25-1<br \/>\n<strong>12,00 EUR (leider vergriffen) Aber die Schrift als <a target=\"_blank\" href=\"http:\/\/www.kaiserslautern.de\/mb\/themen\/kultur\/kunst_museen\/theodorzink\/publikationen\/pdf\/aufbruch-nach-amerika-tzm-kl.pdf\"> PDF-Datei<\/a> verf\u00fcgbar<\/strong><\/p>\n<hr>\n<p><strong>St\u00f6cker, Jens: Georg Philipp Schmitt 1808-1873. Zum 200. Geburtstag.<\/strong><br \/>\nAusstellung im Theodor-Zink-Museum|Wadgasserhof,  2. Oktober bis 14. November 2008<br \/>\nSchriften des Theodor-Zink-Museums, Heft 16, ISBN 978-3-936036-24-2<br \/>\n<strong>8,00 EUR <\/strong><\/p>\n<hr>\n<p><strong>Hans G\u00fcnther Hausen 1927 &#8211; 2004. Fotografie<\/strong><br \/>\nhrsg. von Marlene Jochem<br \/>\nAusstellung im Theodor-Zink-Museum|Wadgasserhof, 10. Mai bis 5. August 2007<br \/>\nSchriften des Theodor-Zink-Museums, Heft 15, ISBN 978-3-936036-21-3<br \/>\n<strong>16,00 EUR<\/strong><\/p>\n<hr>\n<p><strong>Jochem, Marlene u. Z\u00fcrcher, Stefan:  Hilde Greller 1906 &#8211; 2000. Zum 100. Geburtstag<\/strong><br \/>\nAusstellung im Theodor-Zink-Museum|Wadgasserhof,  11. November 2006 bis 10. Januar 2007<br \/>\nSchriften des Theodor-Zink-Museums, Heft 14, ISBN 3-936036-20-9<br \/>\n<strong>20,00 EUR<\/strong><\/p>\n<hr>\n<p><strong>Jochem, Marlene:  Trikot, Hemd und Trainingshose. Aus der Geschichte der Sportbekleidung<\/strong><br \/>\nEine Ausstellung zur Fu\u00dfballweltmeisterschaft in Kaiserslautern<br \/>\nTheodor-Zink-Museum,  7. Mai bis 30. Juli 2006<br \/>\nSchriften des Theodor-Zink-Museums, Heft 13, ISBN 3-936036-18-7<br \/>\n<strong>3,00 EUR <\/strong><\/p>\n<hr>\n<p><strong>Gross-Roath, Claudia: Kaiserslauterer Bildhauer &#8211; Zwischen Tradition und Moderne<\/strong><br \/>\nAusstellung im Theodor-Zink-Museum|Wadgasserhof,  16. Juli bis 23. Oktober 2005<br \/>\nSchriften des Theodor-Zink-Museums, Heft 12, ISBN 3-936036-15-2<br \/>\n<strong>8,00 EUR <\/strong><\/p>\n<hr>\n<p><strong>Jochem, Marlene u. Goldmann, Bernd:  Die Sprache der Dinge. Arbeiten internationaler K\u00fcnstler  aus der Lotte Reimers-Stiftung<\/strong><br \/>\nAusstellung im Theodor-Zink-Museum|Wadgasserhof,  16. April bis 12. Juni 2005<br \/>\nSchriften des Theodor-Zink-Museums, Heft 11, ISBN 3-936036-13-6<br \/>\n<strong>14,00 EUR <\/strong><\/p>\n<hr>\n<p><strong>Jochem, Marlene u. Salomon, Antje:  Hilde Greller Bunkertagebuch. Ein Skizzenbuch aus dem Kriegsjahr 1944\/45, Kaiserslautern 2005<\/strong><br \/>\nSchriften des Theodor-Zink-Museums, Heft 10, ISBN 3-936036-12-8<br \/>\n<strong>10,00 EUR <\/strong><\/p>\n<hr>\n<p><strong>&#8222;Das Leben ist \u00fcberraschend&#8230;&#8220;  Neue Arbeiten von Jochen Dewerth<\/strong><br \/>\nhrsg. von Marlene Jochem<br \/>\nAusstellung im Theodor-Zink-Museum|Wadgasserhof,  4. Dezember 2004 bis 13. Februar 2005<br \/>\nSchriften des Theodor-Zink-Museums, Heft 9, ISBN 936036-11-X   <\/p>\n<hr>\n<p><strong>Staudt, Michael u. Jochem, Marlene: continuo schwarz wei\u00df &#8211; Raumsequenzen von G\u00e9rard Koch<\/strong><br \/>\nAusstellung im Theodor-Zink-Museum zum 100j\u00e4hrigen Bestehen der Volkshochschule Kaiserslautern,  19. Juni bis 14. November 2004<br \/>\nSchriften des Theodor-Zink-Museums, Heft 8, ISBN 936036-08-X<br \/>\n<strong>10,00 EUR <\/strong><\/p>\n<hr>\n<p><strong>&#8222;geschmiedet &#8211; gegossen&#8220; Metallarbeiten von Otto Baier und Berthold Hoffmann<\/strong><br \/>\nhrsg. von Marlene Jochem<br \/>\nAusstellung im Theodor-Zink-Museum|Wadgasserhof,  17. Januar bis 7. M\u00e4rz 2004<br \/>\nSchriften des Theodor-Zink-Museums, Heft 7, ISBN 936036-06-3<br \/>\n<strong>10,00 EUR <\/strong><\/p>\n<hr>\n<p><strong>Schaarschmidt-Richter, Irmtraud:  Washi &#8211; Japanisches Papier. Handwerk und Kunst<\/strong><br \/>\nAusstellung im Theodor-Zink-Museum|Wadgasserhof,  6. September 2003 bis 4. Januar 2004<br \/>\nSchriften des Theodor-Zink-Museums, Heft 6, ISBN 936036-05-5<br \/>\n<strong>10,00 EUR <\/strong><\/p>\n<hr>\n<p><strong>Dunkel, Peter F. u. Jochem, Marlene:  Schlote, Villen, Gartenlaube &#8211; Historismus und Gr\u00fcnderjahre in Kaiserslautern<\/strong><br \/>\nAusstellung im Theodor-Zink-Museum|Wadgasserhof,  22. M\u00e4rz bis 27. Juli 2003<br \/>\nSchriften des Theodor-Zink-Museums, Heft 5, ISBN 936036-04-7<br \/>\n<strong>10,00 EUR <\/strong><\/p>\n<hr>\n<p><strong>&#8222;Ach, wer da mitreisen k\u00f6nnte..!&#8220; Eine Ausstellung zur Geschichte des Reisens, Texte zur Ausstellung Theodor-Zink-Museum<\/strong><br \/>\n1. Juni bis 1. September 2002<br \/>\n<strong>6,00 EUR <\/strong><\/p>\n<hr>\n<p><strong>Maria Schade, Elisabeth Krampe &#8211; Stoff, Papier, Metall,<\/strong><br \/>\nhrsg. von Marlene Jochem<br \/>\nAusstellung im Theodor-Zink-Museum|Wadgasserhof, 1. Dezember 2001 bis 3. Februar 2002<br \/>\nSchriften des Theodor-Zink-Museums, Heft 4, ISBN 3-936036-01-2<br \/>\n<strong>9,00 EUR <\/strong><\/p>\n<hr>\n<p><strong>Britta Bode, Thomas Naethe, Rita Ternes &#8211; Schmuck und Keramik,<\/strong><br \/>\nhrsg. von Marlene Jochem<br \/>\nAusstellung im Theodor-Zink-Museum|Wadgasserhof,  17. Oktober bis 3. Dezember 2000<br \/>\nSchriften des Theodor-Zink-Museums, Heft 3, ISBN 3-9805946-7-X<br \/>\n<strong>9,00 EUR <\/strong><\/p>\n<hr>\n<p><strong>Dunkel, Peter. F. u. Jochem, Marlene:  Masken &#8211; verbergen verwandeln beschw\u00f6ren bet\u00f6ren<\/strong><br \/>\nAusstellung im Theodor-Zink-Museum,  1. Dezember 1999 bis 12. M\u00e4rz 2000<br \/>\nSchriften des Theodor-Zink-Museums, Heft 2, ISBN 3-9805946-4-5<br \/>\n<strong>5,00 EUR <\/strong><\/p>\n<hr>\n<p><strong>Jochem, Marlene u. Dunkel, Peter F.: &#8222;und drinnen walten die Webern, die Taschern und die Karchern&#8220; B\u00fcrgerlicher Frauenalltag im Biedermeier<\/strong><br \/>\nAusstellung im Theodor-Zink-Museum|Wadgasserhof,  28. Juni bis 21. September 1997<br \/>\nSchriften des Theodor-Zink-Museums, Heft 1, ISBN 3-9805946-0-2<br \/>\n <strong>5,00 EUR <\/strong><\/p>\n","protected":false},"excerpt":{"rendered":"<p>Das Theodor-Zink-Museum gibt zu den Ausstellungen Kataloge heraus, die in der &#8222;Schriftenreihe des Theodor-Zink-Museums&#8220; erscheinen. Die Schriften und Katalogen k\u00f6nnen \u00fcber das Stadtmuseum bezogen werden. Liste der lieferbaren Titel: Eine Kamera f\u00fcr den Frieden &#8211; Fotografien 1960 bis 2015 Erika Sulzer-Kleinemeier; hrsg. von E. Sulzer-Kleinemeier Ausstellung im Theodor-Zink-Museum\/Wadgasserhof 25. Juli\u2026<\/p>\n<p> <a class=\"continue-reading-link\" href=\"https:\/\/stadtmuseum-kl.de\/?page_id=70\"><span>mehr &#8230;<\/span><i class=\"crycon-right-dir\"><\/i><\/a> <\/p>\n","protected":false},"author":1,"featured_media":0,"parent":26,"menu_order":1,"comment_status":"closed","ping_status":"closed","template":"templates\/template-twocolumns-right.php","meta":[],"_links":{"self":[{"href":"https:\/\/stadtmuseum-kl.de\/index.php?rest_route=\/wp\/v2\/pages\/70"}],"collection":[{"href":"https:\/\/stadtmuseum-kl.de\/index.php?rest_route=\/wp\/v2\/pages"}],"about":[{"href":"https:\/\/stadtmuseum-kl.de\/index.php?rest_route=\/wp\/v2\/types\/page"}],"author":[{"embeddable":true,"href":"https:\/\/stadtmuseum-kl.de\/index.php?rest_route=\/wp\/v2\/users\/1"}],"replies":[{"embeddable":true,"href":"https:\/\/stadtmuseum-kl.de\/index.php?rest_route=%2Fwp%2Fv2%2Fcomments&post=70"}],"version-history":[{"count":17,"href":"https:\/\/stadtmuseum-kl.de\/index.php?rest_route=\/wp\/v2\/pages\/70\/revisions"}],"predecessor-version":[{"id":556,"href":"https:\/\/stadtmuseum-kl.de\/index.php?rest_route=\/wp\/v2\/pages\/70\/revisions\/556"}],"up":[{"embeddable":true,"href":"https:\/\/stadtmuseum-kl.de\/index.php?rest_route=\/wp\/v2\/pages\/26"}],"wp:attachment":[{"href":"https:\/\/stadtmuseum-kl.de\/index.php?rest_route=%2Fwp%2Fv2%2Fmedia&parent=70"}],"curies":[{"name":"wp","href":"https:\/\/api.w.org\/{rel}","templated":true}]}}